{"id":571298,"date":"2025-03-04T07:31:31","date_gmt":"2025-03-04T06:31:31","guid":{"rendered":"https:\/\/shop.kustom.ch\/?post_type=product&#038;p=571298"},"modified":"2026-03-31T07:58:45","modified_gmt":"2026-03-31T06:58:45","slug":"t-shirt-safe-supreme","status":"publish","type":"product","link":"https:\/\/shop.kustom.ch\/fr\/produit\/t-shirt-safe-supreme\/","title":{"rendered":"T-shirt SAFE SUPREME"},"content":{"rendered":"<p>Premium. Fluorescent et avec des reflets obliques. Bicolore, avec des couleurs vives. Coupe moderne. Coton agr\u00e9able \u00e0 l'int\u00e9rieur et polyester r\u00e9sistant \u00e0 l'ext\u00e9rieur. Les reflets sont \u00e9lastiques. Encolure ronde. Bords c\u00f4tes au cou. Bandeau de cou. Ventilation en filet sous les manches.<\/p>\n<p>OEKO-TEX\u00ae STANDARD 100 ; EN ISO 20471 - Classe 2 ; Hi-Vis Groupe C ; EN 13758-2 UPF 40+<br \/>\n50% Coton\/50% Polyester<br \/>\nTricot au m\u00e8tre. Peut r\u00e9tr\u00e9cir jusqu'\u00e0 5%. Le produit est certifi\u00e9 selon la norme EN ISO 20471 pour conserver ses propri\u00e9t\u00e9s pendant 50 lavages \u00e0 domicile.<br \/>\n170 g\/m<br \/>\nLavage d\u00e9licat, max 60\u00b0 C ; Ne pas blanchir ; Ne pas s\u00e9cher au s\u00e8che-linge ; Repasser \u00e0 basse temp\u00e9rature, max 100\u00b0 C ; Supporte le nettoyage normal<\/p>\n<p><a href=\"https:\/\/mascotsitecore-1ccb8.kxcdn.com\/pdf\/50127-933-14010-de.pdf\" target=\"_blank\" rel=\"noopener\"><u>Ouvrir la fiche produit<\/u><\/a><\/p>","protected":false},"excerpt":{"rendered":"<ul>\n<li>Ce tissu est compos\u00e9 de polyester \u00e0 l'ext\u00e9rieur pour plus de r\u00e9sistance et de solidit\u00e9 des couleurs et de coton \u00e0 l'int\u00e9rieur pour plus de confort.<\/li>\n<li>Coupe moderne, pr\u00e8s du corps, offrant une grande libert\u00e9 de mouvement.<\/li>\n<li>Ouvertures de ventilation sous les bras.<\/li>\n<li>Plus de libert\u00e9 de mouvement gr\u00e2ce \u00e0 des r\u00e9flexes \u00e9lastiques.<\/li>\n<\/ul>","protected":false},"featured_media":571327,"template":"","meta":[],"product_brand":[],"product_cat":[4201],"product_tag":[],"class_list":{"0":"post-571298","1":"product","2":"type-product","3":"status-publish","4":"has-post-thumbnail","6":"product_cat-t-shirts","7":"pa_brand-mascot","8":"pa_brand-type-workwear","9":"pa_filter-color-blau","10":"pa_filter-color-gelb","11":"pa_filter-color-grau","12":"pa_filter-color-orange","13":"pa_filter-color-rot","14":"pa_filter-color-schwarz","16":"first","17":"instock","18":"sale","19":"taxable","20":"shipping-taxable","21":"purchasable","22":"product-type-variable","23":"add-to-wishlist-before_image"},"exclude_global_add_ons":[],"addons":[],"acf":[],"_links":{"self":[{"href":"https:\/\/shop.kustom.ch\/fr\/wp-json\/wp\/v2\/product\/571298"}],"collection":[{"href":"https:\/\/shop.kustom.ch\/fr\/wp-json\/wp\/v2\/product"}],"about":[{"href":"https:\/\/shop.kustom.ch\/fr\/wp-json\/wp\/v2\/types\/product"}],"wp:featuredmedia":[{"embeddable":true,"href":"https:\/\/shop.kustom.ch\/fr\/wp-json\/wp\/v2\/media\/571327"}],"wp:attachment":[{"href":"https:\/\/shop.kustom.ch\/fr\/wp-json\/wp\/v2\/media?parent=571298"}],"wp:term":[{"taxonomy":"product_brand","embeddable":true,"href":"https:\/\/shop.kustom.ch\/fr\/wp-json\/wp\/v2\/product_brand?post=571298"},{"taxonomy":"product_cat","embeddable":true,"href":"https:\/\/shop.kustom.ch\/fr\/wp-json\/wp\/v2\/product_cat?post=571298"},{"taxonomy":"product_tag","embeddable":true,"href":"https:\/\/shop.kustom.ch\/fr\/wp-json\/wp\/v2\/product_tag?post=571298"}],"curies":[{"name":"wp","href":"https:\/\/api.w.org\/{rel}","templated":true}]}}