{"id":571088,"date":"2025-03-04T07:29:29","date_gmt":"2025-03-04T06:29:29","guid":{"rendered":"https:\/\/shop.kustom.ch\/?post_type=product&#038;p=571088"},"modified":"2026-03-31T07:58:10","modified_gmt":"2026-03-31T06:58:10","slug":"winterjacke-safe-supreme-2","status":"publish","type":"product","link":"https:\/\/shop.kustom.ch\/fr\/produit\/winterjacke-safe-supreme-2\/","title":{"rendered":"Veste d'hiver SAFE SUPREME"},"content":{"rendered":"<p>Forme adapt\u00e9e aux femmes. Fluorescent et avec des reflets obliques. De couleur unie. Respirant, coupe-vent et imperm\u00e9able. Coutures coll\u00e9es. Matelass\u00e9e. Doublure en piqu\u00e9 dans les manches. Col montant avec bord-c\u00f4te \u00e0 l'int\u00e9rieur. Capuche amovible, doubl\u00e9e et munie de cordons \u00e9lastiques r\u00e9glables. Stabilisation r\u00e9glable de chaque c\u00f4t\u00e9 de la capuche. Fermeture par zip et rabat de protection contre les intemp\u00e9ries avec boutons-pression. Poches avec fermeture \u00e9clair sous la bande de protection contre les intemp\u00e9ries. Poche zipp\u00e9e sous la bande de protection contre les intemp\u00e9ries, pouvant accueillir une tablette de 9,4 pouces. Anneau en D. Les manches ergonomiques permettent une grande libert\u00e9 de mouvement. Poches avant avec fermeture \u00e0 glissi\u00e8re. Cordon de serrage r\u00e9glable \u00e0 l'int\u00e9rieur au niveau des hanches. Fermeture \u00e0 glissi\u00e8re dans la doublure au dos pour apposer un logo\/une broderie. Le dos est allong\u00e9. Poignets c\u00f4tel\u00e9s (cach\u00e9s sous la patte de protection contre les intemp\u00e9ries) et fermeture \u00e0 bouton-pression aux poignets.<\/p>\n<p>OEKO-TEX\u00ae STANDARD 100 ; EN ISO 20471 - classe 3 ; EN 343 3\/1 ; EN 342 3\/WP (1.96 clo) ; Hi-Vis groupe A<br \/>\n100% Polyester<br \/>\nRipstop (tissu \u00e0 mailles serr\u00e9es). Colonne d'eau &gt; 10.000 mm selon EN ISO 811. Le produit est certifi\u00e9 selon EN ISO 20471 pour conserver ses propri\u00e9t\u00e9s pendant 50 lavages \u00e0 domicile.<br \/>\n210 g\/m\u00b2 (1,5 lb)<br \/>\nLavage de couleur, max. 60\u00b0 C ; Ne pas blanchir ; Ne pas s\u00e9cher au s\u00e8che-linge ; Ne pas repasser ; Supporte le nettoyage normal<\/p>\n<p><a href=\"https:\/\/mascotsitecore-1ccb8.kxcdn.com\/pdf\/18545-231-14-de.pdf\" target=\"_blank\" rel=\"noopener\"><u>Ouvrir la fiche produit<\/u><\/a><\/p>","protected":false},"excerpt":{"rendered":"<ul>\n<li>Sp\u00e9cialement con\u00e7u pour les femmes, avec une coupe cintr\u00e9e.<\/li>\n<li>Protection suppl\u00e9mentaire contre le froid gr\u00e2ce au dos rallong\u00e9.<\/li>\n<li>Respirant, \u00e9tanche au vent et \u00e0 l'eau avec coutures scell\u00e9es.<\/li>\n<li>Grande poche sous la barre de protection contre les intemp\u00e9ries, par exemple pour une tablette, accessible sans ouvrir la veste.<\/li>\n<li>Manches ergonomiques form\u00e9es en fonction des mouvements naturels des bras.<\/li>\n<li>Ajustement individuel par r\u00e9glage \u00e0 l'ourlet.<\/li>\n<\/ul>","protected":false},"featured_media":571132,"template":"","meta":[],"product_brand":[],"product_cat":[4186],"product_tag":[],"class_list":{"0":"post-571088","1":"product","2":"type-product","3":"status-publish","4":"has-post-thumbnail","6":"product_cat-jacken","7":"pa_brand-mascot","8":"pa_brand-type-workwear","9":"pa_filter-color-gelb","10":"pa_filter-color-orange","11":"pa_filter-color-rot","13":"first","14":"instock","15":"sale","16":"taxable","17":"shipping-taxable","18":"purchasable","19":"product-type-variable","20":"add-to-wishlist-before_image"},"exclude_global_add_ons":[],"addons":[],"acf":[],"_links":{"self":[{"href":"https:\/\/shop.kustom.ch\/fr\/wp-json\/wp\/v2\/product\/571088"}],"collection":[{"href":"https:\/\/shop.kustom.ch\/fr\/wp-json\/wp\/v2\/product"}],"about":[{"href":"https:\/\/shop.kustom.ch\/fr\/wp-json\/wp\/v2\/types\/product"}],"wp:featuredmedia":[{"embeddable":true,"href":"https:\/\/shop.kustom.ch\/fr\/wp-json\/wp\/v2\/media\/571132"}],"wp:attachment":[{"href":"https:\/\/shop.kustom.ch\/fr\/wp-json\/wp\/v2\/media?parent=571088"}],"wp:term":[{"taxonomy":"product_brand","embeddable":true,"href":"https:\/\/shop.kustom.ch\/fr\/wp-json\/wp\/v2\/product_brand?post=571088"},{"taxonomy":"product_cat","embeddable":true,"href":"https:\/\/shop.kustom.ch\/fr\/wp-json\/wp\/v2\/product_cat?post=571088"},{"taxonomy":"product_tag","embeddable":true,"href":"https:\/\/shop.kustom.ch\/fr\/wp-json\/wp\/v2\/product_tag?post=571088"}],"curies":[{"name":"wp","href":"https:\/\/api.w.org\/{rel}","templated":true}]}}