{"id":571025,"date":"2025-03-04T07:28:53","date_gmt":"2025-03-04T06:28:53","guid":{"rendered":"https:\/\/shop.kustom.ch\/?post_type=product&#038;p=571025"},"modified":"2026-03-31T07:57:50","modified_gmt":"2026-03-31T06:57:50","slug":"dreiviertel-hose-mit-knietaschen-safe-supreme","status":"publish","type":"product","link":"https:\/\/shop.kustom.ch\/fr\/produit\/dreiviertel-hose-mit-knietaschen-safe-supreme\/","title":{"rendered":"Pantalon trois-quarts avec poches genouill\u00e8res SAFE SUPREME"},"content":{"rendered":"<p>Fluorescent avec des reflets. De couleur unie. Le traitement de surface rend le produit r\u00e9sistant \u00e0 la salet\u00e9. Triples coutures rabattues sur les jambes et \u00e0 l'entrejambe. Les jambes du pantalon ont une forme ergonomique. Taille basse et ceinture moul\u00e9e. Passants de ceinture. Braguette avec fermeture \u00e0 glissi\u00e8re. Anneau en D. Poches avant avec renforts. Poches arri\u00e8re renforc\u00e9es, avec rabat et boutons-pression cach\u00e9s. Passant pour marteau, r\u00e9glable. Poche sur la cuisse avec renforts et poches suppl\u00e9mentaires - une poche pour t\u00e9l\u00e9phone portable \u00e0 l'int\u00e9rieur et une poche pour t\u00e9l\u00e9phone portable \u00e0 l'ext\u00e9rieur avec rabat et fermeture magn\u00e9tique. Poche pour m\u00e8tre pliant. Poches genouill\u00e8res en CORDURA\u00ae (500 D) r\u00e9sistant \u00e0 l'usure. Pour ce mod\u00e8le, nous recommandons la protection des genoux suivante : 00418-100. Certifi\u00e9e avec les genouill\u00e8res de type SHORT selon EN 14404.<\/p>\n<p>OEKO-TEX\u00ae STANDARD 100 ; EN ISO 20471 - classe 2 ; Hi-Vis groupe X ; ProWash\u00ae - EN ISO 15797<br \/>\n65% polyester\/35% coton<br \/>\nLe serg\u00e9. Ne pas faire tremper. Laver s\u00e9par\u00e9ment. Le produit est certifi\u00e9 comme conservant ses propri\u00e9t\u00e9s apr\u00e8s 50 lavages \u00e0 domicile ou 50 lavages industriels. L'entretien selon les instructions de lavage r\u00e9active le rev\u00eatement antisalissure dans le s\u00e8che-linge.<br \/>\n290 g\/m<br \/>\nLavage couleur, max. 60\u00b0 C ; Pas de blanchiment ; Supporte le s\u00e8che-linge - temp\u00e9rature de d\u00e9part max. 80\u00b0 C ; Repassage \u00e0 basse temp\u00e9rature, max. 100\u00b0 C ; Supporte le nettoyage normal<\/p>\n<p><a href=\"https:\/\/mascotsitecore-1ccb8.kxcdn.com\/pdf\/17549-860-14-de.pdf\" target=\"_blank\" rel=\"noopener\"><u>Ouvrir la fiche produit<\/u><\/a><\/p>","protected":false},"excerpt":{"rendered":"<ul>\n<li>Des coutures r\u00e9sistantes \u00e0 triple rabattage sur les jambes et \u00e0 l'entrejambe prolongent la dur\u00e9e de vie du produit.<\/li>\n<li>Le traitement de surface rend le produit r\u00e9sistant \u00e0 la salet\u00e9 et assure une grande visibilit\u00e9.<\/li>\n<li>La taille basse avec une ceinture moul\u00e9e fait en sorte que le pantalon suive tous les mouvements du corps.<\/li>\n<li>Jambes de pantalons ergonomiques, form\u00e9es selon les mouvements naturels du corps.<\/li>\n<li>Poches genouill\u00e8res avec acc\u00e8s par le bas pour \u00e9viter l'accumulation de salet\u00e9s.<\/li>\n<li>Le produit est adapt\u00e9 au lavage industriel.<\/li>\n<li>Certifi\u00e9 pour une utilisation avec le type de genouill\u00e8re MASCOT, SHORT.<\/li>\n<\/ul>","protected":false},"featured_media":571067,"template":"","meta":[],"product_brand":[],"product_cat":[4185],"product_tag":[],"class_list":{"0":"post-571025","1":"product","2":"type-product","3":"status-publish","4":"has-post-thumbnail","6":"product_cat-hosen","7":"pa_brand-mascot","8":"pa_brand-type-workwear","9":"pa_filter-color-gelb","10":"pa_filter-color-orange","12":"first","13":"instock","14":"sale","15":"taxable","16":"shipping-taxable","17":"purchasable","18":"product-type-variable","19":"add-to-wishlist-before_image"},"exclude_global_add_ons":[],"addons":[],"acf":[],"_links":{"self":[{"href":"https:\/\/shop.kustom.ch\/fr\/wp-json\/wp\/v2\/product\/571025"}],"collection":[{"href":"https:\/\/shop.kustom.ch\/fr\/wp-json\/wp\/v2\/product"}],"about":[{"href":"https:\/\/shop.kustom.ch\/fr\/wp-json\/wp\/v2\/types\/product"}],"wp:featuredmedia":[{"embeddable":true,"href":"https:\/\/shop.kustom.ch\/fr\/wp-json\/wp\/v2\/media\/571067"}],"wp:attachment":[{"href":"https:\/\/shop.kustom.ch\/fr\/wp-json\/wp\/v2\/media?parent=571025"}],"wp:term":[{"taxonomy":"product_brand","embeddable":true,"href":"https:\/\/shop.kustom.ch\/fr\/wp-json\/wp\/v2\/product_brand?post=571025"},{"taxonomy":"product_cat","embeddable":true,"href":"https:\/\/shop.kustom.ch\/fr\/wp-json\/wp\/v2\/product_cat?post=571025"},{"taxonomy":"product_tag","embeddable":true,"href":"https:\/\/shop.kustom.ch\/fr\/wp-json\/wp\/v2\/product_tag?post=571025"}],"curies":[{"name":"wp","href":"https:\/\/api.w.org\/{rel}","templated":true}]}}