{"id":570912,"date":"2025-03-04T07:27:31","date_gmt":"2025-03-04T06:27:31","guid":{"rendered":"https:\/\/shop.kustom.ch\/?post_type=product&#038;p=570912"},"modified":"2026-03-31T07:57:27","modified_gmt":"2026-03-31T06:57:27","slug":"winterhose-safe-supreme","status":"publish","type":"product","link":"https:\/\/shop.kustom.ch\/fr\/produit\/winterhose-safe-supreme\/","title":{"rendered":"Pantalon d'hiver SAFE SUPREME"},"content":{"rendered":"<p>Fluorescent et avec des reflets obliques. Respirant, imperm\u00e9able au vent et \u00e0 l'eau. Les coutures sont coll\u00e9es. Doublure en tissu matelass\u00e9. Taille sur\u00e9lev\u00e9e \u00e0 l'arri\u00e8re, pour une meilleure protection contre le froid. Passants pour la ceinture. Anneau en D. Braguette avec fermeture \u00e0 glissi\u00e8re. Poches sur le devant. Poches arri\u00e8re renforc\u00e9es, avec rabat et boutons-pression cach\u00e9s. Poche sur la cuisse avec renforts et poches suppl\u00e9mentaires - une poche pour t\u00e9l\u00e9phone portable \u00e0 l'int\u00e9rieur et une poche pour t\u00e9l\u00e9phone portable \u00e0 l'ext\u00e9rieur avec rabat et fermeture magn\u00e9tique. Poche pour m\u00e8tre pliant. Poches genouill\u00e8res r\u00e9glables en hauteur avec rabat et acc\u00e8s par le haut. Pare-neige \u00e0 l'int\u00e9rieur des jambes. Fermeture \u00e9clair avec bande de protection contre les intemp\u00e9ries \u00e0 l'ext\u00e9rieur des jambes. Pour ce mod\u00e8le, nous recommandons les protections de genoux suivantes : 00418-100, 00718-100, 50451-916 ou 20118-915. Certifi\u00e9 avec le type de genouill\u00e8re SHORT ou LONG selon EN 14404.<\/p>\n<p>OEKO-TEX\u00ae STANDARD 100 ; EN ISO 20471 - classe 2 ; Hi-Vis groupe Y ; EN 343 3\/1 ; EN 342 3\/WP (1.96 clo)<br \/>\n100% Polyester<br \/>\nRipstop (tissu \u00e0 mailles serr\u00e9es). Colonne d'eau &gt; 10.000 mm selon EN ISO 811. Le produit est certifi\u00e9 selon EN ISO 20471 pour conserver ses propri\u00e9t\u00e9s pendant 50 lavages \u00e0 domicile.<br \/>\n210 g\/m\u00b2 (1,5 lb)<br \/>\nLavage de couleur, max. 60\u00b0 C ; Ne pas blanchir ; Ne pas s\u00e9cher au s\u00e8che-linge ; Ne pas repasser ; Supporte le nettoyage normal<\/p>\n<p><a href=\"https:\/\/mascotsitecore-1ccb8.kxcdn.com\/pdf\/15690-231-14-de.pdf\" target=\"_blank\" rel=\"noopener\"><u>Ouvrir la fiche produit<\/u><\/a><\/p>","protected":false},"excerpt":{"rendered":"<ul>\n<li>La jupe pare-neige \u00e0 l'int\u00e9rieur de la jambe maintient la neige et la salet\u00e9 \u00e0 l'ext\u00e9rieur.<\/li>\n<li>Taille nettement plus haute \u00e0 l'arri\u00e8re et ceinture l\u00e9g\u00e8rement sur\u00e9lev\u00e9e et confortable jusqu'au ventre.<\/li>\n<li>Fermeture \u00e9clair extra-longue avec bande de protection contre les intemp\u00e9ries \u00e0 l'ext\u00e9rieur de la jambe, pour une utilisation facile avec des bottes.<\/li>\n<li>Poches genouill\u00e8res avec acc\u00e8s par le haut et rabat pour \u00e9viter l'accumulation de salet\u00e9s.<\/li>\n<li>Respirant, \u00e9tanche au vent et \u00e0 l'eau avec coutures scell\u00e9es.<\/li>\n<li>Certifi\u00e9 pour une utilisation avec les genouill\u00e8res MASCOT de type SHORT ou LONG, car la poche de genouill\u00e8re est r\u00e9glable en hauteur.<\/li>\n<\/ul>","protected":false},"featured_media":570918,"template":"","meta":[],"product_brand":[],"product_cat":[4185],"product_tag":[],"class_list":{"0":"post-570912","1":"product","2":"type-product","3":"status-publish","4":"has-post-thumbnail","6":"product_cat-hosen","7":"pa_brand-mascot","8":"pa_brand-type-workwear","9":"pa_filter-color-gelb","10":"pa_filter-color-orange","11":"pa_filter-color-rot","13":"first","14":"instock","15":"sale","16":"taxable","17":"shipping-taxable","18":"purchasable","19":"product-type-variable","20":"add-to-wishlist-before_image"},"exclude_global_add_ons":[],"addons":[],"acf":[],"_links":{"self":[{"href":"https:\/\/shop.kustom.ch\/fr\/wp-json\/wp\/v2\/product\/570912"}],"collection":[{"href":"https:\/\/shop.kustom.ch\/fr\/wp-json\/wp\/v2\/product"}],"about":[{"href":"https:\/\/shop.kustom.ch\/fr\/wp-json\/wp\/v2\/types\/product"}],"wp:featuredmedia":[{"embeddable":true,"href":"https:\/\/shop.kustom.ch\/fr\/wp-json\/wp\/v2\/media\/570918"}],"wp:attachment":[{"href":"https:\/\/shop.kustom.ch\/fr\/wp-json\/wp\/v2\/media?parent=570912"}],"wp:term":[{"taxonomy":"product_brand","embeddable":true,"href":"https:\/\/shop.kustom.ch\/fr\/wp-json\/wp\/v2\/product_brand?post=570912"},{"taxonomy":"product_cat","embeddable":true,"href":"https:\/\/shop.kustom.ch\/fr\/wp-json\/wp\/v2\/product_cat?post=570912"},{"taxonomy":"product_tag","embeddable":true,"href":"https:\/\/shop.kustom.ch\/fr\/wp-json\/wp\/v2\/product_tag?post=570912"}],"curies":[{"name":"wp","href":"https:\/\/api.w.org\/{rel}","templated":true}]}}