{"id":570320,"date":"2025-03-04T07:16:34","date_gmt":"2025-03-04T06:16:34","guid":{"rendered":"https:\/\/shop.kustom.ch\/?post_type=product&#038;p=570320"},"modified":"2026-03-31T07:56:54","modified_gmt":"2026-03-31T06:56:54","slug":"latzhose-mit-knietaschen-safe-supreme-2","status":"publish","type":"product","link":"https:\/\/shop.kustom.ch\/fr\/produit\/latzhose-mit-knietaschen-safe-supreme-2\/","title":{"rendered":"Salopette avec poches genouill\u00e8res SAFE SUPREME"},"content":{"rendered":"<p>Couleur contrast\u00e9e fluorescente et avec des reflets. Le traitement de surface rend le produit r\u00e9sistant \u00e0 la salet\u00e9. Bicolore, il est tr\u00e8s r\u00e9sistant. Triples coutures rabattues sur les jambes et \u00e0 l'entrejambe. Les jambes du pantalon ont une forme ergonomique. Bretelles en tissu, r\u00e9glables, avec un \u00e9lastique court et solide et des boucles en plastique. Les extr\u00e9mit\u00e9s des bretelles peuvent \u00eatre rang\u00e9es \u00e0 l'aide de petites boucles. Poche bavette avec ouverture pour stylo \u00e0 bille, poche pour t\u00e9l\u00e9phone portable avec fermeture \u00e9clair et rabat avec boutons-pression cach\u00e9s. La taille est r\u00e9glable. Passants pour ceinture. Braguette avec fermeture \u00e9clair. Anneau en D. Poches avant avec renforts. Poches arri\u00e8re renforc\u00e9es, avec rabat et boutons-pression cach\u00e9s. Passant pour marteau, r\u00e9glable. Poche sur la cuisse avec renforts et poches suppl\u00e9mentaires - une poche pour t\u00e9l\u00e9phone portable \u00e0 l'int\u00e9rieur et une poche pour t\u00e9l\u00e9phone portable \u00e0 l'ext\u00e9rieur avec rabat et fermeture magn\u00e9tique. Poche m\u00e8tre avec bord renforc\u00e9 en tissu CORDURA\u00ae. Poches genouill\u00e8res en CORDURA\u00ae (500 D) r\u00e9sistant \u00e0 l'usure, r\u00e9glables en hauteur et avec rabat et acc\u00e8s par le haut. Bandes r\u00e9fl\u00e9chissantes verticales \u00e0 l'ext\u00e9rieur des jambes pour une meilleure visibilit\u00e9. L'entrejambe peut \u00eatre rallong\u00e9 de 3 cm en coupant la couture rouge \u00e0 l'int\u00e9rieur du bas de jambe. Pour ce mod\u00e8le, nous recommandons les genouill\u00e8res suivantes : 00418-100, 00718-100, 50451-916 ou 20118-915. Certifi\u00e9 avec les genouill\u00e8res de type SHORT ou LONG selon EN 14404.<\/p>\n<p>OEKO-TEX\u00ae STANDARD 100 ; EN ISO 20471 - classe 1 ; Hi-Vis groupe Z ; ProWash\u00ae - EN ISO 15797<br \/>\n65% polyester\/35% coton<br \/>\nLe serg\u00e9. Ne pas faire tremper. Laver s\u00e9par\u00e9ment. Le produit est certifi\u00e9 comme conservant ses propri\u00e9t\u00e9s apr\u00e8s 50 lavages \u00e0 domicile ou 50 lavages industriels. L'entretien selon les instructions de lavage r\u00e9active le rev\u00eatement antisalissure dans le s\u00e8che-linge.<br \/>\n290 g\/m<br \/>\nLavage couleur, max. 60\u00b0 C ; Pas de blanchiment ; Supporte le s\u00e8che-linge - temp\u00e9rature de d\u00e9part max. 80\u00b0 C ; Repassage \u00e0 basse temp\u00e9rature, max. 100\u00b0 C ; Supporte le nettoyage normal<\/p>\n<p><a href=\"https:\/\/mascotsitecore-1ccb8.kxcdn.com\/pdf\/15669-860-01014-de.pdf\" target=\"_blank\" rel=\"noopener\"><u>Ouvrir la fiche produit<\/u><\/a><\/p>","protected":false},"excerpt":{"rendered":"<ul>\n<li>Des coutures r\u00e9sistantes \u00e0 triple rabattage sur les jambes et \u00e0 l'entrejambe prolongent la dur\u00e9e de vie du produit.<\/li>\n<li>Le traitement de surface rend le produit r\u00e9sistant \u00e0 la salet\u00e9 et assure une grande visibilit\u00e9.<\/li>\n<li>Allongement facile du pantalon de 3 cm, en coupant la couture rouge \u00e0 l'int\u00e9rieur.<\/li>\n<li>Poches genouill\u00e8res en tissu CORDURA\u00ae r\u00e9sistant, acc\u00e8s \u00e0 la protection du genou par le haut - avec fermeture velcro sur le bord ext\u00e9rieur de la face int\u00e9rieure du rabat, pour \u00e9viter de rester accroch\u00e9 \u00e0 des leviers ou autres.<\/li>\n<li>Jambes de pantalons ergonomiques, form\u00e9es selon les mouvements naturels du corps.<\/li>\n<li>Le produit est adapt\u00e9 au lavage industriel.<\/li>\n<li>Certifi\u00e9 pour une utilisation avec les genouill\u00e8res MASCOT de type SHORT ou LONG, car la poche de genouill\u00e8re est r\u00e9glable en hauteur.<\/li>\n<\/ul>","protected":false},"featured_media":570340,"template":"","meta":[],"product_brand":[],"product_cat":[10448],"product_tag":[],"class_list":{"0":"post-570320","1":"product","2":"type-product","3":"status-publish","4":"has-post-thumbnail","6":"product_cat-latzhose","7":"pa_brand-mascot","8":"pa_brand-type-workwear","9":"pa_filter-color-gelb","10":"pa_filter-color-grau","11":"pa_filter-color-orange","12":"pa_filter-color-rot","13":"pa_filter-color-schwarz","15":"first","16":"instock","17":"sale","18":"taxable","19":"shipping-taxable","20":"purchasable","21":"product-type-variable","22":"add-to-wishlist-before_image"},"exclude_global_add_ons":[],"addons":[],"acf":[],"_links":{"self":[{"href":"https:\/\/shop.kustom.ch\/fr\/wp-json\/wp\/v2\/product\/570320"}],"collection":[{"href":"https:\/\/shop.kustom.ch\/fr\/wp-json\/wp\/v2\/product"}],"about":[{"href":"https:\/\/shop.kustom.ch\/fr\/wp-json\/wp\/v2\/types\/product"}],"wp:featuredmedia":[{"embeddable":true,"href":"https:\/\/shop.kustom.ch\/fr\/wp-json\/wp\/v2\/media\/570340"}],"wp:attachment":[{"href":"https:\/\/shop.kustom.ch\/fr\/wp-json\/wp\/v2\/media?parent=570320"}],"wp:term":[{"taxonomy":"product_brand","embeddable":true,"href":"https:\/\/shop.kustom.ch\/fr\/wp-json\/wp\/v2\/product_brand?post=570320"},{"taxonomy":"product_cat","embeddable":true,"href":"https:\/\/shop.kustom.ch\/fr\/wp-json\/wp\/v2\/product_cat?post=570320"},{"taxonomy":"product_tag","embeddable":true,"href":"https:\/\/shop.kustom.ch\/fr\/wp-json\/wp\/v2\/product_tag?post=570320"}],"curies":[{"name":"wp","href":"https:\/\/api.w.org\/{rel}","templated":true}]}}