{"id":569507,"date":"2025-03-04T07:03:56","date_gmt":"2025-03-04T06:03:56","guid":{"rendered":"https:\/\/shop.kustom.ch\/?post_type=product&#038;p=569507"},"modified":"2026-03-31T07:55:28","modified_gmt":"2026-03-31T06:55:28","slug":"winterjacke-safe-supreme","status":"publish","type":"product","link":"https:\/\/shop.kustom.ch\/fr\/produit\/winterjacke-safe-supreme\/","title":{"rendered":"Veste d'hiver SAFE SUPREME"},"content":{"rendered":"<p>Fluorescent et avec des bandes r\u00e9fl\u00e9chissantes sur les \u00e9paules et des reflets obliques. Bicolore, elle est tr\u00e8s confortable. Respirant, imperm\u00e9able au vent et \u00e0 l'eau. Les coutures sont coll\u00e9es. Matelass\u00e9e. Doublure en piqu\u00e9 dans les manches. Col montant. Col int\u00e9rieur en tricot. Capuche amovible, doubl\u00e9e et r\u00e9glable avec des \u00e9lastiques pour pouvoir la mettre sur un casque. Stabilisation r\u00e9glable de chaque c\u00f4t\u00e9 de la capuche. Fermeture par zip et rabat de protection contre les intemp\u00e9ries avec boutons-pression. Poches int\u00e9rieures zipp\u00e9es sous la bande de protection contre les intemp\u00e9ries - l'une d'entre elles est sp\u00e9cialement con\u00e7ue pour les t\u00e9l\u00e9phones portables, avec une ouverture et des boucles pour le c\u00e2ble des \u00e9couteurs. Poche zipp\u00e9e sous la bande de protection contre les intemp\u00e9ries, pouvant accueillir une tablette de 9,4 pouces. Poche de poitrine avec fermeture \u00e0 glissi\u00e8re. Poche de poitrine avec rabat et bouton-pression. Anneau en D. Les manches \u00e0 la coupe ergonomique permettent une grande libert\u00e9 de mouvement. Poches avant avec fermeture \u00e9clair. Cordon de serrage r\u00e9glable \u00e0 l'int\u00e9rieur au niveau des hanches. Fermeture \u00e0 glissi\u00e8re dans la doublure au dos pour y apposer un logo\/une broderie. Le dos est allong\u00e9. Poche \u00e0 crayons \u00e9tanche. Poignets c\u00f4tel\u00e9s (cach\u00e9s sous la bande de protection contre les intemp\u00e9ries). Poignets avec renforts en tissu CORDURA\u00ae et fermeture \u00e0 boutons-pression.<\/p>\n<p>OEKO-TEX\u00ae STANDARD 100 ; EN ISO 20471 - classe 3 ; Hi-Vis groupe A ; EN 343 3\/1 ; EN 342 3\/WP (1.96 clo)<br \/>\n100% Polyester<br \/>\nRipstop (tissu \u00e0 mailles serr\u00e9es). Colonne d'eau &gt; 10.000 mm selon EN ISO 811. Le produit est certifi\u00e9 selon EN ISO 20471 pour conserver ses propri\u00e9t\u00e9s pendant 50 lavages \u00e0 domicile.<br \/>\n210 g\/m\u00b2 (1,5 lb)<br \/>\nLavage de couleur, max. 60\u00b0 C ; Ne pas blanchir ; Ne pas s\u00e9cher au s\u00e8che-linge ; Ne pas repasser ; Supporte le nettoyage normal<\/p>\n<p><a href=\"https:\/\/mascotsitecore-1ccb8.kxcdn.com\/pdf\/15535-231-14010-de.pdf\" target=\"_blank\" rel=\"noopener\"><u>Ouvrir la fiche produit<\/u><\/a><\/p>","protected":false},"excerpt":{"rendered":"<ul>\n<li>Protection suppl\u00e9mentaire contre le froid gr\u00e2ce au dos rallong\u00e9.<\/li>\n<li>Des reflets suppl\u00e9mentaires dans le dos assurent une meilleure visibilit\u00e9 de l'arri\u00e8re.<\/li>\n<li>L'utilisation r\u00e9sistante de tissu CORDURA\u00ae \u00e0 l'extr\u00e9mit\u00e9 des manches prolonge la dur\u00e9e de vie du produit.<\/li>\n<li>Le tissu fonc\u00e9 est plac\u00e9 \u00e0 l'endroit o\u00f9 le produit est le plus souvent expos\u00e9 \u00e0 la salet\u00e9.<\/li>\n<li>Respirant, \u00e9tanche au vent et \u00e0 l'eau avec coutures scell\u00e9es.<\/li>\n<\/ul>","protected":false},"featured_media":569558,"template":"","meta":[],"product_brand":[],"product_cat":[4186],"product_tag":[],"class_list":{"0":"post-569507","1":"product","2":"type-product","3":"status-publish","4":"has-post-thumbnail","6":"product_cat-jacken","7":"pa_brand-mascot","8":"pa_brand-type-workwear","9":"pa_filter-color-blau","10":"pa_filter-color-gelb","11":"pa_filter-color-grau","12":"pa_filter-color-orange","13":"pa_filter-color-rot","14":"pa_filter-color-schwarz","16":"first","17":"instock","18":"sale","19":"taxable","20":"shipping-taxable","21":"purchasable","22":"product-type-variable","23":"add-to-wishlist-before_image"},"exclude_global_add_ons":[],"addons":[],"acf":[],"_links":{"self":[{"href":"https:\/\/shop.kustom.ch\/fr\/wp-json\/wp\/v2\/product\/569507"}],"collection":[{"href":"https:\/\/shop.kustom.ch\/fr\/wp-json\/wp\/v2\/product"}],"about":[{"href":"https:\/\/shop.kustom.ch\/fr\/wp-json\/wp\/v2\/types\/product"}],"wp:featuredmedia":[{"embeddable":true,"href":"https:\/\/shop.kustom.ch\/fr\/wp-json\/wp\/v2\/media\/569558"}],"wp:attachment":[{"href":"https:\/\/shop.kustom.ch\/fr\/wp-json\/wp\/v2\/media?parent=569507"}],"wp:term":[{"taxonomy":"product_brand","embeddable":true,"href":"https:\/\/shop.kustom.ch\/fr\/wp-json\/wp\/v2\/product_brand?post=569507"},{"taxonomy":"product_cat","embeddable":true,"href":"https:\/\/shop.kustom.ch\/fr\/wp-json\/wp\/v2\/product_cat?post=569507"},{"taxonomy":"product_tag","embeddable":true,"href":"https:\/\/shop.kustom.ch\/fr\/wp-json\/wp\/v2\/product_tag?post=569507"}],"curies":[{"name":"wp","href":"https:\/\/api.w.org\/{rel}","templated":true}]}}