{"id":569163,"date":"2025-03-04T07:01:03","date_gmt":"2025-03-04T06:01:03","guid":{"rendered":"https:\/\/shop.kustom.ch\/?post_type=product&#038;p=569163"},"modified":"2026-03-31T07:54:43","modified_gmt":"2026-03-31T06:54:43","slug":"jacke-safe-supreme","status":"publish","type":"product","link":"https:\/\/shop.kustom.ch\/fr\/produit\/jacke-safe-supreme\/","title":{"rendered":"Veste SAFE SUPREME"},"content":{"rendered":"<p>Fluorescent et avec des bandes r\u00e9fl\u00e9chissantes sur les \u00e9paules et des reflets obliques. Bicolore, il est \u00e9galement disponible en deux couleurs. Le traitement de surface rend le produit r\u00e9sistant \u00e0 la salet\u00e9. Col montant. Coutures \u00e0 double rabat sur les \u00e9paules, les manches et les c\u00f4t\u00e9s. Fermeture avec fermeture \u00e0 glissi\u00e8re et rabat de protection contre les intemp\u00e9ries avec boutons-pression. Le dos est allong\u00e9. Poche de poitrine avec fermeture \u00e9clair. Poche de poitrine avec rabat et bouton-pression. Anneau en D. Les manches \u00e0 la coupe ergonomique permettent une grande libert\u00e9 de mouvement. Poches sur le devant. Poches int\u00e9rieures. Ventilation sous les manches. Ceinture avec r\u00e9glage par boutons-pression. Poignets avec boutons-pression.<\/p>\n<p>OEKO-TEX\u00ae STANDARD 100 ; EN ISO 20471 - classe 2 ; Hi-Vis groupe A ; ProWash\u00ae - EN ISO 15797<br \/>\n65% polyester\/35% coton<br \/>\nLe serg\u00e9. Ne pas faire tremper. Laver s\u00e9par\u00e9ment. Le produit est certifi\u00e9 comme conservant ses propri\u00e9t\u00e9s apr\u00e8s 50 lavages \u00e0 domicile ou 50 lavages industriels. L'entretien selon les instructions de lavage r\u00e9active le rev\u00eatement antisalissure dans le s\u00e8che-linge.<br \/>\n290 g\/m<br \/>\nLavage couleur, max. 60\u00b0 C ; Pas de blanchiment ; Supporte le s\u00e8che-linge - temp\u00e9rature de d\u00e9part max. 80\u00b0 C ; Repassage \u00e0 basse temp\u00e9rature, max. 100\u00b0 C ; Supporte le nettoyage normal<\/p>\n<p><a href=\"https:\/\/mascotsitecore-1ccb8.kxcdn.com\/pdf\/15509-860-14010-de.pdf\" target=\"_blank\" rel=\"noopener\"><u>Ouvrir la fiche produit<\/u><\/a><\/p>","protected":false},"excerpt":{"rendered":"<ul>\n<li>Le traitement de surface rend le produit r\u00e9sistant \u00e0 la salet\u00e9 et assure une grande visibilit\u00e9.<\/li>\n<li>Pas de coutures sur l'\u00e9paule : ainsi, l'eau accumul\u00e9e ne peut pas s'infiltrer.<\/li>\n<li>Le tissu fonc\u00e9 est plac\u00e9 \u00e0 l'endroit o\u00f9 le produit est le plus souvent expos\u00e9 \u00e0 la salet\u00e9.<\/li>\n<li>Emplacement pour l'ajout ult\u00e9rieur d'une puce de lavage.<\/li>\n<li>Des reflets suppl\u00e9mentaires dans le dos assurent une meilleure visibilit\u00e9 de l'arri\u00e8re.<\/li>\n<li>Le produit est adapt\u00e9 au lavage industriel.<\/li>\n<\/ul>","protected":false},"featured_media":569186,"template":"","meta":[],"product_brand":[],"product_cat":[4186],"product_tag":[],"class_list":{"0":"post-569163","1":"product","2":"type-product","3":"status-publish","4":"has-post-thumbnail","6":"product_cat-jacken","7":"pa_brand-mascot","8":"pa_brand-type-workwear","9":"pa_filter-color-blau","10":"pa_filter-color-gelb","11":"pa_filter-color-grau","12":"pa_filter-color-orange","13":"pa_filter-color-rot","14":"pa_filter-color-schwarz","16":"first","17":"instock","18":"sale","19":"taxable","20":"shipping-taxable","21":"purchasable","22":"product-type-variable","23":"add-to-wishlist-before_image"},"exclude_global_add_ons":[],"addons":[],"acf":[],"_links":{"self":[{"href":"https:\/\/shop.kustom.ch\/fr\/wp-json\/wp\/v2\/product\/569163"}],"collection":[{"href":"https:\/\/shop.kustom.ch\/fr\/wp-json\/wp\/v2\/product"}],"about":[{"href":"https:\/\/shop.kustom.ch\/fr\/wp-json\/wp\/v2\/types\/product"}],"wp:featuredmedia":[{"embeddable":true,"href":"https:\/\/shop.kustom.ch\/fr\/wp-json\/wp\/v2\/media\/569186"}],"wp:attachment":[{"href":"https:\/\/shop.kustom.ch\/fr\/wp-json\/wp\/v2\/media?parent=569163"}],"wp:term":[{"taxonomy":"product_brand","embeddable":true,"href":"https:\/\/shop.kustom.ch\/fr\/wp-json\/wp\/v2\/product_brand?post=569163"},{"taxonomy":"product_cat","embeddable":true,"href":"https:\/\/shop.kustom.ch\/fr\/wp-json\/wp\/v2\/product_cat?post=569163"},{"taxonomy":"product_tag","embeddable":true,"href":"https:\/\/shop.kustom.ch\/fr\/wp-json\/wp\/v2\/product_tag?post=569163"}],"curies":[{"name":"wp","href":"https:\/\/api.w.org\/{rel}","templated":true}]}}