{"id":569112,"date":"2025-03-04T07:00:27","date_gmt":"2025-03-04T06:00:27","guid":{"rendered":"https:\/\/shop.kustom.ch\/?post_type=product&#038;p=569112"},"modified":"2026-03-31T07:54:40","modified_gmt":"2026-03-31T06:54:40","slug":"fleecejacke-safe-supreme","status":"publish","type":"product","link":"https:\/\/shop.kustom.ch\/fr\/produit\/fleecejacke-safe-supreme\/","title":{"rendered":"Veste polaire SAFE SUPREME"},"content":{"rendered":"<p>Fluorescent et avec des reflets obliques. Bicolore, elle est tr\u00e8s agr\u00e9able \u00e0 porter. Respirant, coupe-vent et d\u00e9perlant. Matelass\u00e9. Fermeture avec fermeture \u00e9clair et rabat de protection contre les intemp\u00e9ries \u00e0 l'int\u00e9rieur. Col montant. Poche int\u00e9rieure zipp\u00e9e sp\u00e9cialement con\u00e7ue pour les t\u00e9l\u00e9phones portables, avec ouverture et boucles pour le c\u00e2ble des \u00e9couteurs. Le dos est allong\u00e9. Poche de poitrine avec fermeture \u00e9clair. Poches avant avec fermeture \u00e9clair. Poche pour stylo. La coupe ergonomique des manches permet une grande libert\u00e9 de mouvement. Poignets c\u00f4tel\u00e9s (cach\u00e9s sous la patte de protection contre les intemp\u00e9ries). Fermeture \u00e0 glissi\u00e8re dans la doublure au dos pour l'application d'un logo\/d'une broderie.<\/p>\n<p>OEKO-TEX\u00ae STANDARD 100 ; EN ISO 20471 - classe 2 ; Hi-Vis groupe A<br \/>\n100% Polyester<br \/>\nTissu polaire au m\u00e8tre. Le produit est certifi\u00e9 comme conservant ses propri\u00e9t\u00e9s apr\u00e8s 50 lavages \u00e0 domicile.<br \/>\n345 g\/m<br \/>\nLinge d\u00e9licat, max. 40\u00b0 C ; Pas de blanchiment ; Supporte le s\u00e8che-linge - temp\u00e9rature de d\u00e9part max. 60\u00b0 C ; Pas de repassage ; Supporte le nettoyage normal<\/p>\n<p><a href=\"https:\/\/mascotsitecore-1ccb8.kxcdn.com\/pdf\/15503-259-14010-de.pdf\" target=\"_blank\" rel=\"noopener\"><u>Ouvrir la fiche produit<\/u><\/a><\/p>","protected":false},"excerpt":{"rendered":"<ul>\n<li>Isolation efficace gr\u00e2ce \u00e0 un l\u00e9ger rembourrage.<\/li>\n<li>Respirant, coupe-vent et d\u00e9perlant.<\/li>\n<li>La partie gauche de la poitrine et le haut du dos se pr\u00eatent bien \u00e0 l'impression d'un logo.<\/li>\n<li>Inserts lat\u00e9raux en stretch et r\u00e9flexes \u00e9lastiques pour plus de confort et de libert\u00e9 de mouvement.<\/li>\n<li>Manches ergonomiques form\u00e9es en fonction des mouvements naturels des bras.<\/li>\n<\/ul>","protected":false},"featured_media":569129,"template":"","meta":[],"product_brand":[],"product_cat":[4184],"product_tag":[],"class_list":{"0":"post-569112","1":"product","2":"type-product","3":"status-publish","4":"has-post-thumbnail","6":"product_cat-hoodies-pullover","7":"pa_brand-mascot","8":"pa_brand-type-workwear","9":"pa_filter-color-blau","10":"pa_filter-color-gelb","11":"pa_filter-color-grau","12":"pa_filter-color-orange","13":"pa_filter-color-rot","14":"pa_filter-color-schwarz","16":"first","17":"instock","18":"sale","19":"taxable","20":"shipping-taxable","21":"purchasable","22":"product-type-variable","23":"add-to-wishlist-before_image"},"exclude_global_add_ons":[],"addons":[],"acf":[],"_links":{"self":[{"href":"https:\/\/shop.kustom.ch\/fr\/wp-json\/wp\/v2\/product\/569112"}],"collection":[{"href":"https:\/\/shop.kustom.ch\/fr\/wp-json\/wp\/v2\/product"}],"about":[{"href":"https:\/\/shop.kustom.ch\/fr\/wp-json\/wp\/v2\/types\/product"}],"wp:featuredmedia":[{"embeddable":true,"href":"https:\/\/shop.kustom.ch\/fr\/wp-json\/wp\/v2\/media\/569129"}],"wp:attachment":[{"href":"https:\/\/shop.kustom.ch\/fr\/wp-json\/wp\/v2\/media?parent=569112"}],"wp:term":[{"taxonomy":"product_brand","embeddable":true,"href":"https:\/\/shop.kustom.ch\/fr\/wp-json\/wp\/v2\/product_brand?post=569112"},{"taxonomy":"product_cat","embeddable":true,"href":"https:\/\/shop.kustom.ch\/fr\/wp-json\/wp\/v2\/product_cat?post=569112"},{"taxonomy":"product_tag","embeddable":true,"href":"https:\/\/shop.kustom.ch\/fr\/wp-json\/wp\/v2\/product_tag?post=569112"}],"curies":[{"name":"wp","href":"https:\/\/api.w.org\/{rel}","templated":true}]}}