{"id":568984,"date":"2025-03-04T06:59:05","date_gmt":"2025-03-04T05:59:05","guid":{"rendered":"https:\/\/shop.kustom.ch\/?post_type=product&#038;p=568984"},"modified":"2026-03-31T07:54:02","modified_gmt":"2026-03-31T06:54:02","slug":"t-shirt-safe-light-2","status":"publish","type":"product","link":"https:\/\/shop.kustom.ch\/fr\/produit\/t-shirt-safe-light-2\/","title":{"rendered":"T-shirt SAFE LIGHT"},"content":{"rendered":"<p>Premium. Fluorescent avec bande r\u00e9fl\u00e9chissante verticale et horizontale. Encolure ronde. Bords c\u00f4tes au cou. Bandeau de cou.<\/p>\n<p>OEKO-TEX\u00ae STANDARD 100 ; EN ISO 20471 - classe 2 ; Hi-Vis groupe C<br \/>\n100% Polyester<br \/>\nBird eye piqu\u00e9. Peut r\u00e9tr\u00e9cir au maximum 5%. Le produit est certifi\u00e9 comme conservant ses propri\u00e9t\u00e9s apr\u00e8s 25 lavages \u00e0 domicile.<br \/>\n160 g\/m<br \/>\nLinge d\u00e9licat, max. 40\u00b0 C ; Pas de blanchiment ; Pas de s\u00e9chage en tambour ; Pas de repassage ; Ne convient pas au nettoyage \u00e0 sec<\/p>\n<p><a href=\"https:\/\/mascotsitecore-1ccb8.kxcdn.com\/pdf\/50592-976-222-de.pdf\" target=\"_blank\" rel=\"noopener\"><u>Ouvrir la fiche produit<\/u><\/a><\/p>","protected":false},"excerpt":{"rendered":"<ul>\n<li>Bord-c\u00f4te solide \u00e0 l'encolure.<\/li>\n<li>S\u00e9curit\u00e9 am\u00e9lior\u00e9e, car le reflet vertical s'\u00e9tend jusqu'au reflet horizontal.<\/li>\n<li>Les r\u00e9flexes ne sont pas compl\u00e8tement r\u00e9unis sur le c\u00f4t\u00e9 afin de garantir la plus grande libert\u00e9 de mouvement.<\/li>\n<\/ul>","protected":false},"featured_media":569000,"template":"","meta":[],"product_brand":[],"product_cat":[4201],"product_tag":[],"class_list":{"0":"post-568984","1":"product","2":"type-product","3":"status-publish","4":"has-post-thumbnail","6":"product_cat-t-shirts","7":"pa_brand-mascot","8":"pa_brand-type-workwear","9":"pa_filter-color-rot","11":"first","12":"instock","13":"sale","14":"taxable","15":"shipping-taxable","16":"purchasable","17":"product-type-variable","18":"add-to-wishlist-before_image"},"exclude_global_add_ons":[],"addons":[],"acf":[],"_links":{"self":[{"href":"https:\/\/shop.kustom.ch\/fr\/wp-json\/wp\/v2\/product\/568984"}],"collection":[{"href":"https:\/\/shop.kustom.ch\/fr\/wp-json\/wp\/v2\/product"}],"about":[{"href":"https:\/\/shop.kustom.ch\/fr\/wp-json\/wp\/v2\/types\/product"}],"wp:featuredmedia":[{"embeddable":true,"href":"https:\/\/shop.kustom.ch\/fr\/wp-json\/wp\/v2\/media\/569000"}],"wp:attachment":[{"href":"https:\/\/shop.kustom.ch\/fr\/wp-json\/wp\/v2\/media?parent=568984"}],"wp:term":[{"taxonomy":"product_brand","embeddable":true,"href":"https:\/\/shop.kustom.ch\/fr\/wp-json\/wp\/v2\/product_brand?post=568984"},{"taxonomy":"product_cat","embeddable":true,"href":"https:\/\/shop.kustom.ch\/fr\/wp-json\/wp\/v2\/product_cat?post=568984"},{"taxonomy":"product_tag","embeddable":true,"href":"https:\/\/shop.kustom.ch\/fr\/wp-json\/wp\/v2\/product_tag?post=568984"}],"curies":[{"name":"wp","href":"https:\/\/api.w.org\/{rel}","templated":true}]}}