{"id":568855,"date":"2025-03-04T06:58:00","date_gmt":"2025-03-04T05:58:00","guid":{"rendered":"https:\/\/shop.kustom.ch\/?post_type=product&#038;p=568855"},"modified":"2026-03-31T07:53:44","modified_gmt":"2026-03-31T06:53:44","slug":"hose-mit-schenkeltaschen-safe-light","status":"publish","type":"product","link":"https:\/\/shop.kustom.ch\/fr\/produit\/hose-mit-schenkeltaschen-safe-light\/","title":{"rendered":"Pantalon avec poches sur les cuisses SAFE LIGHT"},"content":{"rendered":"<p>Fluorescent avec des reflets. Le traitement de surface rend le produit r\u00e9sistant \u00e0 la salet\u00e9. Triples coutures rabattues sur les jambes et \u00e0 l'entrejambe. Les jambes du pantalon ont une forme ergonomique. Braguette avec fermeture \u00e0 glissi\u00e8re. Anneau en D. Poches \u00e0 l'avant. Poches arri\u00e8re avec rabat. Poches sur les cuisses avec rabat et boutons-pression cach\u00e9s. L'entrejambe peut \u00eatre rallong\u00e9 de 3 cm en coupant la couture rouge \u00e0 l'int\u00e9rieur du bas de jambe.<\/p>\n<p>OEKO-TEX\u00ae STANDARD 100 ; EN ISO 20471 - classe 2 ; Hi-Vis groupe Y ; ; ProWash\u00ae - EN ISO 15797<br \/>\n65% polyester\/35% coton<br \/>\nLe serg\u00e9. Ne pas faire tremper. Laver s\u00e9par\u00e9ment. Le produit est certifi\u00e9 comme conservant ses propri\u00e9t\u00e9s apr\u00e8s 50 lavages \u00e0 domicile ou 50 lavages industriels. L'entretien selon les instructions de lavage r\u00e9active le rev\u00eatement antisalissure dans le s\u00e8che-linge.<br \/>\n290 g\/m<br \/>\nLavage couleur, max. 60\u00b0 C ; Pas de blanchiment ; Supporte le s\u00e8che-linge - temp\u00e9rature de d\u00e9part max. 80\u00b0 C ; Repassage \u00e0 basse temp\u00e9rature, max. 100\u00b0 C ; Supporte le nettoyage normal<\/p>\n<p><a href=\"https:\/\/mascotsitecore-1ccb8.kxcdn.com\/pdf\/18879-860-14-de.pdf\" target=\"_blank\" rel=\"noopener\"><u>Ouvrir la fiche produit<\/u><\/a><\/p>","protected":false},"excerpt":{"rendered":"<ul>\n<li>Le traitement de surface rend le produit r\u00e9sistant \u00e0 la salet\u00e9 et assure une grande visibilit\u00e9.<\/li>\n<li>Allongement facile du pantalon de 3 cm, en coupant la couture rouge \u00e0 l'int\u00e9rieur.<\/li>\n<li>Poches sur les cuisses avec rabat et boutons-pression cach\u00e9s.<\/li>\n<li>Des coutures r\u00e9sistantes \u00e0 triple rabattage sur les jambes et \u00e0 l'entrejambe prolongent la dur\u00e9e de vie du produit.<\/li>\n<li>Jambes de pantalons ergonomiques, form\u00e9es selon les mouvements naturels du corps.<\/li>\n<li>Le produit est adapt\u00e9 au lavage industriel.<\/li>\n<\/ul>","protected":false},"featured_media":568875,"template":"","meta":[],"product_brand":[],"product_cat":[4185],"product_tag":[],"class_list":{"0":"post-568855","1":"product","2":"type-product","3":"status-publish","4":"has-post-thumbnail","6":"product_cat-hosen","7":"pa_brand-mascot","8":"pa_brand-type-workwear","9":"pa_filter-color-orange","11":"first","12":"instock","13":"sale","14":"taxable","15":"shipping-taxable","16":"purchasable","17":"product-type-variable","18":"add-to-wishlist-before_image"},"exclude_global_add_ons":[],"addons":[],"acf":[],"_links":{"self":[{"href":"https:\/\/shop.kustom.ch\/fr\/wp-json\/wp\/v2\/product\/568855"}],"collection":[{"href":"https:\/\/shop.kustom.ch\/fr\/wp-json\/wp\/v2\/product"}],"about":[{"href":"https:\/\/shop.kustom.ch\/fr\/wp-json\/wp\/v2\/types\/product"}],"wp:featuredmedia":[{"embeddable":true,"href":"https:\/\/shop.kustom.ch\/fr\/wp-json\/wp\/v2\/media\/568875"}],"wp:attachment":[{"href":"https:\/\/shop.kustom.ch\/fr\/wp-json\/wp\/v2\/media?parent=568855"}],"wp:term":[{"taxonomy":"product_brand","embeddable":true,"href":"https:\/\/shop.kustom.ch\/fr\/wp-json\/wp\/v2\/product_brand?post=568855"},{"taxonomy":"product_cat","embeddable":true,"href":"https:\/\/shop.kustom.ch\/fr\/wp-json\/wp\/v2\/product_cat?post=568855"},{"taxonomy":"product_tag","embeddable":true,"href":"https:\/\/shop.kustom.ch\/fr\/wp-json\/wp\/v2\/product_tag?post=568855"}],"curies":[{"name":"wp","href":"https:\/\/api.w.org\/{rel}","templated":true}]}}