{"id":568701,"date":"2025-03-04T06:55:21","date_gmt":"2025-03-04T05:55:21","guid":{"rendered":"https:\/\/shop.kustom.ch\/?post_type=product&#038;p=568701"},"modified":"2026-03-31T07:53:18","modified_gmt":"2026-03-31T06:53:18","slug":"latzhose-mit-knietaschen-safe-light-2","status":"publish","type":"product","link":"https:\/\/shop.kustom.ch\/fr\/produit\/latzhose-mit-knietaschen-safe-light-2\/","title":{"rendered":"Salopette avec poches genouill\u00e8res SAFE LIGHT"},"content":{"rendered":"<p>Fluorescent avec des reflets. Le traitement de surface rend le produit r\u00e9sistant \u00e0 la salet\u00e9. Triples coutures rabattues sur les jambes et \u00e0 l'entrejambe. Les jambes du pantalon ont une forme ergonomique. Bretelles en tissu, r\u00e9glables, avec un \u00e9lastique court et solide et des boucles en plastique. Poche bavette avec compartiment pour stylo et rabat avec boutons-pression cach\u00e9s. La taille est r\u00e9glable. Braguette avec fermeture \u00e0 glissi\u00e8re. Anneau en D. Poches avant. Poches arri\u00e8re avec rabat. Poche sur la cuisse avec rabat et boutons-pression cach\u00e9s. Poche m\u00e8tre avec bord renforc\u00e9. Poches genouill\u00e8res en polyester, r\u00e9glables en hauteur. Pour ce mod\u00e8le, nous recommandons les protections de genoux suivantes : 00418-100, 00718-100, 50451-916 ou 20118-915. Certifi\u00e9 avec le type de genouill\u00e8re SHORT ou LONG selon EN 14404.<\/p>\n<p>OEKO-TEX\u00ae STANDARD 100 ; EN ISO 20471 - classe 2 ; Hi-Vis groupe Y ; ; ProWash\u00ae - EN ISO 15797<br \/>\n65% polyester\/35% coton<br \/>\nLe serg\u00e9. Ne pas faire tremper. Laver s\u00e9par\u00e9ment. Le produit est certifi\u00e9 comme conservant ses propri\u00e9t\u00e9s apr\u00e8s 50 lavages \u00e0 domicile ou 50 lavages industriels. L'entretien selon les instructions de lavage r\u00e9active le rev\u00eatement antisalissure dans le s\u00e8che-linge.<br \/>\n290 g\/m<br \/>\nLavage couleur, max. 60\u00b0 C ; Pas de blanchiment ; Supporte le s\u00e8che-linge - temp\u00e9rature de d\u00e9part max. 80\u00b0 C ; Repassage \u00e0 basse temp\u00e9rature, max. 100\u00b0 C ; Supporte le nettoyage normal<\/p>\n<p><a href=\"https:\/\/mascotsitecore-1ccb8.kxcdn.com\/pdf\/16869-860-14-de.pdf\" target=\"_blank\" rel=\"noopener\"><u>Ouvrir la fiche produit<\/u><\/a><\/p>","protected":false},"excerpt":{"rendered":"<ul>\n<li>Les bretelles r\u00e9glables en tissu avec des inserts \u00e9lastiques courts et solides offrent une flexibilit\u00e9 et un super ajustement.<\/li>\n<li>Poches genouill\u00e8res en polyester r\u00e9sistant avec acc\u00e8s par le bas pour \u00e9viter l'accumulation de salet\u00e9s.<\/li>\n<li>Le tissu de la genouill\u00e8re est enduit d'un rev\u00eatement hydrofuge au dos.<\/li>\n<li>Des coutures r\u00e9sistantes \u00e0 triple rabattage sur les jambes et \u00e0 l'entrejambe prolongent la dur\u00e9e de vie du produit.<\/li>\n<li>Disponible en standard en trois longueurs d'entrejambe diff\u00e9rentes, pour la meilleure coupe individuelle et les d\u00e9tails les mieux plac\u00e9s.<\/li>\n<li>Coupe sp\u00e9ciale \u00e0 l'arri\u00e8re des jambes du pantalon, \u00e9vite le surplus de tissu \u00e0 l'arri\u00e8re du genou lorsque l'on s'agenouille.<\/li>\n<li>Le produit est adapt\u00e9 au lavage industriel.<\/li>\n<li>Certifi\u00e9 pour une utilisation avec les genouill\u00e8res MASCOT de type SHORT ou LONG, car la poche de genouill\u00e8re est r\u00e9glable en hauteur.<\/li>\n<\/ul>","protected":false},"featured_media":568707,"template":"","meta":[],"product_brand":[],"product_cat":[10448],"product_tag":[],"class_list":{"0":"post-568701","1":"product","2":"type-product","3":"status-publish","4":"has-post-thumbnail","6":"product_cat-latzhose","7":"pa_brand-mascot","8":"pa_brand-type-workwear","9":"pa_filter-color-orange","11":"first","12":"instock","13":"sale","14":"taxable","15":"shipping-taxable","16":"purchasable","17":"product-type-variable","18":"add-to-wishlist-before_image"},"exclude_global_add_ons":[],"addons":[],"acf":[],"_links":{"self":[{"href":"https:\/\/shop.kustom.ch\/fr\/wp-json\/wp\/v2\/product\/568701"}],"collection":[{"href":"https:\/\/shop.kustom.ch\/fr\/wp-json\/wp\/v2\/product"}],"about":[{"href":"https:\/\/shop.kustom.ch\/fr\/wp-json\/wp\/v2\/types\/product"}],"wp:featuredmedia":[{"embeddable":true,"href":"https:\/\/shop.kustom.ch\/fr\/wp-json\/wp\/v2\/media\/568707"}],"wp:attachment":[{"href":"https:\/\/shop.kustom.ch\/fr\/wp-json\/wp\/v2\/media?parent=568701"}],"wp:term":[{"taxonomy":"product_brand","embeddable":true,"href":"https:\/\/shop.kustom.ch\/fr\/wp-json\/wp\/v2\/product_brand?post=568701"},{"taxonomy":"product_cat","embeddable":true,"href":"https:\/\/shop.kustom.ch\/fr\/wp-json\/wp\/v2\/product_cat?post=568701"},{"taxonomy":"product_tag","embeddable":true,"href":"https:\/\/shop.kustom.ch\/fr\/wp-json\/wp\/v2\/product_tag?post=568701"}],"curies":[{"name":"wp","href":"https:\/\/api.w.org\/{rel}","templated":true}]}}