{"id":568503,"date":"2025-03-04T06:52:24","date_gmt":"2025-03-04T05:52:24","guid":{"rendered":"https:\/\/shop.kustom.ch\/?post_type=product&#038;p=568503"},"modified":"2026-03-31T07:53:07","modified_gmt":"2026-03-31T06:53:07","slug":"hose-mit-knietaschen-safe-light","status":"publish","type":"product","link":"https:\/\/shop.kustom.ch\/fr\/produit\/hose-mit-knietaschen-safe-light\/","title":{"rendered":"Pantalon avec poches genouill\u00e8res SAFE LIGHT"},"content":{"rendered":"<p>Fluorescent avec des reflets. Bicolore, avec des couleurs vives. Triples coutures rabattues sur les jambes et \u00e0 l'entrejambe. Les jambes du pantalon ont une forme ergonomique. Braguette avec fermeture \u00e0 glissi\u00e8re. Anneau en D. Poches \u00e0 l'avant. Poches arri\u00e8re avec rabat. Poche sur la cuisse avec rabat et boutons-pression cach\u00e9s. Poche m\u00e8tre avec bord renforc\u00e9. Poches genouill\u00e8res en polyester, r\u00e9glables en hauteur. Pour ce mod\u00e8le, nous recommandons les protections de genoux suivantes : 00418-100, 00718-100, 50451-916 ou 20118-915. Certifi\u00e9 avec le type de genouill\u00e8re SHORT ou LONG selon EN 14404.<\/p>\n<p>OEKO-TEX\u00ae STANDARD 100 ; EN ISO 20471 - classe 2 ; Hi-Vis groupe Y ; ProWash\u00ae - EN ISO 15797<br \/>\n80% Polyester\/20% Coton<br \/>\nle serg\u00e9. Le produit est certifi\u00e9 comme conservant ses propri\u00e9t\u00e9s apr\u00e8s 50 lavages \u00e0 domicile ou 50 lavages industriels.<br \/>\n250 g\/m<br \/>\nLavage couleur, max. 60\u00b0 C ; Pas de blanchiment ; Supporte le s\u00e8che-linge - temp\u00e9rature de d\u00e9part max. 80\u00b0 C ; Repassage \u00e0 basse temp\u00e9rature, max. 100\u00b0 C ; Supporte le nettoyage normal<\/p>\n<p><a href=\"https:\/\/mascotsitecore-1ccb8.kxcdn.com\/pdf\/15979-948-14010-de.pdf\" target=\"_blank\" rel=\"noopener\"><u>Ouvrir la fiche produit<\/u><\/a><\/p>","protected":false},"excerpt":{"rendered":"<ul>\n<li>Des coutures r\u00e9sistantes \u00e0 triple rabattage sur les jambes et \u00e0 l'entrejambe prolongent la dur\u00e9e de vie du produit.<\/li>\n<li>Coupe sp\u00e9ciale \u00e0 l'arri\u00e8re des jambes du pantalon, \u00e9vite le surplus de tissu \u00e0 l'arri\u00e8re du genou lorsque l'on s'agenouille.<\/li>\n<li>Le tissu fonc\u00e9 est plac\u00e9 \u00e0 l'endroit o\u00f9 le produit est le plus souvent expos\u00e9 \u00e0 la salet\u00e9.<\/li>\n<li>Poches genouill\u00e8res en polyester r\u00e9sistant avec acc\u00e8s par le bas pour \u00e9viter l'accumulation de salet\u00e9s.<\/li>\n<li>Disponible en standard en trois longueurs d'entrejambe diff\u00e9rentes, pour la meilleure coupe individuelle et les d\u00e9tails les mieux plac\u00e9s.<\/li>\n<li>Le produit est adapt\u00e9 au lavage industriel.<\/li>\n<li>Certifi\u00e9 pour une utilisation avec les genouill\u00e8res MASCOT de type SHORT ou LONG, car la poche de genouill\u00e8re est r\u00e9glable en hauteur.<\/li>\n<\/ul>","protected":false},"featured_media":568607,"template":"","meta":[],"product_brand":[],"product_cat":[4185],"product_tag":[],"class_list":{"0":"post-568503","1":"product","2":"type-product","3":"status-publish","4":"has-post-thumbnail","6":"product_cat-hosen","7":"pa_brand-mascot","8":"pa_brand-type-workwear","9":"pa_filter-color-blau","10":"pa_filter-color-gelb","11":"pa_filter-color-grau","12":"pa_filter-color-orange","13":"pa_filter-color-rot","14":"pa_filter-color-schwarz","16":"first","17":"instock","18":"sale","19":"taxable","20":"shipping-taxable","21":"purchasable","22":"product-type-variable","23":"add-to-wishlist-before_image"},"exclude_global_add_ons":[],"addons":[],"acf":[],"_links":{"self":[{"href":"https:\/\/shop.kustom.ch\/fr\/wp-json\/wp\/v2\/product\/568503"}],"collection":[{"href":"https:\/\/shop.kustom.ch\/fr\/wp-json\/wp\/v2\/product"}],"about":[{"href":"https:\/\/shop.kustom.ch\/fr\/wp-json\/wp\/v2\/types\/product"}],"wp:featuredmedia":[{"embeddable":true,"href":"https:\/\/shop.kustom.ch\/fr\/wp-json\/wp\/v2\/media\/568607"}],"wp:attachment":[{"href":"https:\/\/shop.kustom.ch\/fr\/wp-json\/wp\/v2\/media?parent=568503"}],"wp:term":[{"taxonomy":"product_brand","embeddable":true,"href":"https:\/\/shop.kustom.ch\/fr\/wp-json\/wp\/v2\/product_brand?post=568503"},{"taxonomy":"product_cat","embeddable":true,"href":"https:\/\/shop.kustom.ch\/fr\/wp-json\/wp\/v2\/product_cat?post=568503"},{"taxonomy":"product_tag","embeddable":true,"href":"https:\/\/shop.kustom.ch\/fr\/wp-json\/wp\/v2\/product_tag?post=568503"}],"curies":[{"name":"wp","href":"https:\/\/api.w.org\/{rel}","templated":true}]}}