{"id":568093,"date":"2025-03-04T06:45:16","date_gmt":"2025-03-04T05:45:16","guid":{"rendered":"https:\/\/shop.kustom.ch\/?post_type=product&#038;p=568093"},"modified":"2026-03-31T07:52:01","modified_gmt":"2026-03-31T06:52:01","slug":"winterjacke-safe-image","status":"publish","type":"product","link":"https:\/\/shop.kustom.ch\/fr\/produit\/winterjacke-safe-image\/","title":{"rendered":"Veste d'hiver SAFE IMAGE"},"content":{"rendered":"<p>Fluorescent avec bande r\u00e9fl\u00e9chissante verticale et horizontale. Bicolore, avec des couleurs vives. Respirant, imperm\u00e9able au vent et \u00e0 l'eau. Coutures coll\u00e9es. Doublure en tissu matelass\u00e9. Col int\u00e9rieur en tricot. Fermeture avec fermeture \u00e9clair, rabat de protection contre les intemp\u00e9ries et boutons-pression cach\u00e9s. Poche zipp\u00e9e sous la bande de protection contre les intemp\u00e9ries. Poches poitrine avec rabat \u00e0 fermeture magn\u00e9tique. Anneau en D. Porte-stylo pour stylo. Poches frontales. Poche int\u00e9rieure avec fermeture \u00e9clair. Passage pour c\u00e2ble de casque. Manches ergonomiques permettant une grande libert\u00e9 de mouvement. Poche sur la manche avec fermeture \u00e9clair. Poignets c\u00f4tel\u00e9s (cach\u00e9s sous la bande de protection contre les intemp\u00e9ries) et fermeture velcro. Bord inf\u00e9rieur r\u00e9glable par velcro. Fermeture \u00e0 glissi\u00e8re dans la doublure au dos pour l'application d'un logo\/d'une broderie. Boutons-pression pour la capuche. Les produits contenant des aimants ne doivent PAS \u00eatre port\u00e9s par des personnes portant un stimulateur cardiaque\/ICD ou autre. Compl\u00e9ter le produit avec une capuche, 05114-880 (voir MASCOT\u00ae COMPLETE).<\/p>\n<p>OEKO-TEX\u00ae STANDARD 100 ; EN 343 3\/1 ; EN ISO 20471 - classe 2 ; Hi-Vis groupe B<br \/>\n100% Polyester (MASCOTEX\u00ae)<br \/>\nNe pas faire tremper. Laver s\u00e9par\u00e9ment. Ne pas utiliser d'adoucissant.<br \/>\n240 g\/m<br \/>\nLinge d\u00e9licat, max. 40\u00b0 C ; Pas de blanchiment ; Pas de s\u00e9chage en tambour ; Pas de repassage ; Ne convient pas au nettoyage \u00e0 sec<\/p>\n<p><a href=\"https:\/\/mascotsitecore-1ccb8.kxcdn.com\/pdf\/05023-880-171-de.pdf\" target=\"_blank\" rel=\"noopener\"><u>Ouvrir la fiche produit<\/u><\/a><\/p>","protected":false},"excerpt":{"rendered":"<ul>\n<li>MASCOTEX\u00ae respirant, imperm\u00e9able au vent et \u00e0 l'eau avec coutures soud\u00e9es.<\/li>\n<li>Grande libert\u00e9 de mouvement gr\u00e2ce aux manches coup\u00e9es en forme.<\/li>\n<li>Possibilit\u00e9 de fixer une capuche \u00e0 l'aide de boutons-pression.<\/li>\n<li>Fermeture \u00e0 glissi\u00e8re dans la doublure du dos pour l'application d'une impression\/broderie.<\/li>\n<li>Am\u00e9lioration de la visibilit\u00e9 pour l'entourage \u00e0 l'aide de bandes r\u00e9fl\u00e9chissantes horizontales et verticales.<\/li>\n<\/ul>","protected":false},"featured_media":568143,"template":"","meta":[],"product_brand":[],"product_cat":[4186],"product_tag":[],"class_list":{"0":"post-568093","1":"product","2":"type-product","3":"status-publish","4":"has-post-thumbnail","6":"product_cat-jacken","7":"pa_brand-mascot","8":"pa_brand-type-workwear","9":"pa_filter-color-blau","10":"pa_filter-color-gelb","12":"first","13":"instock","14":"sale","15":"taxable","16":"shipping-taxable","17":"purchasable","18":"product-type-variable","19":"add-to-wishlist-before_image"},"exclude_global_add_ons":[],"addons":[],"acf":[],"_links":{"self":[{"href":"https:\/\/shop.kustom.ch\/fr\/wp-json\/wp\/v2\/product\/568093"}],"collection":[{"href":"https:\/\/shop.kustom.ch\/fr\/wp-json\/wp\/v2\/product"}],"about":[{"href":"https:\/\/shop.kustom.ch\/fr\/wp-json\/wp\/v2\/types\/product"}],"wp:featuredmedia":[{"embeddable":true,"href":"https:\/\/shop.kustom.ch\/fr\/wp-json\/wp\/v2\/media\/568143"}],"wp:attachment":[{"href":"https:\/\/shop.kustom.ch\/fr\/wp-json\/wp\/v2\/media?parent=568093"}],"wp:term":[{"taxonomy":"product_brand","embeddable":true,"href":"https:\/\/shop.kustom.ch\/fr\/wp-json\/wp\/v2\/product_brand?post=568093"},{"taxonomy":"product_cat","embeddable":true,"href":"https:\/\/shop.kustom.ch\/fr\/wp-json\/wp\/v2\/product_cat?post=568093"},{"taxonomy":"product_tag","embeddable":true,"href":"https:\/\/shop.kustom.ch\/fr\/wp-json\/wp\/v2\/product_tag?post=568093"}],"curies":[{"name":"wp","href":"https:\/\/api.w.org\/{rel}","templated":true}]}}