{"id":568072,"date":"2025-03-04T06:44:45","date_gmt":"2025-03-04T05:44:45","guid":{"rendered":"https:\/\/shop.kustom.ch\/?post_type=product&#038;p=568072"},"modified":"2026-03-31T07:51:58","modified_gmt":"2026-03-31T06:51:58","slug":"parka-safe-image","status":"publish","type":"product","link":"https:\/\/shop.kustom.ch\/fr\/produit\/parka-safe-image\/","title":{"rendered":"Parka SAFE IMAGE"},"content":{"rendered":"<p>Fluorescent avec des reflets. Bicolore, avec des couleurs vives. Respirant, imperm\u00e9able au vent et \u00e0 l'eau. Les coutures sont coll\u00e9es. Doublure en piqu\u00e9 amovible par fermeture \u00e0 glissi\u00e8re. Fermeture avec fermeture \u00e9clair \u00e0 double sens, double rabat de protection contre les intemp\u00e9ries et boutons-pression cach\u00e9s. Poche zipp\u00e9e sous la bande de protection contre les intemp\u00e9ries. Poches poitrine avec fermeture \u00e9clair. Anneau en D. Poches avant avec rabat et boutons-pression cach\u00e9s. Poignets c\u00f4tel\u00e9s (cach\u00e9s sous la bande de protection contre les intemp\u00e9ries). \u00c9lastique r\u00e9glable \u00e0 l'ourlet inf\u00e9rieur. Compl\u00e8te le produit avec une capuche, 05114-880, 17014-650, 07014-650 ou 07014-880 (voir MASCOT\u00ae COMPLETE).<\/p>\n<p>OEKO-TEX\u00ae STANDARD 100 ; EN ISO 20471 - classe 2 (XS) ; EN ISO 20471 - classe 3 ; Hi-Vis groupe A ; EN 343 3\/1<br \/>\n100% Polyester (MASCOTEX\u00ae)<br \/>\nNe pas faire tremper. Laver s\u00e9par\u00e9ment. Ne pas utiliser d'adoucissant.<br \/>\n240 g\/m<br \/>\nLinge d\u00e9licat, max. 40\u00b0 C ; Pas de blanchiment ; Pas de s\u00e9chage en tambour ; Pas de repassage ; Ne convient pas au nettoyage \u00e0 sec<\/p>\n<p><a href=\"https:\/\/mascotsitecore-1ccb8.kxcdn.com\/pdf\/00930-880-141-de.pdf\" target=\"_blank\" rel=\"noopener\"><u>Ouvrir la fiche produit<\/u><\/a><\/p>","protected":false},"excerpt":{"rendered":"<ul>\n<li>MASCOTEX\u00ae respirant, imperm\u00e9able au vent et \u00e0 l'eau avec coutures soud\u00e9es.<\/li>\n<li>Doublure matelass\u00e9e amovible.<\/li>\n<li>Fermeture \u00e9clair \u00e0 double sens avec double rabat de protection contre les intemp\u00e9ries et boutons-pression cach\u00e9s.<\/li>\n<li>La poche int\u00e9rieure sous la bande de protection contre les intemp\u00e9ries permet par exemple d'acc\u00e9der facilement \u00e0 un t\u00e9l\u00e9phone portable sans devoir ouvrir la veste elle-m\u00eame.<\/li>\n<li>Possibilit\u00e9 de fixer une capuche \u00e0 l'aide de boutons-pression.<\/li>\n<\/ul>","protected":false},"featured_media":568081,"template":"","meta":[],"product_brand":[],"product_cat":[4186],"product_tag":[],"class_list":{"0":"post-568072","1":"product","2":"type-product","3":"status-publish","4":"has-post-thumbnail","6":"product_cat-jacken","7":"pa_brand-mascot","8":"pa_brand-type-workwear","9":"pa_filter-color-blau","10":"pa_filter-color-gelb","11":"pa_filter-color-orange","13":"first","14":"instock","15":"sale","16":"taxable","17":"shipping-taxable","18":"purchasable","19":"product-type-variable","20":"add-to-wishlist-before_image"},"exclude_global_add_ons":[],"addons":[],"acf":[],"_links":{"self":[{"href":"https:\/\/shop.kustom.ch\/fr\/wp-json\/wp\/v2\/product\/568072"}],"collection":[{"href":"https:\/\/shop.kustom.ch\/fr\/wp-json\/wp\/v2\/product"}],"about":[{"href":"https:\/\/shop.kustom.ch\/fr\/wp-json\/wp\/v2\/types\/product"}],"wp:featuredmedia":[{"embeddable":true,"href":"https:\/\/shop.kustom.ch\/fr\/wp-json\/wp\/v2\/media\/568081"}],"wp:attachment":[{"href":"https:\/\/shop.kustom.ch\/fr\/wp-json\/wp\/v2\/media?parent=568072"}],"wp:term":[{"taxonomy":"product_brand","embeddable":true,"href":"https:\/\/shop.kustom.ch\/fr\/wp-json\/wp\/v2\/product_brand?post=568072"},{"taxonomy":"product_cat","embeddable":true,"href":"https:\/\/shop.kustom.ch\/fr\/wp-json\/wp\/v2\/product_cat?post=568072"},{"taxonomy":"product_tag","embeddable":true,"href":"https:\/\/shop.kustom.ch\/fr\/wp-json\/wp\/v2\/product_tag?post=568072"}],"curies":[{"name":"wp","href":"https:\/\/api.w.org\/{rel}","templated":true}]}}