{"id":568053,"date":"2025-03-04T06:44:42","date_gmt":"2025-03-04T05:44:42","guid":{"rendered":"https:\/\/shop.kustom.ch\/?post_type=product&#038;p=568053"},"modified":"2026-03-31T07:51:43","modified_gmt":"2026-03-31T06:51:43","slug":"pilotjacke-safe-image","status":"publish","type":"product","link":"https:\/\/shop.kustom.ch\/fr\/produit\/pilotjacke-safe-image\/","title":{"rendered":"Veste de pilote SAFE IMAGE"},"content":{"rendered":"<p>Fluorescent avec des reflets. En deux couleurs. R\u00e9sistant \u00e0 l'eau. Doublure en fourrure synth\u00e9tique amovible par fermeture \u00e9clair. Col en fourrure synth\u00e9tique, amovible. Fermeture avec fermeture \u00e9clair et rabat de protection contre les intemp\u00e9ries \u00e0 l'int\u00e9rieur. Poche de poitrine avec rabat. Anneau en D. Poche poitrine pour t\u00e9l\u00e9phone portable avec rabat r\u00e9glable et poche pour stylo. Poches frontales. Poche int\u00e9rieure avec fermeture \u00e9clair. Manches amovibles. Doublure en piqu\u00e9 dans les manches. Poche sur la manche avec fermeture velcro. Poches pour stylos. Bords c\u00f4tes sur le bas et les poignets. Compl\u00e8te le produit avec une capuche, 10544-660, 00544-660, 10539-620 ou 00539-620 (voir MASCOT\u00ae COMPLETE).<\/p>\n<p>OEKO-TEX\u00ae STANDARD 100 ; EN ISO 20471 - classe 2 ; Hi-Vis groupe B ; Hi-Vis groupe C<br \/>\n80% Polyester\/20% Coton<br \/>\nLe serg\u00e9. Ne pas faire tremper. Laver s\u00e9par\u00e9ment.<br \/>\n300 g\/m<br \/>\nLinge d\u00e9licat, max. 40\u00b0 C ; Ne pas blanchir ; Ne pas s\u00e9cher au s\u00e8che-linge ; Ne pas repasser ; Supporte le nettoyage normal<\/p>\n<p><a href=\"https:\/\/mascotsitecore-1ccb8.kxcdn.com\/pdf\/00920-660-141-de.pdf\" target=\"_blank\" rel=\"noopener\"><u>Ouvrir la fiche produit<\/u><\/a><\/p>","protected":false},"excerpt":{"rendered":"<ul>\n<li>R\u00e9sistant \u00e0 l'eau.<\/li>\n<li>Les manches amovibles transforment rapidement la veste en gilet.<\/li>\n<li>Doublure en fausse fourrure amovible, col en fausse fourrure amovible.<\/li>\n<li>Possibilit\u00e9 de fixer une capuche \u00e0 l'aide de boutons-pression.<\/li>\n<\/ul>","protected":false},"featured_media":568079,"template":"","meta":[],"product_brand":[],"product_cat":[4186],"product_tag":[],"class_list":{"0":"post-568053","1":"product","2":"type-product","3":"status-publish","4":"has-post-thumbnail","6":"product_cat-jacken","7":"pa_brand-mascot","8":"pa_brand-type-workwear","9":"pa_filter-color-blau","10":"pa_filter-color-gelb","11":"pa_filter-color-orange","13":"first","14":"instock","15":"sale","16":"taxable","17":"shipping-taxable","18":"purchasable","19":"product-type-variable","20":"add-to-wishlist-before_image"},"exclude_global_add_ons":[],"addons":[],"acf":[],"_links":{"self":[{"href":"https:\/\/shop.kustom.ch\/fr\/wp-json\/wp\/v2\/product\/568053"}],"collection":[{"href":"https:\/\/shop.kustom.ch\/fr\/wp-json\/wp\/v2\/product"}],"about":[{"href":"https:\/\/shop.kustom.ch\/fr\/wp-json\/wp\/v2\/types\/product"}],"wp:featuredmedia":[{"embeddable":true,"href":"https:\/\/shop.kustom.ch\/fr\/wp-json\/wp\/v2\/media\/568079"}],"wp:attachment":[{"href":"https:\/\/shop.kustom.ch\/fr\/wp-json\/wp\/v2\/media?parent=568053"}],"wp:term":[{"taxonomy":"product_brand","embeddable":true,"href":"https:\/\/shop.kustom.ch\/fr\/wp-json\/wp\/v2\/product_brand?post=568053"},{"taxonomy":"product_cat","embeddable":true,"href":"https:\/\/shop.kustom.ch\/fr\/wp-json\/wp\/v2\/product_cat?post=568053"},{"taxonomy":"product_tag","embeddable":true,"href":"https:\/\/shop.kustom.ch\/fr\/wp-json\/wp\/v2\/product_tag?post=568053"}],"curies":[{"name":"wp","href":"https:\/\/api.w.org\/{rel}","templated":true}]}}