{"id":566986,"date":"2025-03-04T06:18:33","date_gmt":"2025-03-04T05:18:33","guid":{"rendered":"https:\/\/shop.kustom.ch\/?post_type=product&#038;p=566986"},"modified":"2026-03-31T07:50:06","modified_gmt":"2026-03-31T06:50:06","slug":"jacke-safe-compete-2","status":"publish","type":"product","link":"https:\/\/shop.kustom.ch\/fr\/produit\/jacke-safe-compete-2\/","title":{"rendered":"Veste SAFE COMPETE"},"content":{"rendered":"<p>Fluorescent avec bande r\u00e9fl\u00e9chissante verticale et horizontale. Le traitement de surface rend le produit r\u00e9sistant \u00e0 la salet\u00e9. Bicolore, il est tr\u00e8s r\u00e9sistant. Col montant avec boutons-pression. Triples coutures rabattues sur les manches et les c\u00f4t\u00e9s. Fermeture avec fermeture \u00e9clair et rabat de protection contre les intemp\u00e9ries avec boutons-pression. Poches poitrine avec rabat et fermeture velcro. Poche poitrine pour t\u00e9l\u00e9phone portable avec fermeture \u00e9clair. Anneau en D. Poche pour stylo. Poches avant. Poche int\u00e9rieure avec fermeture \u00e9clair. Taille avec r\u00e9glage par bouton-pression. Poignets avec r\u00e9glage par bouton-pression.<\/p>\n<p>OEKO-TEX\u00ae STANDARD 100 ; EN ISO 20471 - classe 2 ; Hi-Vis groupe A<br \/>\n65% polyester\/35% coton<br \/>\nLe serg\u00e9. Ne pas faire tremper. Laver s\u00e9par\u00e9ment. Le produit est certifi\u00e9 comme conservant ses propri\u00e9t\u00e9s apr\u00e8s 50 lavages \u00e0 domicile ou 50 lavages industriels. L'entretien selon les instructions de lavage r\u00e9active le rev\u00eatement antisalissure dans le s\u00e8che-linge.<br \/>\n290 g\/m<br \/>\nLavage couleur, max. 60\u00b0 C ; Pas de blanchiment ; Supporte le s\u00e8che-linge - temp\u00e9rature de d\u00e9part max. 80\u00b0 C ; Repassage \u00e0 basse temp\u00e9rature, max. 100\u00b0 C ; Supporte le nettoyage normal<\/p>\n<p><a href=\"https:\/\/mascotsitecore-1ccb8.kxcdn.com\/pdf\/07109-860-1403-de.pdf\" target=\"_blank\" rel=\"noopener\"><u>Ouvrir la fiche produit<\/u><\/a><\/p>","protected":false},"excerpt":{"rendered":"<ul>\n<li>Le traitement de surface rend le produit r\u00e9sistant \u00e0 la salet\u00e9 et assure une grande visibilit\u00e9.<\/li>\n<li>Les triples coutures en pointe r\u00e9sistantes prolongent la dur\u00e9e de vie du produit.<\/li>\n<li>Col montant.<\/li>\n<li>Deux poches poitrine diff\u00e9rentes, une avec rabat et anneau en D et une avec fermeture \u00e9clair verticale et acc\u00e8s facile, id\u00e9ale pour le t\u00e9l\u00e9phone portable.<\/li>\n<li>Ajustement individuel gr\u00e2ce \u00e0 la taille r\u00e9glable.<\/li>\n<\/ul>","protected":false},"featured_media":567040,"template":"","meta":[],"product_brand":[],"product_cat":[4186],"product_tag":[],"class_list":{"0":"post-566986","1":"product","2":"type-product","3":"status-publish","4":"has-post-thumbnail","6":"product_cat-jacken","7":"pa_brand-mascot","8":"pa_brand-type-workwear","9":"pa_filter-color-blau","10":"pa_filter-color-grau","11":"pa_filter-color-gruen","12":"pa_filter-color-orange","14":"first","15":"instock","16":"sale","17":"taxable","18":"shipping-taxable","19":"purchasable","20":"product-type-variable","21":"add-to-wishlist-before_image"},"exclude_global_add_ons":[],"addons":[],"acf":[],"_links":{"self":[{"href":"https:\/\/shop.kustom.ch\/fr\/wp-json\/wp\/v2\/product\/566986"}],"collection":[{"href":"https:\/\/shop.kustom.ch\/fr\/wp-json\/wp\/v2\/product"}],"about":[{"href":"https:\/\/shop.kustom.ch\/fr\/wp-json\/wp\/v2\/types\/product"}],"wp:featuredmedia":[{"embeddable":true,"href":"https:\/\/shop.kustom.ch\/fr\/wp-json\/wp\/v2\/media\/567040"}],"wp:attachment":[{"href":"https:\/\/shop.kustom.ch\/fr\/wp-json\/wp\/v2\/media?parent=566986"}],"wp:term":[{"taxonomy":"product_brand","embeddable":true,"href":"https:\/\/shop.kustom.ch\/fr\/wp-json\/wp\/v2\/product_brand?post=566986"},{"taxonomy":"product_cat","embeddable":true,"href":"https:\/\/shop.kustom.ch\/fr\/wp-json\/wp\/v2\/product_cat?post=566986"},{"taxonomy":"product_tag","embeddable":true,"href":"https:\/\/shop.kustom.ch\/fr\/wp-json\/wp\/v2\/product_tag?post=566986"}],"curies":[{"name":"wp","href":"https:\/\/api.w.org\/{rel}","templated":true}]}}