{"id":566947,"date":"2025-03-04T06:18:27","date_gmt":"2025-03-04T05:18:27","guid":{"rendered":"https:\/\/shop.kustom.ch\/?post_type=product&#038;p=566947"},"modified":"2026-03-31T07:50:00","modified_gmt":"2026-03-31T06:50:00","slug":"warnweste-safe-classic","status":"publish","type":"product","link":"https:\/\/shop.kustom.ch\/fr\/produit\/warnweste-safe-classic\/","title":{"rendered":"Gilet de s\u00e9curit\u00e9 SAFE CLASSIC"},"content":{"rendered":"<p>Fluorescent avec des reflets. Fermeture avec bande velcro. Bord\u00e9 d'un ruban en biais. Le produit taille grand, car il est destin\u00e9 \u00e0 \u00eatre port\u00e9 par-dessus les v\u00eatements.<\/p>\n<p>EN ISO 20471 - Classe 2 ; Hi-Vis Groupe C<br \/>\n100% Polyester<br \/>\nPeut r\u00e9tr\u00e9cir au maximum 5%. La charmeuse. Le produit est certifi\u00e9 comme conservant ses propri\u00e9t\u00e9s apr\u00e8s 25 lavages \u00e0 domicile.<br \/>\n130 g\/m<br \/>\nLinge d\u00e9licat, max. 40\u00b0 C ; Ne pas blanchir ; Ne pas s\u00e9cher au s\u00e8che-linge ; Ne pas repasser ; Supporte le nettoyage normal<\/p>\n<p><a href=\"https:\/\/mascotsitecore-1ccb8.kxcdn.com\/pdf\/50187-874-14-de.pdf\" target=\"_blank\" rel=\"noopener\"><u>Ouvrir la fiche produit<\/u><\/a><\/p>","protected":false},"excerpt":{"rendered":"<ul>\n<li>Fermeture par bande velcro.<\/li>\n<li>Bord\u00e9 d'un biais.<\/li>\n<li>Taille grande - con\u00e7ue pour \u00eatre port\u00e9e par-dessus les autres v\u00eatements.<\/li>\n<\/ul>","protected":false},"featured_media":566991,"template":"","meta":[],"product_brand":[],"product_cat":[4208],"product_tag":[],"class_list":{"0":"post-566947","1":"product","2":"type-product","3":"status-publish","4":"has-post-thumbnail","6":"product_cat-westen","7":"pa_brand-mascot","8":"pa_brand-type-workwear","9":"pa_filter-color-gelb","10":"pa_filter-color-orange","12":"first","13":"instock","14":"sale","15":"taxable","16":"shipping-taxable","17":"purchasable","18":"product-type-variable","19":"add-to-wishlist-before_image"},"exclude_global_add_ons":[],"addons":[],"acf":[],"_links":{"self":[{"href":"https:\/\/shop.kustom.ch\/fr\/wp-json\/wp\/v2\/product\/566947"}],"collection":[{"href":"https:\/\/shop.kustom.ch\/fr\/wp-json\/wp\/v2\/product"}],"about":[{"href":"https:\/\/shop.kustom.ch\/fr\/wp-json\/wp\/v2\/types\/product"}],"wp:featuredmedia":[{"embeddable":true,"href":"https:\/\/shop.kustom.ch\/fr\/wp-json\/wp\/v2\/media\/566991"}],"wp:attachment":[{"href":"https:\/\/shop.kustom.ch\/fr\/wp-json\/wp\/v2\/media?parent=566947"}],"wp:term":[{"taxonomy":"product_brand","embeddable":true,"href":"https:\/\/shop.kustom.ch\/fr\/wp-json\/wp\/v2\/product_brand?post=566947"},{"taxonomy":"product_cat","embeddable":true,"href":"https:\/\/shop.kustom.ch\/fr\/wp-json\/wp\/v2\/product_cat?post=566947"},{"taxonomy":"product_tag","embeddable":true,"href":"https:\/\/shop.kustom.ch\/fr\/wp-json\/wp\/v2\/product_tag?post=566947"}],"curies":[{"name":"wp","href":"https:\/\/api.w.org\/{rel}","templated":true}]}}