{"id":566926,"date":"2025-03-04T06:17:53","date_gmt":"2025-03-04T05:17:53","guid":{"rendered":"https:\/\/shop.kustom.ch\/?post_type=product&#038;p=566926"},"modified":"2026-03-31T07:49:47","modified_gmt":"2026-03-31T06:49:47","slug":"sweatshirt-mit-reissverschluss-safe-classic","status":"publish","type":"product","link":"https:\/\/shop.kustom.ch\/fr\/produit\/sweatshirt-mit-reissverschluss-safe-classic\/","title":{"rendered":"Sweat-shirt avec fermeture \u00e9clair SAFE CLASSIC"},"content":{"rendered":"<p>De qualit\u00e9 sup\u00e9rieure. Coupe moderne. Fluorescent avec bande r\u00e9fl\u00e9chissante verticale et horizontale. Les reflets sont \u00e9lastiques. Int\u00e9rieur bross\u00e9. Fermeture \u00e0 glissi\u00e8re, sur toute la longueur. Bords c\u00f4tes au cou, au bas du v\u00eatement et aux poignets. Poche lat\u00e9rale avec rabat de protection contre les intemp\u00e9ries. Ventilation en filet sous les manches.<\/p>\n<p>OEKO-TEX\u00ae STANDARD 100 ; EN ISO 20471 - classe 3 ; Hi-Vis groupe A<br \/>\n100% Polyester<br \/>\nIsoli marchandise au m\u00e8tre. Peut r\u00e9tr\u00e9cir jusqu'\u00e0 5%. Le produit est certifi\u00e9 comme conservant ses propri\u00e9t\u00e9s apr\u00e8s 25 lavages \u00e0 domicile.<br \/>\n280 g\/m<br \/>\nLinge d\u00e9licat, max. 40\u00b0 C ; Ne pas blanchir ; Ne pas s\u00e9cher au s\u00e8che-linge ; Ne pas repasser ; Supporte le nettoyage normal<\/p>\n<p><a href=\"https:\/\/mascotsitecore-1ccb8.kxcdn.com\/pdf\/50115-950-14-de.pdf\" target=\"_blank\" rel=\"noopener\"><u>Ouvrir la fiche produit<\/u><\/a><\/p>","protected":false},"excerpt":{"rendered":"<ul>\n<li>Coupe moderne, pr\u00e8s du corps, offrant une grande libert\u00e9 de mouvement.<\/li>\n<li>Am\u00e9lioration de la visibilit\u00e9 pour l'entourage \u00e0 l'aide de bandes r\u00e9fl\u00e9chissantes horizontales et verticales.<\/li>\n<li>Plus de libert\u00e9 de mouvement gr\u00e2ce \u00e0 des r\u00e9flexes \u00e9lastiques.<\/li>\n<li>Poche passepoil\u00e9e sur le c\u00f4t\u00e9, sous les bras, pour ranger par exemple un t\u00e9l\u00e9phone portable ou des lunettes.<\/li>\n<li>Ouvertures de ventilation sous les bras.<\/li>\n<\/ul>","protected":false},"featured_media":566989,"template":"","meta":[],"product_brand":[],"product_cat":[4191],"product_tag":[],"class_list":{"0":"post-566926","1":"product","2":"type-product","3":"status-publish","4":"has-post-thumbnail","6":"product_cat-longsleeves-sweatshirts","7":"pa_brand-mascot","8":"pa_brand-type-workwear","9":"pa_filter-color-gelb","10":"pa_filter-color-orange","12":"first","13":"instock","14":"sale","15":"taxable","16":"shipping-taxable","17":"purchasable","18":"product-type-variable","19":"add-to-wishlist-before_image"},"exclude_global_add_ons":[],"addons":[],"acf":[],"_links":{"self":[{"href":"https:\/\/shop.kustom.ch\/fr\/wp-json\/wp\/v2\/product\/566926"}],"collection":[{"href":"https:\/\/shop.kustom.ch\/fr\/wp-json\/wp\/v2\/product"}],"about":[{"href":"https:\/\/shop.kustom.ch\/fr\/wp-json\/wp\/v2\/types\/product"}],"wp:featuredmedia":[{"embeddable":true,"href":"https:\/\/shop.kustom.ch\/fr\/wp-json\/wp\/v2\/media\/566989"}],"wp:attachment":[{"href":"https:\/\/shop.kustom.ch\/fr\/wp-json\/wp\/v2\/media?parent=566926"}],"wp:term":[{"taxonomy":"product_brand","embeddable":true,"href":"https:\/\/shop.kustom.ch\/fr\/wp-json\/wp\/v2\/product_brand?post=566926"},{"taxonomy":"product_cat","embeddable":true,"href":"https:\/\/shop.kustom.ch\/fr\/wp-json\/wp\/v2\/product_cat?post=566926"},{"taxonomy":"product_tag","embeddable":true,"href":"https:\/\/shop.kustom.ch\/fr\/wp-json\/wp\/v2\/product_tag?post=566926"}],"curies":[{"name":"wp","href":"https:\/\/api.w.org\/{rel}","templated":true}]}}