{"id":566787,"date":"2025-03-04T06:16:29","date_gmt":"2025-03-04T05:16:29","guid":{"rendered":"https:\/\/shop.kustom.ch\/?post_type=product&#038;p=566787"},"modified":"2026-03-31T07:49:05","modified_gmt":"2026-03-31T06:49:05","slug":"t-shirt-langarm-safe-classic","status":"publish","type":"product","link":"https:\/\/shop.kustom.ch\/fr\/produit\/t-shirt-langarm-safe-classic\/","title":{"rendered":"T-shirt, manches longues SAFE CLASSIC"},"content":{"rendered":"<p>Premium. Fluorescent avec bande r\u00e9fl\u00e9chissante verticale et horizontale. De couleur unie. Coupe moderne. Coton agr\u00e9able \u00e0 l'int\u00e9rieur et polyester r\u00e9sistant \u00e0 l'ext\u00e9rieur. Les reflets sont \u00e9lastiques. Encolure en V. Bords c\u00f4tes au cou. Bandeau au cou. Ventilation en filet sous les manches.<\/p>\n<p>OEKO-TEX\u00ae STANDARD 100 ; EN ISO 20471 - Classe 3 ; Hi-Vis Groupe A ; EN 13758-2 UPF 40+<br \/>\n50% Coton\/50% Polyester<br \/>\nBird eye piqu\u00e9. Peut r\u00e9tr\u00e9cir au maximum 5%. Le produit est certifi\u00e9 comme conservant ses propri\u00e9t\u00e9s apr\u00e8s 25 lavages \u00e0 domicile.<br \/>\n140 g\/m<br \/>\nLavage de couleur, max. 60\u00b0 C ; Pas de blanchiment ; Pas de s\u00e9chage en tambour ; Repassage \u00e0 basse temp\u00e9rature, max. 100\u00b0 C ; Supporte le nettoyage normal<\/p>\n<p><a href=\"https:\/\/mascotsitecore-1ccb8.kxcdn.com\/pdf\/18281-995-14-de.pdf\" target=\"_blank\" rel=\"noopener\"><u>Ouvrir la fiche produit<\/u><\/a><\/p>","protected":false},"excerpt":{"rendered":"<ul>\n<li>Coupe moderne, pr\u00e8s du corps, offrant une grande libert\u00e9 de mouvement.<\/li>\n<li>Am\u00e9lioration de la visibilit\u00e9 pour l'entourage \u00e0 l'aide de bandes r\u00e9fl\u00e9chissantes horizontales et verticales.<\/li>\n<li>Plus de libert\u00e9 de mouvement gr\u00e2ce \u00e0 des r\u00e9flexes \u00e9lastiques.<\/li>\n<li>Coton agr\u00e9able \u00e0 l'int\u00e9rieur et polyester r\u00e9sistant \u00e0 l'ext\u00e9rieur.<\/li>\n<li>Ouvertures de ventilation sous les bras.<\/li>\n<\/ul>","protected":false},"featured_media":566815,"template":"","meta":[],"product_brand":[],"product_cat":[4201],"product_tag":[],"class_list":{"0":"post-566787","1":"product","2":"type-product","3":"status-publish","4":"has-post-thumbnail","6":"product_cat-t-shirts","7":"pa_brand-mascot","8":"pa_brand-type-workwear","9":"pa_filter-color-gelb","10":"pa_filter-color-orange","11":"pa_filter-color-rot","13":"first","14":"instock","15":"sale","16":"taxable","17":"shipping-taxable","18":"purchasable","19":"product-type-variable","20":"add-to-wishlist-before_image"},"exclude_global_add_ons":[],"addons":[],"acf":[],"_links":{"self":[{"href":"https:\/\/shop.kustom.ch\/fr\/wp-json\/wp\/v2\/product\/566787"}],"collection":[{"href":"https:\/\/shop.kustom.ch\/fr\/wp-json\/wp\/v2\/product"}],"about":[{"href":"https:\/\/shop.kustom.ch\/fr\/wp-json\/wp\/v2\/types\/product"}],"wp:featuredmedia":[{"embeddable":true,"href":"https:\/\/shop.kustom.ch\/fr\/wp-json\/wp\/v2\/media\/566815"}],"wp:attachment":[{"href":"https:\/\/shop.kustom.ch\/fr\/wp-json\/wp\/v2\/media?parent=566787"}],"wp:term":[{"taxonomy":"product_brand","embeddable":true,"href":"https:\/\/shop.kustom.ch\/fr\/wp-json\/wp\/v2\/product_brand?post=566787"},{"taxonomy":"product_cat","embeddable":true,"href":"https:\/\/shop.kustom.ch\/fr\/wp-json\/wp\/v2\/product_cat?post=566787"},{"taxonomy":"product_tag","embeddable":true,"href":"https:\/\/shop.kustom.ch\/fr\/wp-json\/wp\/v2\/product_tag?post=566787"}],"curies":[{"name":"wp","href":"https:\/\/api.w.org\/{rel}","templated":true}]}}