{"id":566733,"date":"2025-03-04T06:15:49","date_gmt":"2025-03-04T05:15:49","guid":{"rendered":"https:\/\/shop.kustom.ch\/?post_type=product&#038;p=566733"},"modified":"2026-03-31T07:48:49","modified_gmt":"2026-03-31T06:48:49","slug":"hemd-safe-classic","status":"publish","type":"product","link":"https:\/\/shop.kustom.ch\/fr\/produit\/hemd-safe-classic\/","title":{"rendered":"Chemise SAFE CLASSIC"},"content":{"rendered":"<p>Premium. Fluorescent avec des reflets. Mod\u00e8le long, avec une grande libert\u00e9 de mouvement. Coutures rabattues doubles sur les manches et les c\u00f4t\u00e9s. Patte de boutonnage. Col avec baguettes de col. Poches poitrine avec rabat. Porte-stylo pour stylo. Soufflets d'aisance dans le dos avec ventilation. Fente de manche renforc\u00e9e. Poignets avec r\u00e9glage par boutons.<\/p>\n<p>OEKO-TEX\u00ae STANDARD 100 ; EN ISO 20471 - classe 3 ; Hi-Vis groupe A<br \/>\n70% Polyester\/30% Coton<br \/>\nSerg\u00e9.<br \/>\n200 g\/m\u00b2 (1,5 lb)<br \/>\nLinge d\u00e9licat, max. 40\u00b0 C ; Ne pas blanchir ; Ne pas s\u00e9cher au s\u00e8che-linge ; Repasser \u00e0 basse temp\u00e9rature, max. 100\u00b0 C ; Supporte le nettoyage normal<\/p>\n<p><a href=\"https:\/\/mascotsitecore-1ccb8.kxcdn.com\/pdf\/06004-136-14-de.pdf\" target=\"_blank\" rel=\"noopener\"><u>Ouvrir la fiche produit<\/u><\/a><\/p>","protected":false},"excerpt":{"rendered":"<ul>\n<li>Coupe g\u00e9n\u00e9reuse avec soufflet d'extension dans le dos.<\/li>\n<li>Ventilation dans le dos.<\/li>\n<li>Patte de boutonnage et col renforc\u00e9.<\/li>\n<li>Fentes de manches renforc\u00e9es.<\/li>\n<li>Manchettes r\u00e9glables.<\/li>\n<\/ul>","protected":false},"featured_media":566782,"template":"","meta":[],"product_brand":[],"product_cat":[9874],"product_tag":[],"class_list":{"0":"post-566733","1":"product","2":"type-product","3":"status-publish","4":"has-post-thumbnail","6":"product_cat-hemden","7":"pa_brand-mascot","8":"pa_brand-type-workwear","9":"pa_filter-color-orange","11":"first","12":"instock","13":"sale","14":"taxable","15":"shipping-taxable","16":"purchasable","17":"product-type-variable","18":"add-to-wishlist-before_image"},"exclude_global_add_ons":[],"addons":[],"acf":[],"_links":{"self":[{"href":"https:\/\/shop.kustom.ch\/fr\/wp-json\/wp\/v2\/product\/566733"}],"collection":[{"href":"https:\/\/shop.kustom.ch\/fr\/wp-json\/wp\/v2\/product"}],"about":[{"href":"https:\/\/shop.kustom.ch\/fr\/wp-json\/wp\/v2\/types\/product"}],"wp:featuredmedia":[{"embeddable":true,"href":"https:\/\/shop.kustom.ch\/fr\/wp-json\/wp\/v2\/media\/566782"}],"wp:attachment":[{"href":"https:\/\/shop.kustom.ch\/fr\/wp-json\/wp\/v2\/media?parent=566733"}],"wp:term":[{"taxonomy":"product_brand","embeddable":true,"href":"https:\/\/shop.kustom.ch\/fr\/wp-json\/wp\/v2\/product_brand?post=566733"},{"taxonomy":"product_cat","embeddable":true,"href":"https:\/\/shop.kustom.ch\/fr\/wp-json\/wp\/v2\/product_cat?post=566733"},{"taxonomy":"product_tag","embeddable":true,"href":"https:\/\/shop.kustom.ch\/fr\/wp-json\/wp\/v2\/product_tag?post=566733"}],"curies":[{"name":"wp","href":"https:\/\/api.w.org\/{rel}","templated":true}]}}