{"id":566634,"date":"2025-03-04T06:14:29","date_gmt":"2025-03-04T05:14:29","guid":{"rendered":"https:\/\/shop.kustom.ch\/?post_type=product&#038;p=566634"},"modified":"2026-03-31T07:48:20","modified_gmt":"2026-03-31T06:48:20","slug":"fleecejacke-safe-arctic","status":"publish","type":"product","link":"https:\/\/shop.kustom.ch\/fr\/produit\/fleecejacke-safe-arctic\/","title":{"rendered":"Veste polaire SAFE ARCTIC"},"content":{"rendered":"<p>Fluorescent avec reflets. Doublure, imperm\u00e9able au vent. Fermeture \u00e9clair, sur toute la longueur. Poche de poitrine avec fermeture \u00e9clair. Poches sur le devant. Poche int\u00e9rieure avec fermeture velcro. Elastique aux poignets. \u00c9lastique r\u00e9glable \u00e0 l'ourlet inf\u00e9rieur.<\/p>\n<p>OEKO-TEX\u00ae STANDARD 100 ; EN ISO 20471 - classe 3 ; Hi-Vis groupe A<br \/>\n100% Polyester<br \/>\nTissu polaire au m\u00e8tre.<br \/>\n250 g\/m<br \/>\nLinge d\u00e9licat, max. 40\u00b0 C ; Ne pas blanchir ; Ne pas s\u00e9cher au s\u00e8che-linge ; Ne pas repasser ; Supporte le nettoyage normal<\/p>\n<p><a href=\"https:\/\/mascotsitecore-1ccb8.kxcdn.com\/pdf\/05242-125-14-de.pdf\" target=\"_blank\" rel=\"noopener\"><u>Ouvrir la fiche produit<\/u><\/a><\/p>","protected":false},"excerpt":{"rendered":"<ul>\n<li>Doublure coupe-vent.<\/li>\n<li>Fermeture \u00e0 glissi\u00e8re sur toute la longueur.<\/li>\n<li>La poche de poitrine avec fermeture \u00e9clair verticale permet d'acc\u00e9der facilement \u00e0 un t\u00e9l\u00e9phone portable, par exemple.<\/li>\n<li>\u00c9lastique aux extr\u00e9mit\u00e9s des manches.<\/li>\n<li>Ourlet avec \u00e9lastique, r\u00e9gulation dans la poche.<\/li>\n<\/ul>","protected":false},"featured_media":566670,"template":"","meta":[],"product_brand":[],"product_cat":[4184],"product_tag":[],"class_list":{"0":"post-566634","1":"product","2":"type-product","3":"status-publish","4":"has-post-thumbnail","6":"product_cat-hoodies-pullover","7":"pa_brand-mascot","8":"pa_brand-type-workwear","9":"pa_filter-color-gelb","10":"pa_filter-color-orange","12":"first","13":"instock","14":"sale","15":"taxable","16":"shipping-taxable","17":"purchasable","18":"product-type-variable","19":"add-to-wishlist-before_image"},"exclude_global_add_ons":[],"addons":[],"acf":[],"_links":{"self":[{"href":"https:\/\/shop.kustom.ch\/fr\/wp-json\/wp\/v2\/product\/566634"}],"collection":[{"href":"https:\/\/shop.kustom.ch\/fr\/wp-json\/wp\/v2\/product"}],"about":[{"href":"https:\/\/shop.kustom.ch\/fr\/wp-json\/wp\/v2\/types\/product"}],"wp:featuredmedia":[{"embeddable":true,"href":"https:\/\/shop.kustom.ch\/fr\/wp-json\/wp\/v2\/media\/566670"}],"wp:attachment":[{"href":"https:\/\/shop.kustom.ch\/fr\/wp-json\/wp\/v2\/media?parent=566634"}],"wp:term":[{"taxonomy":"product_brand","embeddable":true,"href":"https:\/\/shop.kustom.ch\/fr\/wp-json\/wp\/v2\/product_brand?post=566634"},{"taxonomy":"product_cat","embeddable":true,"href":"https:\/\/shop.kustom.ch\/fr\/wp-json\/wp\/v2\/product_cat?post=566634"},{"taxonomy":"product_tag","embeddable":true,"href":"https:\/\/shop.kustom.ch\/fr\/wp-json\/wp\/v2\/product_tag?post=566634"}],"curies":[{"name":"wp","href":"https:\/\/api.w.org\/{rel}","templated":true}]}}