{"id":566619,"date":"2025-03-04T06:13:53","date_gmt":"2025-03-04T05:13:53","guid":{"rendered":"https:\/\/shop.kustom.ch\/?post_type=product&#038;p=566619"},"modified":"2026-03-31T07:48:17","modified_gmt":"2026-03-31T06:48:17","slug":"pilotjacke-safe-arctic-4","status":"publish","type":"product","link":"https:\/\/shop.kustom.ch\/fr\/produit\/pilotjacke-safe-arctic-4\/","title":{"rendered":"Veste pilote SAFE ARCTIC"},"content":{"rendered":"<p>Fluorescent avec bande r\u00e9fl\u00e9chissante verticale et horizontale. R\u00e9sistant \u00e0 l'eau. Col en fourrure synth\u00e9tique, amovible. Doublure en fourrure synth\u00e9tique amovible par fermeture \u00e9clair. Doublure en piqu\u00e9 dans les manches. Manches amovibles. Fermeture par zip et rabat de protection contre les intemp\u00e9ries avec boutons-pression. Poches poitrine avec fermeture \u00e0 glissi\u00e8re. Compl\u00e8te le produit avec une capuche, 10544-660 ou 00544-660 (voir MASCOT\u00ae COMPLETE).<\/p>\n<p>OEKO-TEX\u00ae STANDARD 100 ; EN ISO 20471 - classe 3 ; Hi-Vis groupe A ; Hi-Vis groupe C<br \/>\n80% Polyester\/20% Coton<br \/>\nLe serg\u00e9. Ne pas faire tremper. Laver s\u00e9par\u00e9ment.<br \/>\n300 g\/m<br \/>\nLinge d\u00e9licat, max. 40\u00b0 C ; Ne pas blanchir ; Ne pas s\u00e9cher au s\u00e8che-linge ; Ne pas repasser ; Supporte le nettoyage normal<\/p>\n<p><a href=\"https:\/\/mascotsitecore-1ccb8.kxcdn.com\/pdf\/05020-660-14-de.pdf\" target=\"_blank\" rel=\"noopener\"><u>Ouvrir la fiche produit<\/u><\/a><\/p>","protected":false},"excerpt":{"rendered":"<ul>\n<li>R\u00e9sistant \u00e0 l'eau.<\/li>\n<li>Doublure en fausse fourrure amovible, manches et col amovibles.<\/li>\n<li>Possibilit\u00e9 de fixer une capuche \u00e0 l'aide de boutons-pression.<\/li>\n<li>Bords c\u00f4tes aux manches et \u00e0 l'ourlet.<\/li>\n<\/ul>","protected":false},"featured_media":566669,"template":"","meta":[],"product_brand":[],"product_cat":[4186],"product_tag":[],"class_list":{"0":"post-566619","1":"product","2":"type-product","3":"status-publish","4":"has-post-thumbnail","6":"product_cat-jacken","7":"pa_brand-mascot","8":"pa_brand-type-workwear","9":"pa_filter-color-orange","11":"first","12":"instock","13":"sale","14":"taxable","15":"shipping-taxable","16":"purchasable","17":"product-type-variable","18":"add-to-wishlist-before_image"},"exclude_global_add_ons":[],"addons":[],"acf":[],"_links":{"self":[{"href":"https:\/\/shop.kustom.ch\/fr\/wp-json\/wp\/v2\/product\/566619"}],"collection":[{"href":"https:\/\/shop.kustom.ch\/fr\/wp-json\/wp\/v2\/product"}],"about":[{"href":"https:\/\/shop.kustom.ch\/fr\/wp-json\/wp\/v2\/types\/product"}],"wp:featuredmedia":[{"embeddable":true,"href":"https:\/\/shop.kustom.ch\/fr\/wp-json\/wp\/v2\/media\/566669"}],"wp:attachment":[{"href":"https:\/\/shop.kustom.ch\/fr\/wp-json\/wp\/v2\/media?parent=566619"}],"wp:term":[{"taxonomy":"product_brand","embeddable":true,"href":"https:\/\/shop.kustom.ch\/fr\/wp-json\/wp\/v2\/product_brand?post=566619"},{"taxonomy":"product_cat","embeddable":true,"href":"https:\/\/shop.kustom.ch\/fr\/wp-json\/wp\/v2\/product_cat?post=566619"},{"taxonomy":"product_tag","embeddable":true,"href":"https:\/\/shop.kustom.ch\/fr\/wp-json\/wp\/v2\/product_tag?post=566619"}],"curies":[{"name":"wp","href":"https:\/\/api.w.org\/{rel}","templated":true}]}}