{"id":566611,"date":"2025-03-04T06:13:52","date_gmt":"2025-03-04T05:13:52","guid":{"rendered":"https:\/\/shop.kustom.ch\/?post_type=product&#038;p=566611"},"modified":"2026-03-31T07:48:14","modified_gmt":"2026-03-31T06:48:14","slug":"winterlatzhose-safe-arctic","status":"publish","type":"product","link":"https:\/\/shop.kustom.ch\/fr\/produit\/winterlatzhose-safe-arctic\/","title":{"rendered":"Salopette d'hiver SAFE ARCTIC"},"content":{"rendered":"<p>Fluorescent avec reflets. Respirant, imperm\u00e9able au vent et \u00e0 l'eau. Les coutures sont coll\u00e9es. Doublure en tissu matelass\u00e9. Bretelles en tissu, r\u00e9glables et munies d'un \u00e9lastique court et solide et de boucles en plastique. Poche bavette avec rabat et boutons-pression. Taille r\u00e9glable. Braguette avec fermeture \u00e0 glissi\u00e8re. Poches avant. Poches arri\u00e8re avec renforts et rabat avec fermeture velcro. Passant pour marteau. Poche sur la cuisse avec rabat et fermeture velcro. Poche m\u00e8tre renforc\u00e9e. Fermeture \u00e0 glissi\u00e8re avec rabat de protection contre les intemp\u00e9ries \u00e0 l'ext\u00e9rieur des jambes. Fermeture velcro aux chevilles.<\/p>\n<p>OEKO-TEX\u00ae STANDARD 100 ; EN ISO 20471 - classe 2 ; Hi-Vis groupe Y<br \/>\n100% Polyester (MASCOTEX\u00ae)<br \/>\nNe pas faire tremper. Laver s\u00e9par\u00e9ment. Ne pas utiliser d'adoucissant.<br \/>\n240 g\/m<br \/>\nLinge d\u00e9licat, max. 40\u00b0 C ; Pas de blanchiment ; Pas de s\u00e9chage en tambour ; Pas de repassage ; Ne convient pas au nettoyage \u00e0 sec<\/p>\n<p><a href=\"https:\/\/mascotsitecore-1ccb8.kxcdn.com\/pdf\/00592-880-14-de.pdf\" target=\"_blank\" rel=\"noopener\"><u>Ouvrir la fiche produit<\/u><\/a><\/p>","protected":false},"excerpt":{"rendered":"<ul>\n<li>MASCOTEX\u00ae respirant, imperm\u00e9able au vent et \u00e0 l'eau avec coutures soud\u00e9es.<\/li>\n<li>Doublure matelass\u00e9e.<\/li>\n<li>Ajustement individuel gr\u00e2ce \u00e0 la taille r\u00e9glable.<\/li>\n<li>Renforts sur les poches arri\u00e8re et la poche m\u00e8tre.<\/li>\n<li>Fermeture \u00e9clair extra-longue avec bande de protection contre les intemp\u00e9ries \u00e0 l'ext\u00e9rieur de la jambe, pour une utilisation facile avec des bottes.<\/li>\n<\/ul>","protected":false},"featured_media":566668,"template":"","meta":[],"product_brand":[],"product_cat":[10448],"product_tag":[],"class_list":{"0":"post-566611","1":"product","2":"type-product","3":"status-publish","4":"has-post-thumbnail","6":"product_cat-latzhose","7":"pa_brand-mascot","8":"pa_brand-type-workwear","9":"pa_filter-color-orange","11":"first","12":"instock","13":"sale","14":"taxable","15":"shipping-taxable","16":"purchasable","17":"product-type-variable","18":"add-to-wishlist-before_image"},"exclude_global_add_ons":[],"addons":[],"acf":[],"_links":{"self":[{"href":"https:\/\/shop.kustom.ch\/fr\/wp-json\/wp\/v2\/product\/566611"}],"collection":[{"href":"https:\/\/shop.kustom.ch\/fr\/wp-json\/wp\/v2\/product"}],"about":[{"href":"https:\/\/shop.kustom.ch\/fr\/wp-json\/wp\/v2\/types\/product"}],"wp:featuredmedia":[{"embeddable":true,"href":"https:\/\/shop.kustom.ch\/fr\/wp-json\/wp\/v2\/media\/566668"}],"wp:attachment":[{"href":"https:\/\/shop.kustom.ch\/fr\/wp-json\/wp\/v2\/media?parent=566611"}],"wp:term":[{"taxonomy":"product_brand","embeddable":true,"href":"https:\/\/shop.kustom.ch\/fr\/wp-json\/wp\/v2\/product_brand?post=566611"},{"taxonomy":"product_cat","embeddable":true,"href":"https:\/\/shop.kustom.ch\/fr\/wp-json\/wp\/v2\/product_cat?post=566611"},{"taxonomy":"product_tag","embeddable":true,"href":"https:\/\/shop.kustom.ch\/fr\/wp-json\/wp\/v2\/product_tag?post=566611"}],"curies":[{"name":"wp","href":"https:\/\/api.w.org\/{rel}","templated":true}]}}