{"id":566566,"date":"2025-03-04T05:49:54","date_gmt":"2025-03-04T04:49:54","guid":{"rendered":"https:\/\/shop.kustom.ch\/?post_type=product&#038;p=566566"},"modified":"2026-03-31T07:47:48","modified_gmt":"2026-03-31T06:47:48","slug":"pilotjacke-safe-arctic","status":"publish","type":"product","link":"https:\/\/shop.kustom.ch\/fr\/produit\/pilotjacke-safe-arctic\/","title":{"rendered":"Veste pilote SAFE ARCTIC"},"content":{"rendered":"<p>Fluorescent avec reflets. R\u00e9sistant \u00e0 l'eau. Doublure en fourrure synth\u00e9tique sur le corps. Doublure en piqu\u00e9 dans les manches. Fermeture \u00e0 glissi\u00e8re sur toute la longueur. Poches poitrine avec fermeture \u00e9clair. Anneau en D. Poches sur le devant. Poches int\u00e9rieures - une avec fermeture \u00e9clair et une avec fermeture velcro. Poche sur la manche avec fermeture velcro. Poches pour stylos. Poignets et bord inf\u00e9rieur c\u00f4tel\u00e9s.<\/p>\n<p>OEKO-TEX\u00ae STANDARD 100 ; EN ISO 20471 - classe 3 ; Hi-Vis groupe A<br \/>\n80% Polyester\/20% Coton<br \/>\nLe serg\u00e9. Ne pas faire tremper. Laver s\u00e9par\u00e9ment.<br \/>\n300 g\/m<br \/>\nLinge d\u00e9licat, max. 40\u00b0 C ; Ne pas blanchir ; Ne pas s\u00e9cher au s\u00e8che-linge ; Ne pas repasser ; Supporte le nettoyage normal<\/p>\n<p><a href=\"https:\/\/mascotsitecore-1ccb8.kxcdn.com\/pdf\/00516-660-14-de.pdf\" target=\"_blank\" rel=\"noopener\"><u>Ouvrir la fiche produit<\/u><\/a><\/p>","protected":false},"excerpt":{"rendered":"<ul>\n<li>R\u00e9sistant \u00e0 l'eau.<\/li>\n<li>Doublure en fourrure synth\u00e9tique sur le corps et doublure matelass\u00e9e dans les manches.<\/li>\n<li>Anneau en D pour les cl\u00e9s ou les cartes d'identit\u00e9.<\/li>\n<li>Bords c\u00f4tes aux manches et \u00e0 l'ourlet.<\/li>\n<\/ul>","protected":false},"featured_media":566627,"template":"","meta":[],"product_brand":[],"product_cat":[4186],"product_tag":[],"class_list":{"0":"post-566566","1":"product","2":"type-product","3":"status-publish","4":"has-post-thumbnail","6":"product_cat-jacken","7":"pa_brand-mascot","8":"pa_brand-type-workwear","9":"pa_filter-color-orange","11":"first","12":"instock","13":"sale","14":"taxable","15":"shipping-taxable","16":"purchasable","17":"product-type-variable","18":"add-to-wishlist-before_image"},"exclude_global_add_ons":[],"addons":[],"acf":[],"_links":{"self":[{"href":"https:\/\/shop.kustom.ch\/fr\/wp-json\/wp\/v2\/product\/566566"}],"collection":[{"href":"https:\/\/shop.kustom.ch\/fr\/wp-json\/wp\/v2\/product"}],"about":[{"href":"https:\/\/shop.kustom.ch\/fr\/wp-json\/wp\/v2\/types\/product"}],"wp:featuredmedia":[{"embeddable":true,"href":"https:\/\/shop.kustom.ch\/fr\/wp-json\/wp\/v2\/media\/566627"}],"wp:attachment":[{"href":"https:\/\/shop.kustom.ch\/fr\/wp-json\/wp\/v2\/media?parent=566566"}],"wp:term":[{"taxonomy":"product_brand","embeddable":true,"href":"https:\/\/shop.kustom.ch\/fr\/wp-json\/wp\/v2\/product_brand?post=566566"},{"taxonomy":"product_cat","embeddable":true,"href":"https:\/\/shop.kustom.ch\/fr\/wp-json\/wp\/v2\/product_cat?post=566566"},{"taxonomy":"product_tag","embeddable":true,"href":"https:\/\/shop.kustom.ch\/fr\/wp-json\/wp\/v2\/product_tag?post=566566"}],"curies":[{"name":"wp","href":"https:\/\/api.w.org\/{rel}","templated":true}]}}