{"id":566506,"date":"2025-03-04T05:48:43","date_gmt":"2025-03-04T04:48:43","guid":{"rendered":"https:\/\/shop.kustom.ch\/?post_type=product&#038;p=566506"},"modified":"2026-03-31T07:47:42","modified_gmt":"2026-03-31T06:47:42","slug":"regenjacke-safe-aqua","status":"publish","type":"product","link":"https:\/\/shop.kustom.ch\/fr\/produit\/regenjacke-safe-aqua\/","title":{"rendered":"Veste de pluie SAFE AQUA"},"content":{"rendered":"<p>Imperm\u00e9able au vent et \u00e0 l'eau. Fluorescent avec bande r\u00e9fl\u00e9chissante verticale et horizontale. Coutures soud\u00e9es. Capuche avec cordons cach\u00e9s dans le col. Fermeture par zip et rabat de protection contre les intemp\u00e9ries avec boutons-pression. Poche de poitrine avec rabat et bouton-pression. Poches avant avec rabat et bouton-pression. Ventilation dans le dos. \u00c9lastique r\u00e9glable \u00e0 l'ourlet inf\u00e9rieur. R\u00e9glage par boutons-pression aux poignets.<\/p>\n<p>OEKO-TEX\u00ae STANDARD 100 ; EN ISO 20471 - classe 3 ; Hi-Vis groupe A ; EN 343 3\/1<br \/>\n70% Polyester\/30% Polyur\u00e9thane<br \/>\nTissu imperm\u00e9able au m\u00e8tre, enduit de PU. Colonne d'eau de 10.000 mm selon EN ISO 811.<br \/>\n210 g\/m\u00b2 (1,5 lb)<br \/>\nLinge d\u00e9licat, max. 40\u00b0 C ; Pas de blanchiment ; Pas de s\u00e9chage en tambour ; Pas de repassage ; Ne convient pas au nettoyage \u00e0 sec<\/p>\n<p><a href=\"https:\/\/mascotsitecore-1ccb8.kxcdn.com\/pdf\/50101-814-14-de.pdf\" target=\"_blank\" rel=\"noopener\"><u>Ouvrir la fiche produit<\/u><\/a><\/p>","protected":false},"excerpt":{"rendered":"<ul>\n<li>R\u00e9sistant au vent et \u00e0 l'eau.<\/li>\n<li>Le mat\u00e9riau imperm\u00e9able a des coutures soud\u00e9es, de sorte que la pluie ne peut pas s'infiltrer.<\/li>\n<li>Am\u00e9lioration de la visibilit\u00e9 pour l'entourage \u00e0 l'aide de bandes r\u00e9fl\u00e9chissantes horizontales et verticales.<\/li>\n<li>Capuche avec cordons \u00e9lastiques r\u00e9glables, peut \u00eatre pli\u00e9e et rang\u00e9e dans le col.<\/li>\n<li>Ventilation dans le dos.<\/li>\n<\/ul>","protected":false},"featured_media":566554,"template":"","meta":[],"product_brand":[],"product_cat":[4186],"product_tag":[],"class_list":{"0":"post-566506","1":"product","2":"type-product","3":"status-publish","4":"has-post-thumbnail","6":"product_cat-jacken","7":"pa_brand-mascot","8":"pa_brand-type-workwear","9":"pa_filter-color-gelb","10":"pa_filter-color-orange","12":"first","13":"instock","14":"sale","15":"taxable","16":"shipping-taxable","17":"purchasable","18":"product-type-variable","19":"add-to-wishlist-before_image"},"exclude_global_add_ons":[],"addons":[],"acf":[],"_links":{"self":[{"href":"https:\/\/shop.kustom.ch\/fr\/wp-json\/wp\/v2\/product\/566506"}],"collection":[{"href":"https:\/\/shop.kustom.ch\/fr\/wp-json\/wp\/v2\/product"}],"about":[{"href":"https:\/\/shop.kustom.ch\/fr\/wp-json\/wp\/v2\/types\/product"}],"wp:featuredmedia":[{"embeddable":true,"href":"https:\/\/shop.kustom.ch\/fr\/wp-json\/wp\/v2\/media\/566554"}],"wp:attachment":[{"href":"https:\/\/shop.kustom.ch\/fr\/wp-json\/wp\/v2\/media?parent=566506"}],"wp:term":[{"taxonomy":"product_brand","embeddable":true,"href":"https:\/\/shop.kustom.ch\/fr\/wp-json\/wp\/v2\/product_brand?post=566506"},{"taxonomy":"product_cat","embeddable":true,"href":"https:\/\/shop.kustom.ch\/fr\/wp-json\/wp\/v2\/product_cat?post=566506"},{"taxonomy":"product_tag","embeddable":true,"href":"https:\/\/shop.kustom.ch\/fr\/wp-json\/wp\/v2\/product_tag?post=566506"}],"curies":[{"name":"wp","href":"https:\/\/api.w.org\/{rel}","templated":true}]}}