{"id":566440,"date":"2025-03-04T05:48:03","date_gmt":"2025-03-04T04:48:03","guid":{"rendered":"https:\/\/shop.kustom.ch\/?post_type=product&#038;p=566440"},"modified":"2026-03-31T07:47:09","modified_gmt":"2026-03-31T06:47:09","slug":"thermohose-originals-2","status":"publish","type":"product","link":"https:\/\/shop.kustom.ch\/fr\/produit\/thermohose-originals-2\/","title":{"rendered":"Pantalon thermique ORIGINALS"},"content":{"rendered":"<p>Polyester soud\u00e9 par ultrasons avec une couche d'isolation en ouate de polyester. Elastique \u00e0 la taille. R\u00e9glage par boutons-pression aux chevilles.<\/p>\n<p>OEKO-TEX\u00ae STANDARD 100 ; ProWash\u00ae - EN ISO 15797<br \/>\n100% Polyester<br \/>\nTissu piqu\u00e9 au m\u00e8tre. Peut \u00eatre cuit \u00e0 95\u00b0C<br \/>\n370 g\/m<br \/>\nLavage \u00e0 95\u00b0 C maximum ; Pas de blanchiment ; Supporte le s\u00e8che-linge - temp\u00e9rature de d\u00e9part max. 80\u00b0 C ; Pas de repassage ; Supporte le nettoyage normal<\/p>\n<p><a href=\"https:\/\/mascotsitecore-1ccb8.kxcdn.com\/pdf\/13578-707-06-de.pdf\" target=\"_blank\" rel=\"noopener\"><u>Ouvrir la fiche produit<\/u><\/a><\/p>","protected":false},"excerpt":{"rendered":"<ul>\n<li>V\u00eatements thermiques soud\u00e9s de mani\u00e8re traditionnelle.<\/li>\n<li>\u00c9lastique \u00e0 la taille.<\/li>\n<li>R\u00e9gulation par boutons-pression aux chevilles.<\/li>\n<li>Lavage \u00e0 95\u00b0 C possible.<\/li>\n<li>Le produit est adapt\u00e9 au lavage industriel.<\/li>\n<\/ul>","protected":false},"featured_media":566484,"template":"","meta":[],"product_brand":[],"product_cat":[4185],"product_tag":[],"class_list":{"0":"post-566440","1":"product","2":"type-product","3":"status-publish","4":"has-post-thumbnail","6":"product_cat-hosen","7":"pa_brand-mascot","8":"pa_brand-type-workwear","9":"pa_filter-color-weiss","11":"first","12":"instock","13":"sale","14":"taxable","15":"shipping-taxable","16":"purchasable","17":"product-type-variable","18":"add-to-wishlist-before_image"},"exclude_global_add_ons":[],"addons":[],"acf":[],"_links":{"self":[{"href":"https:\/\/shop.kustom.ch\/fr\/wp-json\/wp\/v2\/product\/566440"}],"collection":[{"href":"https:\/\/shop.kustom.ch\/fr\/wp-json\/wp\/v2\/product"}],"about":[{"href":"https:\/\/shop.kustom.ch\/fr\/wp-json\/wp\/v2\/types\/product"}],"wp:featuredmedia":[{"embeddable":true,"href":"https:\/\/shop.kustom.ch\/fr\/wp-json\/wp\/v2\/media\/566484"}],"wp:attachment":[{"href":"https:\/\/shop.kustom.ch\/fr\/wp-json\/wp\/v2\/media?parent=566440"}],"wp:term":[{"taxonomy":"product_brand","embeddable":true,"href":"https:\/\/shop.kustom.ch\/fr\/wp-json\/wp\/v2\/product_brand?post=566440"},{"taxonomy":"product_cat","embeddable":true,"href":"https:\/\/shop.kustom.ch\/fr\/wp-json\/wp\/v2\/product_cat?post=566440"},{"taxonomy":"product_tag","embeddable":true,"href":"https:\/\/shop.kustom.ch\/fr\/wp-json\/wp\/v2\/product_tag?post=566440"}],"curies":[{"name":"wp","href":"https:\/\/api.w.org\/{rel}","templated":true}]}}