{"id":566224,"date":"2025-03-04T05:45:57","date_gmt":"2025-03-04T04:45:57","guid":{"rendered":"https:\/\/shop.kustom.ch\/?post_type=product&#038;p=566224"},"modified":"2026-03-31T07:46:09","modified_gmt":"2026-03-31T06:46:09","slug":"hose-mit-schenkeltaschen-originals-2","status":"publish","type":"product","link":"https:\/\/shop.kustom.ch\/fr\/produit\/hose-mit-schenkeltaschen-originals-2\/","title":{"rendered":"Pantalon avec poches sur les cuisses ORIGINALS"},"content":{"rendered":"<p>Triples coutures rabattues sur les jambes et \u00e0 l'entrejambe. Passants de ceinture. Braguette avec fermeture \u00e0 glissi\u00e8re. Poches sur le devant. Poche sur la monnaie. Poches arri\u00e8re avec renforts et rabat avec fermeture velcro. Poches sur les cuisses, dont une avec rabat et fermeture velcro. Poche cuisse pour t\u00e9l\u00e9phone portable avec rabat et fermeture velcro ajustable. Poches pour stylos.<\/p>\n<p>OEKO-TEX\u00ae STANDARD 100 ; ProWash\u00ae - EN ISO 15797<br \/>\n65% polyester\/35% coton<br \/>\nTissu en serg\u00e9. Peut r\u00e9tr\u00e9cir 1-2%.<br \/>\n310 g\/m<br \/>\nLavage couleur, max. 60\u00b0 C ; Pas de blanchiment ; Supporte le s\u00e8che-linge - temp\u00e9rature de d\u00e9part max. 80\u00b0 C ; Repassage \u00e0 temp\u00e9rature moyenne, max. 150\u00b0 C ; Supporte le nettoyage normal<\/p>\n<p><a href=\"https:\/\/mascotsitecore-1ccb8.kxcdn.com\/pdf\/00773-430-01-de.pdf\" target=\"_blank\" rel=\"noopener\"><u>Ouvrir la fiche produit<\/u><\/a><\/p>","protected":false},"excerpt":{"rendered":"<ul>\n<li>Des coutures r\u00e9sistantes \u00e0 triple rabattage sur les jambes et \u00e0 l'entrejambe prolongent la dur\u00e9e de vie du produit.<\/li>\n<li>Braguette avec fermeture \u00e0 glissi\u00e8re.<\/li>\n<li>Poche pour la monnaie et poche pour le stylo.<\/li>\n<li>Poches arri\u00e8re renforc\u00e9es.<\/li>\n<li>Poche sur la cuisse avec poche pour t\u00e9l\u00e9phone portable, rabat et fermeture velcro.<\/li>\n<li>Le produit est adapt\u00e9 au lavage industriel.<\/li>\n<\/ul>","protected":false},"featured_media":566242,"template":"","meta":[],"product_brand":[],"product_cat":[4185],"product_tag":[],"class_list":{"0":"post-566224","1":"product","2":"type-product","3":"status-publish","4":"has-post-thumbnail","6":"product_cat-hosen","7":"pa_brand-mascot","8":"pa_brand-type-workwear","9":"pa_filter-color-blau","10":"pa_filter-color-schwarz","12":"first","13":"instock","14":"sale","15":"taxable","16":"shipping-taxable","17":"purchasable","18":"product-type-variable","19":"add-to-wishlist-before_image"},"exclude_global_add_ons":[],"addons":[],"acf":[],"_links":{"self":[{"href":"https:\/\/shop.kustom.ch\/fr\/wp-json\/wp\/v2\/product\/566224"}],"collection":[{"href":"https:\/\/shop.kustom.ch\/fr\/wp-json\/wp\/v2\/product"}],"about":[{"href":"https:\/\/shop.kustom.ch\/fr\/wp-json\/wp\/v2\/types\/product"}],"wp:featuredmedia":[{"embeddable":true,"href":"https:\/\/shop.kustom.ch\/fr\/wp-json\/wp\/v2\/media\/566242"}],"wp:attachment":[{"href":"https:\/\/shop.kustom.ch\/fr\/wp-json\/wp\/v2\/media?parent=566224"}],"wp:term":[{"taxonomy":"product_brand","embeddable":true,"href":"https:\/\/shop.kustom.ch\/fr\/wp-json\/wp\/v2\/product_brand?post=566224"},{"taxonomy":"product_cat","embeddable":true,"href":"https:\/\/shop.kustom.ch\/fr\/wp-json\/wp\/v2\/product_cat?post=566224"},{"taxonomy":"product_tag","embeddable":true,"href":"https:\/\/shop.kustom.ch\/fr\/wp-json\/wp\/v2\/product_tag?post=566224"}],"curies":[{"name":"wp","href":"https:\/\/api.w.org\/{rel}","templated":true}]}}