{"id":566090,"date":"2025-03-04T05:44:34","date_gmt":"2025-03-04T04:44:34","guid":{"rendered":"https:\/\/shop.kustom.ch\/?post_type=product&#038;p=566090"},"modified":"2026-03-31T07:45:31","modified_gmt":"2026-03-31T06:45:31","slug":"winteroverall-originals","status":"publish","type":"product","link":"https:\/\/shop.kustom.ch\/fr\/produit\/winteroverall-originals\/","title":{"rendered":"Combinaison d'hiver ORIGINALS"},"content":{"rendered":"<p>R\u00e9sistant \u00e0 l'eau. Doublure en fourrure synth\u00e9tique sur le corps. Doublure en piqu\u00e9 dans les jambes et les manches. Fermeture avec fermeture \u00e9clair \u00e0 double sens, rabat de protection contre les intemp\u00e9ries et boutons-pression. Poches poitrine avec rabat et boutons-pression. Elastique \u00e0 la taille. Poches avant avec rabat de protection contre les intemp\u00e9ries. Ouverture vers l'int\u00e9rieur des deux c\u00f4t\u00e9s. Elastique (cach\u00e9) dans le dos. Poches arri\u00e8re avec renforts et rabat avec fermeture velcro. Boucle pour marteau. Poche m\u00e8tre renforc\u00e9e. Poches int\u00e9rieures - une avec fermeture \u00e9clair et une avec fermeture velcro. Fermeture \u00e0 glissi\u00e8re avec bande de protection contre les intemp\u00e9ries \u00e0 l'ext\u00e9rieur des jambes. Fermeture velcro aux chevilles. Poche sur la manche avec fermeture \u00e9clair. Poches pour stylos. Poignets \u00e0 c\u00f4tes (cach\u00e9s sous la bande de protection contre les intemp\u00e9ries). Compl\u00e8te le produit avec une capuche, 10539-620 ou 00539-620 (voir MASCOT\u00ae COMPLETE).<\/p>\n<p>OEKO-TEX\u00ae STANDARD 100<br \/>\n52% coton\/48% nylon<br \/>\nSerg\u00e9.<br \/>\n240 g\/m<br \/>\nLinge d\u00e9licat, max. 40\u00b0 C ; Ne pas blanchir ; Ne pas s\u00e9cher au s\u00e8che-linge ; Ne pas repasser ; Supporte le nettoyage normal<\/p>\n<p><a href=\"https:\/\/mascotsitecore-1ccb8.kxcdn.com\/pdf\/00517-620-01-de.pdf\" target=\"_blank\" rel=\"noopener\"><u>Ouvrir la fiche produit<\/u><\/a><\/p>","protected":false},"excerpt":{"rendered":"<ul>\n<li>Le Bearnylon\u00ae est un mat\u00e9riau hydrofuge et tr\u00e8s r\u00e9sistant.<\/li>\n<li>Doublure en fourrure synth\u00e9tique sur le corps et doublure matelass\u00e9e dans les jambes et les manches.<\/li>\n<li>Passage vers le pantalon en dessous des deux c\u00f4t\u00e9s.<\/li>\n<li>Le mat\u00e9riau \u00e9lastique dans le dos offre une plus grande libert\u00e9 de mouvement.<\/li>\n<li>Fermeture \u00e9clair extra-longue avec bande de protection contre les intemp\u00e9ries \u00e0 l'ext\u00e9rieur de la jambe, pour une utilisation facile avec des bottes.<\/li>\n<\/ul>","protected":false},"featured_media":566118,"template":"","meta":[],"product_brand":[],"product_cat":[10454],"product_tag":[],"class_list":{"0":"post-566090","1":"product","2":"type-product","3":"status-publish","4":"has-post-thumbnail","6":"product_cat-overalls","7":"pa_brand-mascot","8":"pa_brand-type-workwear","9":"pa_filter-color-blau","11":"first","12":"instock","13":"sale","14":"taxable","15":"shipping-taxable","16":"purchasable","17":"product-type-variable","18":"add-to-wishlist-before_image"},"exclude_global_add_ons":[],"addons":[],"acf":[],"_links":{"self":[{"href":"https:\/\/shop.kustom.ch\/fr\/wp-json\/wp\/v2\/product\/566090"}],"collection":[{"href":"https:\/\/shop.kustom.ch\/fr\/wp-json\/wp\/v2\/product"}],"about":[{"href":"https:\/\/shop.kustom.ch\/fr\/wp-json\/wp\/v2\/types\/product"}],"wp:featuredmedia":[{"embeddable":true,"href":"https:\/\/shop.kustom.ch\/fr\/wp-json\/wp\/v2\/media\/566118"}],"wp:attachment":[{"href":"https:\/\/shop.kustom.ch\/fr\/wp-json\/wp\/v2\/media?parent=566090"}],"wp:term":[{"taxonomy":"product_brand","embeddable":true,"href":"https:\/\/shop.kustom.ch\/fr\/wp-json\/wp\/v2\/product_brand?post=566090"},{"taxonomy":"product_cat","embeddable":true,"href":"https:\/\/shop.kustom.ch\/fr\/wp-json\/wp\/v2\/product_cat?post=566090"},{"taxonomy":"product_tag","embeddable":true,"href":"https:\/\/shop.kustom.ch\/fr\/wp-json\/wp\/v2\/product_tag?post=566090"}],"curies":[{"name":"wp","href":"https:\/\/api.w.org\/{rel}","templated":true}]}}