{"id":566032,"date":"2025-03-04T05:43:23","date_gmt":"2025-03-04T04:43:23","guid":{"rendered":"https:\/\/shop.kustom.ch\/?post_type=product&#038;p=566032"},"modified":"2026-03-31T07:45:28","modified_gmt":"2026-03-31T06:45:28","slug":"pilotjacke-originals","status":"publish","type":"product","link":"https:\/\/shop.kustom.ch\/fr\/produit\/pilotjacke-originals\/","title":{"rendered":"Veste pilote ORIGINALS"},"content":{"rendered":"<p>R\u00e9sistant \u00e0 l'eau. Doublure en fourrure synth\u00e9tique sur le corps. Doublure en piqu\u00e9 dans les manches. Fermeture \u00e0 glissi\u00e8re sur toute la longueur. Poches poitrine avec fermeture \u00e0 glissi\u00e8re. Anneau en D. Poches sur le devant. Poches int\u00e9rieures - une avec fermeture \u00e9clair et une avec fermeture velcro. Poche sur la manche avec fermeture \u00e9clair. Poches pour stylos. Poignets et bord inf\u00e9rieur c\u00f4tel\u00e9s.<\/p>\n<p>OEKO-TEX\u00ae STANDARD 100<br \/>\n52% coton\/48% nylon<br \/>\nSerg\u00e9.<br \/>\n240 g\/m<br \/>\nLinge d\u00e9licat, max. 40\u00b0 C ; Ne pas blanchir ; Ne pas s\u00e9cher au s\u00e8che-linge ; Ne pas repasser ; Supporte le nettoyage normal<\/p>\n<p><a href=\"https:\/\/mascotsitecore-1ccb8.kxcdn.com\/pdf\/00516-620-01-de.pdf\" target=\"_blank\" rel=\"noopener\"><u>Ouvrir la fiche produit<\/u><\/a><\/p>","protected":false},"excerpt":{"rendered":"<ul>\n<li>Le Bearnylon\u00ae est un mat\u00e9riau hydrofuge et tr\u00e8s r\u00e9sistant.<\/li>\n<li>Doublure en fourrure synth\u00e9tique sur le corps et doublure matelass\u00e9e dans les manches.<\/li>\n<li>Anneau en D pour les cl\u00e9s ou les cartes d'identit\u00e9.<\/li>\n<li>Deux poches int\u00e9rieures - dont une avec fermeture \u00e9clair.<\/li>\n<li>Bords c\u00f4tes aux manches et \u00e0 l'ourlet.<\/li>\n<\/ul>","protected":false},"featured_media":566088,"template":"","meta":[],"product_brand":[],"product_cat":[4186],"product_tag":[],"class_list":{"0":"post-566032","1":"product","2":"type-product","3":"status-publish","4":"has-post-thumbnail","6":"product_cat-jacken","7":"pa_brand-mascot","8":"pa_brand-type-workwear","9":"pa_filter-color-blau","10":"pa_filter-color-gruen","11":"pa_filter-color-rot","12":"pa_filter-color-schwarz","14":"first","15":"instock","16":"sale","17":"taxable","18":"shipping-taxable","19":"purchasable","20":"product-type-variable","21":"add-to-wishlist-before_image"},"exclude_global_add_ons":[],"addons":[],"acf":[],"_links":{"self":[{"href":"https:\/\/shop.kustom.ch\/fr\/wp-json\/wp\/v2\/product\/566032"}],"collection":[{"href":"https:\/\/shop.kustom.ch\/fr\/wp-json\/wp\/v2\/product"}],"about":[{"href":"https:\/\/shop.kustom.ch\/fr\/wp-json\/wp\/v2\/types\/product"}],"wp:featuredmedia":[{"embeddable":true,"href":"https:\/\/shop.kustom.ch\/fr\/wp-json\/wp\/v2\/media\/566088"}],"wp:attachment":[{"href":"https:\/\/shop.kustom.ch\/fr\/wp-json\/wp\/v2\/media?parent=566032"}],"wp:term":[{"taxonomy":"product_brand","embeddable":true,"href":"https:\/\/shop.kustom.ch\/fr\/wp-json\/wp\/v2\/product_brand?post=566032"},{"taxonomy":"product_cat","embeddable":true,"href":"https:\/\/shop.kustom.ch\/fr\/wp-json\/wp\/v2\/product_cat?post=566032"},{"taxonomy":"product_tag","embeddable":true,"href":"https:\/\/shop.kustom.ch\/fr\/wp-json\/wp\/v2\/product_tag?post=566032"}],"curies":[{"name":"wp","href":"https:\/\/api.w.org\/{rel}","templated":true}]}}