{"id":566023,"date":"2025-03-04T05:43:21","date_gmt":"2025-03-04T04:43:21","guid":{"rendered":"https:\/\/shop.kustom.ch\/?post_type=product&#038;p=566023"},"modified":"2026-03-31T07:45:15","modified_gmt":"2026-03-31T06:45:15","slug":"thermojacke-originals","status":"publish","type":"product","link":"https:\/\/shop.kustom.ch\/fr\/produit\/thermojacke-originals\/","title":{"rendered":"Veste thermique ORIGINALS"},"content":{"rendered":"<p>Polyester soud\u00e9 par ultrasons avec une couche d'isolation en ouate de polyester. Fermeture \u00e0 glissi\u00e8re sur toute la longueur. Protection des reins. Bords c\u00f4tes au cou, au bas du dos et aux poignets. Poches avant avec bande de propret\u00e9.<\/p>\n<p>OEKO-TEX\u00ae STANDARD 100<br \/>\n100% Polyester<br \/>\nTissu piqu\u00e9 au m\u00e8tre.<br \/>\n275 g\/m<br \/>\nLinge d\u00e9licat, max. 40\u00b0 C ; Pas de blanchiment ; Supporte le s\u00e8che-linge - temp\u00e9rature de d\u00e9part max. 60\u00b0 C ; Pas de repassage ; Supporte le nettoyage normal<\/p>\n<p><a href=\"https:\/\/mascotsitecore-1ccb8.kxcdn.com\/pdf\/00515-450-01-de.pdf\" target=\"_blank\" rel=\"noopener\"><u>Ouvrir la fiche produit<\/u><\/a><\/p>","protected":false},"excerpt":{"rendered":"<ul>\n<li>Piqu\u00e9 soud\u00e9 par ultrasons avec de la ouate de polyester - nettement plus isolant et plus durable que le piqu\u00e9 cousu.<\/li>\n<li>Fermeture \u00e0 glissi\u00e8re sur toute la longueur.<\/li>\n<li>Poches avant.<\/li>\n<li>Bords c\u00f4tes au cou, aux manches et \u00e0 l'ourlet.<\/li>\n<li>Protection des reins.<\/li>\n<\/ul>","protected":false},"featured_media":566087,"template":"","meta":[],"product_brand":[],"product_cat":[4186],"product_tag":[],"class_list":{"0":"post-566023","1":"product","2":"type-product","3":"status-publish","4":"has-post-thumbnail","6":"product_cat-jacken","7":"pa_brand-mascot","8":"pa_brand-type-workwear","9":"pa_filter-color-blau","11":"first","12":"instock","13":"sale","14":"taxable","15":"shipping-taxable","16":"purchasable","17":"product-type-variable","18":"add-to-wishlist-before_image"},"exclude_global_add_ons":[],"addons":[],"acf":[],"_links":{"self":[{"href":"https:\/\/shop.kustom.ch\/fr\/wp-json\/wp\/v2\/product\/566023"}],"collection":[{"href":"https:\/\/shop.kustom.ch\/fr\/wp-json\/wp\/v2\/product"}],"about":[{"href":"https:\/\/shop.kustom.ch\/fr\/wp-json\/wp\/v2\/types\/product"}],"wp:featuredmedia":[{"embeddable":true,"href":"https:\/\/shop.kustom.ch\/fr\/wp-json\/wp\/v2\/media\/566087"}],"wp:attachment":[{"href":"https:\/\/shop.kustom.ch\/fr\/wp-json\/wp\/v2\/media?parent=566023"}],"wp:term":[{"taxonomy":"product_brand","embeddable":true,"href":"https:\/\/shop.kustom.ch\/fr\/wp-json\/wp\/v2\/product_brand?post=566023"},{"taxonomy":"product_cat","embeddable":true,"href":"https:\/\/shop.kustom.ch\/fr\/wp-json\/wp\/v2\/product_cat?post=566023"},{"taxonomy":"product_tag","embeddable":true,"href":"https:\/\/shop.kustom.ch\/fr\/wp-json\/wp\/v2\/product_tag?post=566023"}],"curies":[{"name":"wp","href":"https:\/\/api.w.org\/{rel}","templated":true}]}}