{"id":566015,"date":"2025-03-04T05:43:20","date_gmt":"2025-03-04T04:43:20","guid":{"rendered":"https:\/\/shop.kustom.ch\/?post_type=product&#038;p=566015"},"modified":"2026-03-31T07:45:13","modified_gmt":"2026-03-31T06:45:13","slug":"winterlatzhose-originals","status":"publish","type":"product","link":"https:\/\/shop.kustom.ch\/fr\/produit\/winterlatzhose-originals\/","title":{"rendered":"Salopette d'hiver ORIGINALS"},"content":{"rendered":"<p>R\u00e9sistant \u00e0 l'eau. Doublure en tissu matelass\u00e9. Bretelles en tissu, r\u00e9glables et munies d'un \u00e9lastique court et solide et de boucles en plastique. Poche bavette avec rabat et boutons-pression. Taille r\u00e9glable. Braguette avec fermeture \u00e0 glissi\u00e8re. Poches avant et arri\u00e8re. Poches arri\u00e8re renforc\u00e9es, dont une avec rabat et fermeture velcro. Passant pour marteau. Poche sur la cuisse avec rabat et fermeture velcro. Poche m\u00e8tre renforc\u00e9e. Fermeture \u00e0 glissi\u00e8re avec rabat de protection contre les intemp\u00e9ries \u00e0 l'ext\u00e9rieur de la jambe. Fermeture velcro aux chevilles.<\/p>\n<p>OEKO-TEX\u00ae STANDARD 100<br \/>\n52% coton\/48% nylon<br \/>\nSerg\u00e9.<br \/>\n240 g\/m<br \/>\nLinge d\u00e9licat, max. 40\u00b0 C ; Ne pas blanchir ; Ne pas s\u00e9cher au s\u00e8che-linge ; Ne pas repasser ; Supporte le nettoyage normal<\/p>\n<p><a href=\"https:\/\/mascotsitecore-1ccb8.kxcdn.com\/pdf\/00512-620-01-de.pdf\" target=\"_blank\" rel=\"noopener\"><u>Ouvrir la fiche produit<\/u><\/a><\/p>","protected":false},"excerpt":{"rendered":"<ul>\n<li>Le Bearnylon\u00ae est un mat\u00e9riau hydrofuge et tr\u00e8s r\u00e9sistant.<\/li>\n<li>Doublure matelass\u00e9e.<\/li>\n<li>Bretelles r\u00e9glables en tissu avec inserts \u00e9lastiques courts et solides.<\/li>\n<li>Renforts sur les poches arri\u00e8re et la poche m\u00e8tre.<\/li>\n<li>Fermeture \u00e9clair extra-longue avec bande de protection contre les intemp\u00e9ries \u00e0 l'ext\u00e9rieur de la jambe, pour une utilisation facile avec des bottes.<\/li>\n<\/ul>","protected":false},"featured_media":566038,"template":"","meta":[],"product_brand":[],"product_cat":[10448],"product_tag":[],"class_list":{"0":"post-566015","1":"product","2":"type-product","3":"status-publish","4":"has-post-thumbnail","6":"product_cat-latzhose","7":"pa_brand-mascot","8":"pa_brand-type-workwear","9":"pa_filter-color-blau","11":"first","12":"instock","13":"sale","14":"taxable","15":"shipping-taxable","16":"purchasable","17":"product-type-variable","18":"add-to-wishlist-before_image"},"exclude_global_add_ons":[],"addons":[],"acf":[],"_links":{"self":[{"href":"https:\/\/shop.kustom.ch\/fr\/wp-json\/wp\/v2\/product\/566015"}],"collection":[{"href":"https:\/\/shop.kustom.ch\/fr\/wp-json\/wp\/v2\/product"}],"about":[{"href":"https:\/\/shop.kustom.ch\/fr\/wp-json\/wp\/v2\/types\/product"}],"wp:featuredmedia":[{"embeddable":true,"href":"https:\/\/shop.kustom.ch\/fr\/wp-json\/wp\/v2\/media\/566038"}],"wp:attachment":[{"href":"https:\/\/shop.kustom.ch\/fr\/wp-json\/wp\/v2\/media?parent=566015"}],"wp:term":[{"taxonomy":"product_brand","embeddable":true,"href":"https:\/\/shop.kustom.ch\/fr\/wp-json\/wp\/v2\/product_brand?post=566015"},{"taxonomy":"product_cat","embeddable":true,"href":"https:\/\/shop.kustom.ch\/fr\/wp-json\/wp\/v2\/product_cat?post=566015"},{"taxonomy":"product_tag","embeddable":true,"href":"https:\/\/shop.kustom.ch\/fr\/wp-json\/wp\/v2\/product_tag?post=566015"}],"curies":[{"name":"wp","href":"https:\/\/api.w.org\/{rel}","templated":true}]}}