{"id":566006,"date":"2025-03-04T05:43:18","date_gmt":"2025-03-04T04:43:18","guid":{"rendered":"https:\/\/shop.kustom.ch\/?post_type=product&#038;p=566006"},"modified":"2026-03-31T07:45:10","modified_gmt":"2026-03-31T06:45:10","slug":"parka-originals","status":"publish","type":"product","link":"https:\/\/shop.kustom.ch\/fr\/produit\/parka-originals\/","title":{"rendered":"Parka ORIGINALS"},"content":{"rendered":"<p>R\u00e9sistant \u00e0 l'eau. Doublure en tissu matelass\u00e9. Capuche amovible, doubl\u00e9e et munie de cordons \u00e9lastiques r\u00e9glables. Col en fourrure synth\u00e9tique. Fermeture avec fermeture \u00e9clair \u00e0 double sens, rabat de protection contre les intemp\u00e9ries et boutons-pression. Poches poitrine avec rabat et boutons-pression. Anneau en D. Poches harmoniques avec rabat et poches suppl\u00e9mentaires. Poche int\u00e9rieure avec fermeture \u00e9clair. R\u00e9glage de la taille. Poche sur la manche avec fermeture \u00e9clair. Poches pour stylos. Poignets c\u00f4tel\u00e9s (cach\u00e9s sous la patte de protection contre les intemp\u00e9ries).<\/p>\n<p>OEKO-TEX\u00ae STANDARD 100<br \/>\n52% coton\/48% nylon<br \/>\nSerg\u00e9.<br \/>\n240 g\/m<br \/>\nLinge d\u00e9licat, max. 40\u00b0 C ; Ne pas blanchir ; Ne pas s\u00e9cher au s\u00e8che-linge ; Ne pas repasser ; Supporte le nettoyage normal<\/p>\n<p><a href=\"https:\/\/mascotsitecore-1ccb8.kxcdn.com\/pdf\/00510-620-01-de.pdf\" target=\"_blank\" rel=\"noopener\"><u>Ouvrir la fiche produit<\/u><\/a><\/p>","protected":false},"excerpt":{"rendered":"<ul>\n<li>Le Bearnylon\u00ae est un mat\u00e9riau hydrofuge et tr\u00e8s r\u00e9sistant.<\/li>\n<li>Capuche doubl\u00e9e amovible, avec cordons \u00e9lastiques r\u00e9glables.<\/li>\n<li>R\u00e9glage de la taille.<\/li>\n<li>Anneau en D pour les cl\u00e9s ou les cartes d'identit\u00e9.<\/li>\n<li>Poche sur la manche avec fermeture \u00e0 glissi\u00e8re.<\/li>\n<\/ul>","protected":false},"featured_media":566037,"template":"","meta":[],"product_brand":[],"product_cat":[4186],"product_tag":[],"class_list":{"0":"post-566006","1":"product","2":"type-product","3":"status-publish","4":"has-post-thumbnail","6":"product_cat-jacken","7":"pa_brand-mascot","8":"pa_brand-type-workwear","9":"pa_filter-color-blau","11":"first","12":"instock","13":"sale","14":"taxable","15":"shipping-taxable","16":"purchasable","17":"product-type-variable","18":"add-to-wishlist-before_image"},"exclude_global_add_ons":[],"addons":[],"acf":[],"_links":{"self":[{"href":"https:\/\/shop.kustom.ch\/fr\/wp-json\/wp\/v2\/product\/566006"}],"collection":[{"href":"https:\/\/shop.kustom.ch\/fr\/wp-json\/wp\/v2\/product"}],"about":[{"href":"https:\/\/shop.kustom.ch\/fr\/wp-json\/wp\/v2\/types\/product"}],"wp:featuredmedia":[{"embeddable":true,"href":"https:\/\/shop.kustom.ch\/fr\/wp-json\/wp\/v2\/media\/566037"}],"wp:attachment":[{"href":"https:\/\/shop.kustom.ch\/fr\/wp-json\/wp\/v2\/media?parent=566006"}],"wp:term":[{"taxonomy":"product_brand","embeddable":true,"href":"https:\/\/shop.kustom.ch\/fr\/wp-json\/wp\/v2\/product_brand?post=566006"},{"taxonomy":"product_cat","embeddable":true,"href":"https:\/\/shop.kustom.ch\/fr\/wp-json\/wp\/v2\/product_cat?post=566006"},{"taxonomy":"product_tag","embeddable":true,"href":"https:\/\/shop.kustom.ch\/fr\/wp-json\/wp\/v2\/product_tag?post=566006"}],"curies":[{"name":"wp","href":"https:\/\/api.w.org\/{rel}","templated":true}]}}