{"id":565775,"date":"2025-03-04T05:41:27","date_gmt":"2025-03-04T04:41:27","guid":{"rendered":"https:\/\/shop.kustom.ch\/?post_type=product&#038;p=565775"},"modified":"2026-03-31T07:44:39","modified_gmt":"2026-03-31T06:44:39","slug":"funktionsunterhemd-multisafe","status":"publish","type":"product","link":"https:\/\/shop.kustom.ch\/fr\/produit\/funktionsunterhemd-multisafe\/","title":{"rendered":"Maillot de corps fonctionnel MULTISAFE"},"content":{"rendered":"<p>Coupe moderne. Antistatique et ignifuge. Coutures en fil ignifug\u00e9. Encolure ronde. Coutures contrast\u00e9es. Les instructions d'entretien sont imprim\u00e9es - donc pas d'\u00e9tiquettes g\u00eanantes.<\/p>\n<p>OEKO-TEX\u00ae STANDARD 100 ; EN 1149-3 ; EN 1149-5 ; EN ISO 11612 (A1, B1, C1, F1) ; EN 61482-1-1 (ATPV - 5.5 cal\/cm\u00b2)<br \/>\n60% Modacrylique\/39% Coton\/1% Fibres de carbone<br \/>\nTissu au m\u00e8tre en jersey simple.<br \/>\n200 g\/m\u00b2 (1,5 lb)<br \/>\nLinge d\u00e9licat, max. 40\u00b0 C ; Pas de blanchiment ; Pas de s\u00e9chage en tambour ; Repassage \u00e0 basse temp\u00e9rature, max. 100\u00b0 C ; Ne convient pas au nettoyage \u00e0 sec<\/p>\n<p><a href=\"https:\/\/mascotsitecore-1ccb8.kxcdn.com\/pdf\/50121-929-010-de.pdf\" target=\"_blank\" rel=\"noopener\"><u>Ouvrir la fiche produit<\/u><\/a><\/p>","protected":false},"excerpt":{"rendered":"<ul>\n<li>Coupe moderne, pr\u00e8s du corps, offrant une grande libert\u00e9 de mouvement.<\/li>\n<li>Haute protection gr\u00e2ce aux propri\u00e9t\u00e9s antistatiques et ignifuges.<\/li>\n<li>Coutures de longue dur\u00e9e gr\u00e2ce \u00e0 un fil ignifuge.<\/li>\n<\/ul>","protected":false},"featured_media":565814,"template":"","meta":[],"product_brand":[],"product_cat":[4206],"product_tag":[],"class_list":{"0":"post-565775","1":"product","2":"type-product","3":"status-publish","4":"has-post-thumbnail","6":"product_cat-underwear","7":"pa_brand-mascot","8":"pa_brand-type-workwear","9":"pa_filter-color-schwarz","11":"first","12":"instock","13":"sale","14":"taxable","15":"shipping-taxable","16":"purchasable","17":"product-type-variable","18":"add-to-wishlist-before_image"},"exclude_global_add_ons":[],"addons":[],"acf":[],"_links":{"self":[{"href":"https:\/\/shop.kustom.ch\/fr\/wp-json\/wp\/v2\/product\/565775"}],"collection":[{"href":"https:\/\/shop.kustom.ch\/fr\/wp-json\/wp\/v2\/product"}],"about":[{"href":"https:\/\/shop.kustom.ch\/fr\/wp-json\/wp\/v2\/types\/product"}],"wp:featuredmedia":[{"embeddable":true,"href":"https:\/\/shop.kustom.ch\/fr\/wp-json\/wp\/v2\/media\/565814"}],"wp:attachment":[{"href":"https:\/\/shop.kustom.ch\/fr\/wp-json\/wp\/v2\/media?parent=565775"}],"wp:term":[{"taxonomy":"product_brand","embeddable":true,"href":"https:\/\/shop.kustom.ch\/fr\/wp-json\/wp\/v2\/product_brand?post=565775"},{"taxonomy":"product_cat","embeddable":true,"href":"https:\/\/shop.kustom.ch\/fr\/wp-json\/wp\/v2\/product_cat?post=565775"},{"taxonomy":"product_tag","embeddable":true,"href":"https:\/\/shop.kustom.ch\/fr\/wp-json\/wp\/v2\/product_tag?post=565775"}],"curies":[{"name":"wp","href":"https:\/\/api.w.org\/{rel}","templated":true}]}}