{"id":565767,"date":"2025-03-04T05:41:25","date_gmt":"2025-03-04T04:41:25","guid":{"rendered":"https:\/\/shop.kustom.ch\/?post_type=product&#038;p=565767"},"modified":"2026-03-31T07:44:28","modified_gmt":"2026-03-31T06:44:28","slug":"sweatshirt-multisafe","status":"publish","type":"product","link":"https:\/\/shop.kustom.ch\/fr\/produit\/sweatshirt-multisafe\/","title":{"rendered":"Sweat-shirt MULTISAFE"},"content":{"rendered":"<p>De qualit\u00e9 sup\u00e9rieure. Coupe moderne. Antistatique et ignifuge. Coutures en fil ignifug\u00e9. Encolure arrondie. Bords c\u00f4tes au cou, au bord inf\u00e9rieur et aux poignets. Bandeau sur la nuque. Poche lat\u00e9rale avec bande de protection contre les intemp\u00e9ries. Coutures contrast\u00e9es.<\/p>\n<p>EN 1149-3 ; EN 1149-5 ; EN ISO 11612 (A1, B1, C2, F1) ; EN 61482-1-2 (APC 1)<br \/>\n60% Modacrylique\/39% Coton\/1% Fibres de carbone<br \/>\nIsoli au m\u00e8tre.<br \/>\n290 g\/m<br \/>\nLinge d\u00e9licat, max. 40\u00b0 C ; Pas de blanchiment ; Pas de s\u00e9chage en tambour ; Repassage \u00e0 basse temp\u00e9rature, max. 100\u00b0 C ; Ne convient pas au nettoyage \u00e0 sec<\/p>\n<p><a href=\"https:\/\/mascotsitecore-1ccb8.kxcdn.com\/pdf\/50120-928-010-de.pdf\" target=\"_blank\" rel=\"noopener\"><u>Ouvrir la fiche produit<\/u><\/a><\/p>","protected":false},"excerpt":{"rendered":"<ul>\n<li>Haute protection gr\u00e2ce aux propri\u00e9t\u00e9s antistatiques et ignifuges.<\/li>\n<li>Coupe moderne, pr\u00e8s du corps, offrant une grande libert\u00e9 de mouvement.<\/li>\n<li>Coutures de longue dur\u00e9e gr\u00e2ce \u00e0 un fil ignifuge.<\/li>\n<li>Bords c\u00f4tes au cou, aux manches et \u00e0 l'ourlet.<\/li>\n<li>Poche passepoil\u00e9e sur le c\u00f4t\u00e9, sous les bras, pour ranger par exemple un t\u00e9l\u00e9phone portable ou des lunettes.<\/li>\n<li>Les coutures au niveau du cou sont cach\u00e9es par un mat\u00e9riau doux et rembourr\u00e9, de sorte qu'elles ne g\u00eanent pas.<\/li>\n<\/ul>","protected":false},"featured_media":565813,"template":"","meta":[],"product_brand":[],"product_cat":[4191],"product_tag":[],"class_list":{"0":"post-565767","1":"product","2":"type-product","3":"status-publish","4":"has-post-thumbnail","6":"product_cat-longsleeves-sweatshirts","7":"pa_brand-mascot","8":"pa_brand-type-workwear","9":"pa_filter-color-schwarz","11":"first","12":"instock","13":"sale","14":"taxable","15":"shipping-taxable","16":"purchasable","17":"product-type-variable","18":"add-to-wishlist-before_image"},"exclude_global_add_ons":[],"addons":[],"acf":[],"_links":{"self":[{"href":"https:\/\/shop.kustom.ch\/fr\/wp-json\/wp\/v2\/product\/565767"}],"collection":[{"href":"https:\/\/shop.kustom.ch\/fr\/wp-json\/wp\/v2\/product"}],"about":[{"href":"https:\/\/shop.kustom.ch\/fr\/wp-json\/wp\/v2\/types\/product"}],"wp:featuredmedia":[{"embeddable":true,"href":"https:\/\/shop.kustom.ch\/fr\/wp-json\/wp\/v2\/media\/565813"}],"wp:attachment":[{"href":"https:\/\/shop.kustom.ch\/fr\/wp-json\/wp\/v2\/media?parent=565767"}],"wp:term":[{"taxonomy":"product_brand","embeddable":true,"href":"https:\/\/shop.kustom.ch\/fr\/wp-json\/wp\/v2\/product_brand?post=565767"},{"taxonomy":"product_cat","embeddable":true,"href":"https:\/\/shop.kustom.ch\/fr\/wp-json\/wp\/v2\/product_cat?post=565767"},{"taxonomy":"product_tag","embeddable":true,"href":"https:\/\/shop.kustom.ch\/fr\/wp-json\/wp\/v2\/product_tag?post=565767"}],"curies":[{"name":"wp","href":"https:\/\/api.w.org\/{rel}","templated":true}]}}