{"id":565739,"date":"2025-03-04T05:40:51","date_gmt":"2025-03-04T04:40:51","guid":{"rendered":"https:\/\/shop.kustom.ch\/?post_type=product&#038;p=565739"},"modified":"2026-03-31T07:44:21","modified_gmt":"2026-03-31T06:44:21","slug":"winterhose-multisafe","status":"publish","type":"product","link":"https:\/\/shop.kustom.ch\/fr\/produit\/winterhose-multisafe\/","title":{"rendered":"Pantalon d'hiver MULTISAFE"},"content":{"rendered":"<p>Bicolore, avec des reflets. Fluorescent avec des reflets. R\u00e9sistant \u00e0 la salet\u00e9. Antistatique, ignifuge et avec protection contre les acides. Prot\u00e8ge contre les arcs \u00e9lectriques et les soudures occasionnelles. Respirant, imperm\u00e9able au vent et \u00e0 l'eau. Les coutures sont coll\u00e9es. Doublure en piqu\u00e9. Les bretelles en \u00e9lastique solide sont amovibles. Passants de ceinture. Anneau en D. Ceinture sur\u00e9lev\u00e9e \u00e0 l'arri\u00e8re pour une meilleure protection contre le froid. Braguette avec fermeture \u00e0 glissi\u00e8re. Poches sur le devant. Poches arri\u00e8re renforc\u00e9es, avec rabat et boutons-pression cach\u00e9s. Poche sur la cuisse avec rabat et boutons-pression cach\u00e9s. Poche cuisse pour t\u00e9l\u00e9phone portable. Poche m\u00e8tre renforc\u00e9e. Poches genouill\u00e8res, r\u00e9glables en hauteur, avec rabat et ouverture par le haut. Fermeture \u00e0 glissi\u00e8re avec rabat de protection contre les intemp\u00e9ries \u00e0 l'ext\u00e9rieur de la jambe. Pour ce mod\u00e8le, nous recommandons les protections de genoux suivantes : 00418-100, 00718-100, 50451-916 ou 20118-915. Certifi\u00e9 avec le type de genouill\u00e8re SHORT ou LONG selon EN 14404.<\/p>\n<p>OEKO-TEX\u00ae STANDARD 100 ; EN 1149-3 ; EN 1149-5 ; EN ISO 11612 (A1, A2, B1, C1, E1, F1) ; EN 61482-1-1 (ATPV - 24 cal\/cm\u00b2) ; EN 61482-1-2 classe 2 ; EN ISO 11611 - classe 1 (A1 + A2) ; EN 343 3\/1 ; EN 342 3\/WP (0.308 clo) ; EN 13034 (Type 6) ; EN ISO 20471 - classe 2 ; Hi-Vis groupe Y<br \/>\n55% Modacrylique\/39% Coton\/5% Polyamide\/1% Fibres de carbone<br \/>\nTwill\/ripstop.<br \/>\n320 g\/m<br \/>\nLavage de couleur, max. 60\u00b0 C ; Ne pas blanchir ; Ne pas s\u00e9cher au s\u00e8che-linge ; Ne pas repasser ; Supporte le nettoyage normal<\/p>\n<p><a href=\"https:\/\/mascotsitecore-1ccb8.kxcdn.com\/pdf\/13892-217-17010-de.pdf\" target=\"_blank\" rel=\"noopener\"><u>Ouvrir la fiche produit<\/u><\/a><\/p>","protected":false},"excerpt":{"rendered":"<ul>\n<li>Respirant, \u00e9tanche au vent et \u00e0 l'eau avec coutures scell\u00e9es.<\/li>\n<li>Antistatique, ignifuge et avec protection contre les acides.<\/li>\n<li>R\u00e9siste \u00e0 la salet\u00e9.<\/li>\n<li>Le dos rallong\u00e9 soutient et tient chaud.<\/li>\n<li>Les poches pour les genoux sont r\u00e9glables en hauteur, de sorte que la protection des genoux est plac\u00e9e de mani\u00e8re optimale sur les genoux.<\/li>\n<li>Certifi\u00e9 pour une utilisation avec les genouill\u00e8res MASCOT de type SHORT ou LONG, car la poche de genouill\u00e8re est r\u00e9glable en hauteur.<\/li>\n<\/ul>","protected":false},"featured_media":565750,"template":"","meta":[],"product_brand":[],"product_cat":[4185],"product_tag":[],"class_list":{"0":"post-565739","1":"product","2":"type-product","3":"status-publish","4":"has-post-thumbnail","6":"product_cat-hosen","7":"pa_brand-mascot","8":"pa_brand-type-workwear","9":"pa_filter-color-blau","10":"pa_filter-color-gelb","11":"pa_filter-color-schwarz","13":"first","14":"instock","15":"sale","16":"taxable","17":"shipping-taxable","18":"purchasable","19":"product-type-variable","20":"add-to-wishlist-before_image"},"exclude_global_add_ons":[],"addons":[],"acf":[],"_links":{"self":[{"href":"https:\/\/shop.kustom.ch\/fr\/wp-json\/wp\/v2\/product\/565739"}],"collection":[{"href":"https:\/\/shop.kustom.ch\/fr\/wp-json\/wp\/v2\/product"}],"about":[{"href":"https:\/\/shop.kustom.ch\/fr\/wp-json\/wp\/v2\/types\/product"}],"wp:featuredmedia":[{"embeddable":true,"href":"https:\/\/shop.kustom.ch\/fr\/wp-json\/wp\/v2\/media\/565750"}],"wp:attachment":[{"href":"https:\/\/shop.kustom.ch\/fr\/wp-json\/wp\/v2\/media?parent=565739"}],"wp:term":[{"taxonomy":"product_brand","embeddable":true,"href":"https:\/\/shop.kustom.ch\/fr\/wp-json\/wp\/v2\/product_brand?post=565739"},{"taxonomy":"product_cat","embeddable":true,"href":"https:\/\/shop.kustom.ch\/fr\/wp-json\/wp\/v2\/product_cat?post=565739"},{"taxonomy":"product_tag","embeddable":true,"href":"https:\/\/shop.kustom.ch\/fr\/wp-json\/wp\/v2\/product_tag?post=565739"}],"curies":[{"name":"wp","href":"https:\/\/api.w.org\/{rel}","templated":true}]}}