{"id":565703,"date":"2025-03-04T05:40:45","date_gmt":"2025-03-04T04:40:45","guid":{"rendered":"https:\/\/shop.kustom.ch\/?post_type=product&#038;p=565703"},"modified":"2026-03-31T07:44:18","modified_gmt":"2026-03-31T06:44:18","slug":"hose-mit-knietaschen-multisafe-3","status":"publish","type":"product","link":"https:\/\/shop.kustom.ch\/fr\/produit\/hose-mit-knietaschen-multisafe-3\/","title":{"rendered":"Pantalon avec poches genouill\u00e8res MULTISAFE"},"content":{"rendered":"<p>Bicolore, avec des reflets. Fluorescent avec des reflets. Antistatique, ignifuge et avec protection contre les acides. R\u00e9siste \u00e0 la salet\u00e9. Prot\u00e8ge contre les arcs \u00e9lectriques et les soudures occasionnelles. Double et triple coutures rabattues sur les jambes et \u00e0 l'entrejambe. Passants de ceinture. Taille basse et ceinture moul\u00e9e. Anneau en D. Braguette avec fermeture \u00e0 glissi\u00e8re. Jambes de pantalon de forme ergonomique. Poches avant avec renforts. Poches arri\u00e8re renforc\u00e9es avec rabat et boutons-pression cach\u00e9s. Poche sur la cuisse avec rabat et boutons-pression cach\u00e9s. Poche cuisse pour t\u00e9l\u00e9phone portable. Poche m\u00e8tre renforc\u00e9e. Poches genouill\u00e8res, r\u00e9glables en hauteur, avec rabat et ouverture par le haut. Pour ce mod\u00e8le, nous recommandons les protections de genoux suivantes : 00718-100, 50451-916 ou 20118-915. Certifi\u00e9 avec les genouill\u00e8res de type LONG selon EN 14404.<\/p>\n<p>OEKO-TEX\u00ae STANDARD 100 ; EN ISO 20471 - classe 2 ; Hi-Vis groupe Y ; EN 1149-3 ; EN 1149-5 ; EN 13034 (type 6) ; EN ISO 11611 - classe 1 (A1 + A2) ; EN ISO 11612 (A1, A2, B1, C1, F1) ; EN 61482-1-1 (ATPV - 7.7 cal\/cm\u00b2) ; EN 61482-1-2 class 1<br \/>\n55% Modacrylique\/39% Coton\/5% Polyamide\/1% Fibres de carbone<br \/>\nTwill\/ripstop. Peut r\u00e9tr\u00e9cir au maximum de 3%. Le produit est certifi\u00e9 comme conservant ses propri\u00e9t\u00e9s apr\u00e8s 50 lavages \u00e0 domicile ou 50 lavages industriels. Important : pour maintenir la r\u00e9sistance aux acides, une r\u00e9impr\u00e9gnation doit \u00eatre effectu\u00e9e apr\u00e8s chaque lavage.<br \/>\n275 g\/m<br \/>\nLavage couleur, max. 60\u00b0 C ; Pas de blanchiment ; Supporte le s\u00e8che-linge - temp\u00e9rature de d\u00e9part max. 80\u00b0 C ; Repassage \u00e0 basse temp\u00e9rature, max. 100\u00b0 C ; Supporte le nettoyage normal<\/p>\n<p><a href=\"https:\/\/mascotsitecore-1ccb8.kxcdn.com\/pdf\/13879-216-17010-de.pdf\" target=\"_blank\" rel=\"noopener\"><u>Ouvrir la fiche produit<\/u><\/a><\/p>","protected":false},"excerpt":{"rendered":"<ul>\n<li>Antistatique, ignifuge et avec protection contre les acides.<\/li>\n<li>Double et triple coutures rabattues sur les jambes et \u00e0 l'entrejambe.<\/li>\n<li>Ceinture anatomique, confortable dans toutes les positions de travail.<\/li>\n<li>Jambes de pantalons ergonomiques, form\u00e9es selon les mouvements naturels du corps.<\/li>\n<li>Poches genouill\u00e8res avec acc\u00e8s par le haut et rabat pour \u00e9viter l'accumulation de salet\u00e9s.<\/li>\n<li>Certifi\u00e9 pour une utilisation avec les genouill\u00e8res MASCOT de type SHORT ou LONG, car la poche de genouill\u00e8re est r\u00e9glable en hauteur.<\/li>\n<\/ul>","protected":false},"featured_media":565749,"template":"","meta":[],"product_brand":[],"product_cat":[4185],"product_tag":[],"class_list":{"0":"post-565703","1":"product","2":"type-product","3":"status-publish","4":"has-post-thumbnail","6":"product_cat-hosen","7":"pa_brand-mascot","8":"pa_brand-type-workwear","9":"pa_filter-color-blau","10":"pa_filter-color-gelb","11":"pa_filter-color-schwarz","13":"first","14":"instock","15":"sale","16":"taxable","17":"shipping-taxable","18":"purchasable","19":"product-type-variable","20":"add-to-wishlist-before_image"},"exclude_global_add_ons":[],"addons":[],"acf":[],"_links":{"self":[{"href":"https:\/\/shop.kustom.ch\/fr\/wp-json\/wp\/v2\/product\/565703"}],"collection":[{"href":"https:\/\/shop.kustom.ch\/fr\/wp-json\/wp\/v2\/product"}],"about":[{"href":"https:\/\/shop.kustom.ch\/fr\/wp-json\/wp\/v2\/types\/product"}],"wp:featuredmedia":[{"embeddable":true,"href":"https:\/\/shop.kustom.ch\/fr\/wp-json\/wp\/v2\/media\/565749"}],"wp:attachment":[{"href":"https:\/\/shop.kustom.ch\/fr\/wp-json\/wp\/v2\/media?parent=565703"}],"wp:term":[{"taxonomy":"product_brand","embeddable":true,"href":"https:\/\/shop.kustom.ch\/fr\/wp-json\/wp\/v2\/product_brand?post=565703"},{"taxonomy":"product_cat","embeddable":true,"href":"https:\/\/shop.kustom.ch\/fr\/wp-json\/wp\/v2\/product_cat?post=565703"},{"taxonomy":"product_tag","embeddable":true,"href":"https:\/\/shop.kustom.ch\/fr\/wp-json\/wp\/v2\/product_tag?post=565703"}],"curies":[{"name":"wp","href":"https:\/\/api.w.org\/{rel}","templated":true}]}}