{"id":565540,"date":"2025-03-04T05:37:19","date_gmt":"2025-03-04T04:37:19","guid":{"rendered":"https:\/\/shop.kustom.ch\/?post_type=product&#038;p=565540"},"modified":"2026-03-31T07:43:37","modified_gmt":"2026-03-31T06:43:37","slug":"latzhose-mit-knietaschen-multisafe-2","status":"publish","type":"product","link":"https:\/\/shop.kustom.ch\/fr\/produit\/latzhose-mit-knietaschen-multisafe-2\/","title":{"rendered":"Salopette avec poches genouill\u00e8res MULTISAFE"},"content":{"rendered":"<p>Antistatique, ignifuge et avec protection contre les acides. R\u00e9siste \u00e0 la salet\u00e9. Prot\u00e8ge contre les arcs \u00e9lectriques et les soudures occasionnelles. Coutures doubles et triples \u00e0 l'entrejambe et aux jambes. Bretelles en tissu, r\u00e9glables et munies d'un \u00e9lastique court et solide et de boucles en plastique. Poche bavette avec compartiment pour stylo et rabat avec boutons-pression cach\u00e9s. Poche pour t\u00e9l\u00e9phone portable avec fermeture \u00e9clair. Taille r\u00e9glable. Anneau en D. Braguette avec fermeture \u00e0 glissi\u00e8re. Les jambes du pantalon ont une forme ergonomique. Poches avant avec renforts. Poches arri\u00e8re renforc\u00e9es avec rabat et boutons-pression cach\u00e9s. Poche sur la cuisse avec rabat et boutons-pression cach\u00e9s. Poche cuisse pour t\u00e9l\u00e9phone portable. Poche m\u00e8tre renforc\u00e9e. Poches genouill\u00e8res, r\u00e9glables en hauteur, avec rabat et ouverture par le haut. L'entrejambe peut \u00eatre rallong\u00e9 de 3 cm en coupant la couture rouge \u00e0 l'int\u00e9rieur de la jambe. Effets r\u00e9fl\u00e9chissants. Pour ce mod\u00e8le, nous recommandons les protections de genoux suivantes : 00718-100, 50451-916 ou 20118-915. Certifi\u00e9 avec les genouill\u00e8res de type LONG selon EN 14404.<\/p>\n<p>OEKO-TEX\u00ae STANDARD 100 ; EN 1149-3 ; EN 1149-5 ; EN 13034 (Type 6) ; EN ISO 11612 (A1, A2, B1, C1, F1) ; EN 61482-1-1 (ATPV - 7.7 cal\/cm\u00b2) ; EN 61482-1-2 classe 1 ; EN ISO 11611 - classe 1 (A1 + A2)<br \/>\n60% Modacrylique\/39% Coton\/1% Fibres de carbone<br \/>\nTwill\/Ripstop. Peut r\u00e9tr\u00e9cir jusqu'\u00e0 3%. Important : afin de conserver la r\u00e9sistance aux acides, il convient de r\u00e9impr\u00e9gner le produit apr\u00e8s chaque lavage.<br \/>\n275 g\/m<br \/>\nLavage couleur, max. 60\u00b0 C ; Pas de blanchiment ; Supporte le s\u00e8che-linge - temp\u00e9rature de d\u00e9part max. 80\u00b0 C ; Repassage \u00e0 basse temp\u00e9rature, max. 100\u00b0 C ; Supporte le nettoyage normal<\/p>\n<p><a href=\"https:\/\/mascotsitecore-1ccb8.kxcdn.com\/pdf\/13669-216-010-de.pdf\" target=\"_blank\" rel=\"noopener\"><u>Ouvrir la fiche produit<\/u><\/a><\/p>","protected":false},"excerpt":{"rendered":"<ul>\n<li>Antistatique, ignifuge et avec protection contre les acides.<\/li>\n<li>R\u00e9siste \u00e0 la salet\u00e9.<\/li>\n<li>Les coutures sont orient\u00e9es vers le bas afin d'\u00e9viter que des \u00e9tincelles ne s'y logent.<\/li>\n<li>Les triples coutures en pointe r\u00e9sistantes prolongent la dur\u00e9e de vie du produit.<\/li>\n<li>Les poches pour les genoux sont r\u00e9glables en hauteur, de sorte que la protection des genoux est plac\u00e9e de mani\u00e8re optimale sur les genoux.<\/li>\n<li>Certifi\u00e9 pour une utilisation avec les genouill\u00e8res MASCOT de type SHORT ou LONG, car la poche de genouill\u00e8re est r\u00e9glable en hauteur.<\/li>\n<\/ul>","protected":false},"featured_media":565618,"template":"","meta":[],"product_brand":[],"product_cat":[10448],"product_tag":[],"class_list":{"0":"post-565540","1":"product","2":"type-product","3":"status-publish","4":"has-post-thumbnail","6":"product_cat-latzhose","7":"pa_brand-mascot","8":"pa_brand-type-workwear","9":"pa_filter-color-schwarz","11":"first","12":"instock","13":"sale","14":"taxable","15":"shipping-taxable","16":"purchasable","17":"product-type-variable","18":"add-to-wishlist-before_image"},"exclude_global_add_ons":[],"addons":[],"acf":[],"_links":{"self":[{"href":"https:\/\/shop.kustom.ch\/fr\/wp-json\/wp\/v2\/product\/565540"}],"collection":[{"href":"https:\/\/shop.kustom.ch\/fr\/wp-json\/wp\/v2\/product"}],"about":[{"href":"https:\/\/shop.kustom.ch\/fr\/wp-json\/wp\/v2\/types\/product"}],"wp:featuredmedia":[{"embeddable":true,"href":"https:\/\/shop.kustom.ch\/fr\/wp-json\/wp\/v2\/media\/565618"}],"wp:attachment":[{"href":"https:\/\/shop.kustom.ch\/fr\/wp-json\/wp\/v2\/media?parent=565540"}],"wp:term":[{"taxonomy":"product_brand","embeddable":true,"href":"https:\/\/shop.kustom.ch\/fr\/wp-json\/wp\/v2\/product_brand?post=565540"},{"taxonomy":"product_cat","embeddable":true,"href":"https:\/\/shop.kustom.ch\/fr\/wp-json\/wp\/v2\/product_cat?post=565540"},{"taxonomy":"product_tag","embeddable":true,"href":"https:\/\/shop.kustom.ch\/fr\/wp-json\/wp\/v2\/product_tag?post=565540"}],"curies":[{"name":"wp","href":"https:\/\/api.w.org\/{rel}","templated":true}]}}