{"id":565532,"date":"2025-03-04T05:37:18","date_gmt":"2025-03-04T04:37:18","guid":{"rendered":"https:\/\/shop.kustom.ch\/?post_type=product&#038;p=565532"},"modified":"2026-03-31T07:43:35","modified_gmt":"2026-03-31T06:43:35","slug":"jacke-multisafe-2","status":"publish","type":"product","link":"https:\/\/shop.kustom.ch\/fr\/produit\/jacke-multisafe-2\/","title":{"rendered":"Veste MULTISAFE"},"content":{"rendered":"<p>Antistatique, ignifuge et avec protection contre les acides. R\u00e9sistant aux salissures. Prot\u00e8ge contre les arcs \u00e9lectriques et lors de travaux de soudage occasionnels. Col montant. Double coutures sur les \u00e9paules, les manches et les c\u00f4t\u00e9s. Fermeture avec rabat de protection contre les intemp\u00e9ries et boutons-pression dissimul\u00e9s. Poche zipp\u00e9e sous la patte de protection contre les intemp\u00e9ries. Dos allong\u00e9. Poche poitrine zipp\u00e9e. Poche poitrine \u00e0 rabat et bouton-pression. Anneau en D. Sangle pour alarme de gaz. Poches avant zipp\u00e9es. Manches ergonomiques offrant une grande libert\u00e9 de mouvement. Poignets \u00e9lastiqu\u00e9s. Taille \u00e9lastiqu\u00e9e r\u00e9glable \u00e0 l'int\u00e9rieur. Effets r\u00e9fl\u00e9chissants.<\/p>\n<p>OEKO-TEX\u00ae STANDARD 100 ; EN 1149-3 ; EN 1149-5 ; EN 13034 (type 6) ; EN ISO 11612 (A1, A2, B1, C1, E1, F1) ; EN 61482-1-1 (ATPV \u2013 7,7 cal\/cm\u00b2) ; EN 61482-1-2 classe 1 ; EN ISO 11611 \u2013 classe 1 (A1 + A2)<br \/>\n55% Modacrylique\/39% Coton\/5% Polyamide\/1% Fibres de carbone<br \/>\nTwill\/Ripstop. Peut r\u00e9tr\u00e9cir jusqu'\u00e0 3%. Important : afin de conserver la r\u00e9sistance aux acides, il convient de r\u00e9impr\u00e9gner le produit apr\u00e8s chaque lavage.<br \/>\n275 g\/m<br \/>\nLavage couleur, max. 60\u00b0 C ; Pas de blanchiment ; Supporte le s\u00e8che-linge - temp\u00e9rature de d\u00e9part max. 80\u00b0 C ; Repassage \u00e0 basse temp\u00e9rature, max. 100\u00b0 C ; Supporte le nettoyage normal<\/p>\n<p><a href=\"https:\/\/mascotsitecore-1ccb8.kxcdn.com\/pdf\/13609-216-010-de.pdf\" target=\"_blank\" rel=\"noopener\"><u>Ouvrir la fiche produit<\/u><\/a><\/p>","protected":false},"excerpt":{"rendered":"<ul>\n<li>Antistatique, ignifuge et avec protection contre les acides.<\/li>\n<li>R\u00e9siste \u00e0 la salet\u00e9.<\/li>\n<li>La poche int\u00e9rieure sous la bande de protection contre les intemp\u00e9ries permet par exemple d'acc\u00e9der facilement \u00e0 un t\u00e9l\u00e9phone portable sans devoir ouvrir la veste elle-m\u00eame.<\/li>\n<li>Grande libert\u00e9 de mouvement gr\u00e2ce aux manches coup\u00e9es en forme.<\/li>\n<li>Poches ferm\u00e9es par des rabats afin d'emp\u00eacher, par exemple, les \u00e9tincelles de p\u00e9n\u00e9trer.<\/li>\n<\/ul>","protected":false},"featured_media":565583,"template":"","meta":[],"product_brand":[],"product_cat":[4186],"product_tag":[],"class_list":{"0":"post-565532","1":"product","2":"type-product","3":"status-publish","4":"has-post-thumbnail","6":"product_cat-jacken","7":"pa_brand-mascot","8":"pa_brand-type-workwear","9":"pa_filter-color-schwarz","11":"first","12":"instock","13":"sale","14":"taxable","15":"shipping-taxable","16":"purchasable","17":"product-type-variable","18":"add-to-wishlist-before_image"},"exclude_global_add_ons":[],"addons":[],"acf":[],"_links":{"self":[{"href":"https:\/\/shop.kustom.ch\/fr\/wp-json\/wp\/v2\/product\/565532"}],"collection":[{"href":"https:\/\/shop.kustom.ch\/fr\/wp-json\/wp\/v2\/product"}],"about":[{"href":"https:\/\/shop.kustom.ch\/fr\/wp-json\/wp\/v2\/types\/product"}],"wp:featuredmedia":[{"embeddable":true,"href":"https:\/\/shop.kustom.ch\/fr\/wp-json\/wp\/v2\/media\/565583"}],"wp:attachment":[{"href":"https:\/\/shop.kustom.ch\/fr\/wp-json\/wp\/v2\/media?parent=565532"}],"wp:term":[{"taxonomy":"product_brand","embeddable":true,"href":"https:\/\/shop.kustom.ch\/fr\/wp-json\/wp\/v2\/product_brand?post=565532"},{"taxonomy":"product_cat","embeddable":true,"href":"https:\/\/shop.kustom.ch\/fr\/wp-json\/wp\/v2\/product_cat?post=565532"},{"taxonomy":"product_tag","embeddable":true,"href":"https:\/\/shop.kustom.ch\/fr\/wp-json\/wp\/v2\/product_tag?post=565532"}],"curies":[{"name":"wp","href":"https:\/\/api.w.org\/{rel}","templated":true}]}}