{"id":565483,"date":"2025-03-04T05:35:56","date_gmt":"2025-03-04T04:35:56","guid":{"rendered":"https:\/\/shop.kustom.ch\/?post_type=product&#038;p=565483"},"modified":"2026-03-31T07:43:22","modified_gmt":"2026-03-31T06:43:22","slug":"hemd-multisafe","status":"publish","type":"product","link":"https:\/\/shop.kustom.ch\/fr\/produit\/hemd-multisafe\/","title":{"rendered":"Chemise MULTISAFE"},"content":{"rendered":"<p>De qualit\u00e9 sup\u00e9rieure. Coupe moderne. Antistatique et ignifuge. Coutures rabattues doubles sur les manches et les c\u00f4t\u00e9s. Patte de boutonnage avec boutons cach\u00e9s. Poches poitrine avec rabat et boutons-pression cach\u00e9s. Porte-stylo pour stylo. Sangle sur les manches, par exemple pour une alarme de gaz. Fentes dans les manches, cach\u00e9es. Poignets avec \u00e9lastique.<\/p>\n<p>OEKO-TEX\u00ae STANDARD 100 ; EN 1149-3 ; EN 1149-5 ; EN ISO 11612 (A1, B1, C1)<br \/>\n99% Coton\/1% Fibres de carbone<br \/>\nArmure toile.<br \/>\n185 g\/m<br \/>\nLavage couleur, max. 60\u00b0 C ; Pas de blanchiment ; Supporte le s\u00e8che-linge - temp\u00e9rature de d\u00e9part max. 60\u00b0 C ; Repassage \u00e0 temp\u00e9rature moyenne, max. 150\u00b0 C ; Supporte le nettoyage normal<\/p>\n<p><a href=\"https:\/\/mascotsitecore-1ccb8.kxcdn.com\/pdf\/09004-142-10-de.pdf\" target=\"_blank\" rel=\"noopener\"><u>Ouvrir la fiche produit<\/u><\/a><\/p>","protected":false},"excerpt":{"rendered":"<ul>\n<li>Haute protection gr\u00e2ce aux propri\u00e9t\u00e9s antistatiques et ignifuges.<\/li>\n<li>Coupe moderne, pr\u00e8s du corps, offrant une grande libert\u00e9 de mouvement.<\/li>\n<li>Avec patte de boutonnage cach\u00e9e.<\/li>\n<li>Sangle sur les manches pour attacher un d\u00e9tecteur de gaz, par exemple.<\/li>\n<\/ul>","protected":false},"featured_media":565580,"template":"","meta":[],"product_brand":[],"product_cat":[9874],"product_tag":[],"class_list":{"0":"post-565483","1":"product","2":"type-product","3":"status-publish","4":"has-post-thumbnail","6":"product_cat-hemden","7":"pa_brand-mascot","8":"pa_brand-type-workwear","9":"pa_filter-color-blau","10":"pa_filter-color-grau","11":"pa_filter-color-schwarz","13":"first","14":"instock","15":"sale","16":"taxable","17":"shipping-taxable","18":"purchasable","19":"product-type-variable","20":"add-to-wishlist-before_image"},"exclude_global_add_ons":[],"addons":[],"acf":[],"_links":{"self":[{"href":"https:\/\/shop.kustom.ch\/fr\/wp-json\/wp\/v2\/product\/565483"}],"collection":[{"href":"https:\/\/shop.kustom.ch\/fr\/wp-json\/wp\/v2\/product"}],"about":[{"href":"https:\/\/shop.kustom.ch\/fr\/wp-json\/wp\/v2\/types\/product"}],"wp:featuredmedia":[{"embeddable":true,"href":"https:\/\/shop.kustom.ch\/fr\/wp-json\/wp\/v2\/media\/565580"}],"wp:attachment":[{"href":"https:\/\/shop.kustom.ch\/fr\/wp-json\/wp\/v2\/media?parent=565483"}],"wp:term":[{"taxonomy":"product_brand","embeddable":true,"href":"https:\/\/shop.kustom.ch\/fr\/wp-json\/wp\/v2\/product_brand?post=565483"},{"taxonomy":"product_cat","embeddable":true,"href":"https:\/\/shop.kustom.ch\/fr\/wp-json\/wp\/v2\/product_cat?post=565483"},{"taxonomy":"product_tag","embeddable":true,"href":"https:\/\/shop.kustom.ch\/fr\/wp-json\/wp\/v2\/product_tag?post=565483"}],"curies":[{"name":"wp","href":"https:\/\/api.w.org\/{rel}","templated":true}]}}