{"id":565465,"date":"2025-03-04T05:35:28","date_gmt":"2025-03-04T04:35:28","guid":{"rendered":"https:\/\/shop.kustom.ch\/?post_type=product&#038;p=565465"},"modified":"2026-03-31T07:43:20","modified_gmt":"2026-03-31T06:43:20","slug":"parka-multisafe","status":"publish","type":"product","link":"https:\/\/shop.kustom.ch\/fr\/produit\/parka-multisafe\/","title":{"rendered":"Parka MULTISAFE"},"content":{"rendered":"<p>Fluorescent avec bande r\u00e9fl\u00e9chissante verticale et horizontale. En deux couleurs. Antistatique, ignifuge et avec protection contre les acides. Respirant, imperm\u00e9able au vent et \u00e0 l'eau. Les coutures sont coll\u00e9es. Doublure, matelass\u00e9e et amovible. Fermeture avec fermeture \u00e9clair \u00e0 double sens, double rabat de protection contre les intemp\u00e9ries et boutons-pression cach\u00e9s. Poches poitrine avec rabat. Poches avant avec rabat. Cordon de serrage dans le bord inf\u00e9rieur. Poignets c\u00f4tel\u00e9s (cach\u00e9s sous la patte de protection contre les intemp\u00e9ries). Elastique aux poignets. Boutons-pression pour la capuche.<\/p>\n<p>OEKO-TEX\u00ae STANDARD 100 ; EN 1149-5 ; EN 343 3-1-X ; EN 13034 (Type 6) ; EN ISO 14116 (outer face index 1\/inner face index 3) ; EN ISO 20471 - Classe 2 (XS-S) ; EN ISO 20471 - Classe 3 ; Hi-Vis Group A<br \/>\n98% Polyester\/2% Fibres de carbone<br \/>\nStructure en toile. Le produit est certifi\u00e9 comme conservant ses propri\u00e9t\u00e9s apr\u00e8s 25 lavages \u00e0 domicile.<br \/>\n250 g\/m<br \/>\nLinge d\u00e9licat, max. 40\u00b0 C ; Pas de blanchiment ; Pas de s\u00e9chage en tambour ; Pas de repassage ; Ne convient pas au nettoyage \u00e0 sec<\/p>\n<p><a href=\"https:\/\/mascotsitecore-1ccb8.kxcdn.com\/pdf\/06831-064-171-de.pdf\" target=\"_blank\" rel=\"noopener\"><u>Ouvrir la fiche produit<\/u><\/a><\/p>","protected":false},"excerpt":{"rendered":"<ul>\n<li>Antistatique, ignifuge et avec protection contre les acides.<\/li>\n<li>Respirant, \u00e9tanche au vent et \u00e0 l'eau avec coutures scell\u00e9es.<\/li>\n<li>Doublure matelass\u00e9e amovible.<\/li>\n<li>Fermeture \u00e9clair \u00e0 double sens avec double rabat de protection contre les intemp\u00e9ries et boutons-pression cach\u00e9s.<\/li>\n<li>Possibilit\u00e9 d'attacher la capuche MASCOT\u00ae MacGill avec des boutons-pression.<\/li>\n<\/ul>","protected":false},"featured_media":565579,"template":"","meta":[],"product_brand":[],"product_cat":[4186],"product_tag":[],"class_list":{"0":"post-565465","1":"product","2":"type-product","3":"status-publish","4":"has-post-thumbnail","6":"product_cat-jacken","7":"pa_brand-mascot","8":"pa_brand-type-workwear","9":"pa_filter-color-blau","10":"pa_filter-color-gelb","12":"first","13":"instock","14":"sale","15":"taxable","16":"shipping-taxable","17":"purchasable","18":"product-type-variable","19":"add-to-wishlist-before_image"},"exclude_global_add_ons":[],"addons":[],"acf":[],"_links":{"self":[{"href":"https:\/\/shop.kustom.ch\/fr\/wp-json\/wp\/v2\/product\/565465"}],"collection":[{"href":"https:\/\/shop.kustom.ch\/fr\/wp-json\/wp\/v2\/product"}],"about":[{"href":"https:\/\/shop.kustom.ch\/fr\/wp-json\/wp\/v2\/types\/product"}],"wp:featuredmedia":[{"embeddable":true,"href":"https:\/\/shop.kustom.ch\/fr\/wp-json\/wp\/v2\/media\/565579"}],"wp:attachment":[{"href":"https:\/\/shop.kustom.ch\/fr\/wp-json\/wp\/v2\/media?parent=565465"}],"wp:term":[{"taxonomy":"product_brand","embeddable":true,"href":"https:\/\/shop.kustom.ch\/fr\/wp-json\/wp\/v2\/product_brand?post=565465"},{"taxonomy":"product_cat","embeddable":true,"href":"https:\/\/shop.kustom.ch\/fr\/wp-json\/wp\/v2\/product_cat?post=565465"},{"taxonomy":"product_tag","embeddable":true,"href":"https:\/\/shop.kustom.ch\/fr\/wp-json\/wp\/v2\/product_tag?post=565465"}],"curies":[{"name":"wp","href":"https:\/\/api.w.org\/{rel}","templated":true}]}}