{"id":565223,"date":"2025-03-04T05:31:14","date_gmt":"2025-03-04T04:31:14","guid":{"rendered":"https:\/\/shop.kustom.ch\/?post_type=product&#038;p=565223"},"modified":"2026-03-31T07:43:01","modified_gmt":"2026-03-31T06:43:01","slug":"latzhose-mit-knietaschen-multisafe","status":"publish","type":"product","link":"https:\/\/shop.kustom.ch\/fr\/produit\/latzhose-mit-knietaschen-multisafe\/","title":{"rendered":"Salopette avec poches genouill\u00e8res MULTISAFE"},"content":{"rendered":"<p>PyroPro\u00ae antistatique et ignifuge avec protection contre les acides. Prot\u00e8ge en cas d'arcs \u00e9lectriques et de soudage occasionnel. Le traitement de surface rend le produit r\u00e9sistant \u00e0 la salet\u00e9. Triples coutures rabattues sur les jambes et \u00e0 l'entrejambe. Bretelles en tissu, r\u00e9glables et munies d'un \u00e9lastique court et solide et de boucles en plastique. Poche bavette avec rabat et bouton-pression dissimul\u00e9. Poche int\u00e9rieure avec fermeture velcro. Taille r\u00e9glable. Poches sur le devant. Braguette avec fermeture \u00e0 glissi\u00e8re. Poches arri\u00e8re avec rabat et boutons-pression cach\u00e9s. Poche sur la cuisse avec rabat et boutons-pression cach\u00e9s. Poche pour m\u00e8tre pliant. Poches genouill\u00e8res r\u00e9glables en hauteur avec rabat et ouverture par le haut. Coutures orient\u00e9es vers le bas pour \u00e9viter les \u00e9tincelles. Coutures contrast\u00e9es. Pour ce mod\u00e8le, nous recommandons les protections de genoux suivantes : 00418-100, 00718-100, 50451-916 ou 20118-915. Certifi\u00e9 avec le type de genouill\u00e8re SHORT ou LONG selon EN 14404.<\/p>\n<p>OEKO-TEX\u00ae STANDARD 100 ; EN 1149-3 ; EN 1149-5 ; EN 13034 (type 6) ; EN ISO 11612 (A1, B1, C1, E1) ; EN 61482-1-1 (ATPV - 12 cal\/cm\u00b2) ; EN 61482-1-2 classe 1 ; EN ISO 11611 - classe 1 (A1)<br \/>\n87% Coton\/12% Polyamide\/1% Fibres de carbone<br \/>\nStructure en toile. Peut r\u00e9tr\u00e9cir jusqu'\u00e0 7% pour 5 lavages industriels (ISO 15797) et jusqu'\u00e0 5% pour les lavages domestiques. Laver s\u00e9par\u00e9ment. Impr\u00e9gner avec du flourcarbon (PFC) apr\u00e8s chaque lavage pour renouveler la protection selon EN 13034.<br \/>\n320 g\/m<br \/>\nLavage couleur, max. 60\u00b0 C ; Pas de blanchiment ; Supporte le s\u00e8che-linge - temp\u00e9rature de d\u00e9part max. 60\u00b0 C ; Repassage \u00e0 temp\u00e9rature moyenne, max. 150\u00b0 C ; Supporte le nettoyage normal<\/p>\n<p><a href=\"https:\/\/mascotsitecore-1ccb8.kxcdn.com\/pdf\/06669-135-010-de.pdf\" target=\"_blank\" rel=\"noopener\"><u>Ouvrir la fiche produit<\/u><\/a><\/p>","protected":false},"excerpt":{"rendered":"<ul>\n<li>PyroPro\u00ae antistatique et ignifuge avec protection contre les acides.<\/li>\n<li>Des coutures r\u00e9sistantes \u00e0 triple rabattage sur les jambes et \u00e0 l'entrejambe prolongent la dur\u00e9e de vie du produit.<\/li>\n<li>Bretelles r\u00e9glables en tissu avec inserts \u00e9lastiques courts et solides.<\/li>\n<li>Les poches pour les genoux sont r\u00e9glables en hauteur, de sorte que la protection des genoux est plac\u00e9e de mani\u00e8re optimale sur les genoux.<\/li>\n<li>Les coutures sont orient\u00e9es vers le bas afin d'\u00e9viter que des \u00e9tincelles ne s'y logent.<\/li>\n<li>Certifi\u00e9 pour une utilisation avec les genouill\u00e8res MASCOT de type SHORT ou LONG, car la poche de genouill\u00e8re est r\u00e9glable en hauteur.<\/li>\n<\/ul>","protected":false},"featured_media":565233,"template":"","meta":[],"product_brand":[],"product_cat":[10448],"product_tag":[],"class_list":{"0":"post-565223","1":"product","2":"type-product","3":"status-publish","4":"has-post-thumbnail","6":"product_cat-latzhose","7":"pa_brand-mascot","8":"pa_brand-type-workwear","9":"pa_filter-color-blau","10":"pa_filter-color-grau","11":"pa_filter-color-schwarz","13":"first","14":"instock","15":"sale","16":"taxable","17":"shipping-taxable","18":"purchasable","19":"product-type-variable","20":"add-to-wishlist-before_image"},"exclude_global_add_ons":[],"addons":[],"acf":[],"_links":{"self":[{"href":"https:\/\/shop.kustom.ch\/fr\/wp-json\/wp\/v2\/product\/565223"}],"collection":[{"href":"https:\/\/shop.kustom.ch\/fr\/wp-json\/wp\/v2\/product"}],"about":[{"href":"https:\/\/shop.kustom.ch\/fr\/wp-json\/wp\/v2\/types\/product"}],"wp:featuredmedia":[{"embeddable":true,"href":"https:\/\/shop.kustom.ch\/fr\/wp-json\/wp\/v2\/media\/565233"}],"wp:attachment":[{"href":"https:\/\/shop.kustom.ch\/fr\/wp-json\/wp\/v2\/media?parent=565223"}],"wp:term":[{"taxonomy":"product_brand","embeddable":true,"href":"https:\/\/shop.kustom.ch\/fr\/wp-json\/wp\/v2\/product_brand?post=565223"},{"taxonomy":"product_cat","embeddable":true,"href":"https:\/\/shop.kustom.ch\/fr\/wp-json\/wp\/v2\/product_cat?post=565223"},{"taxonomy":"product_tag","embeddable":true,"href":"https:\/\/shop.kustom.ch\/fr\/wp-json\/wp\/v2\/product_tag?post=565223"}],"curies":[{"name":"wp","href":"https:\/\/api.w.org\/{rel}","templated":true}]}}