{"id":565185,"date":"2025-03-04T05:31:08","date_gmt":"2025-03-04T04:31:08","guid":{"rendered":"https:\/\/shop.kustom.ch\/?post_type=product&#038;p=565185"},"modified":"2026-03-31T07:42:50","modified_gmt":"2026-03-31T06:42:50","slug":"jacke-multisafe","status":"publish","type":"product","link":"https:\/\/shop.kustom.ch\/fr\/produit\/jacke-multisafe\/","title":{"rendered":"Veste MULTISAFE"},"content":{"rendered":"<p>PyroPro\u00ae antistatique et ignifuge avec protection contre les acides. Prot\u00e8ge en cas d'arcs \u00e9lectriques et de soudage occasionnel. Le traitement de surface rend le produit r\u00e9sistant \u00e0 la salet\u00e9. Col montant avec boutons-pression. Triples coutures rabattues aux manches, aux \u00e9paules et sur les c\u00f4t\u00e9s. Fermeture avec boutons-pression cach\u00e9s. Poches poitrine avec rabat et boutons-pression cach\u00e9s. Poches avant avec fermeture \u00e0 glissi\u00e8re dissimul\u00e9e. Poche int\u00e9rieure avec rabat. Poignets avec \u00e9lastique. Coutures tourn\u00e9es vers le bas pour \u00e9viter que des \u00e9tincelles ne s'y logent. Coutures contrast\u00e9es.<\/p>\n<p>OEKO-TEX\u00ae STANDARD 100 ; EN 1149-3 ; EN 1149-5 ; EN 13034 (type 6) ; EN ISO 11612 (A1, B1, C1, E1) ; EN 61482-1-1 (ATPV - 12 cal\/cm\u00b2) ; EN 61482-1-2 classe 1 ; EN ISO 11611 - classe 1 (A1)<br \/>\n87% Coton\/12% Polyamide\/1% Fibres de carbone<br \/>\nStructure en toile. Peut r\u00e9tr\u00e9cir jusqu'\u00e0 7% pour 5 lavages industriels (ISO 15797) et jusqu'\u00e0 5% pour les lavages domestiques. Laver s\u00e9par\u00e9ment. Impr\u00e9gner avec du flourcarbon (PFC) apr\u00e8s chaque lavage pour renouveler la protection selon EN 13034.<br \/>\n320 g\/m<br \/>\nLavage couleur, max. 60\u00b0 C ; Pas de blanchiment ; Supporte le s\u00e8che-linge - temp\u00e9rature de d\u00e9part max. 60\u00b0 C ; Repassage \u00e0 temp\u00e9rature moyenne, max. 150\u00b0 C ; Supporte le nettoyage normal<\/p>\n<p><a href=\"https:\/\/mascotsitecore-1ccb8.kxcdn.com\/pdf\/06609-135-010-de.pdf\" target=\"_blank\" rel=\"noopener\"><u>Ouvrir la fiche produit<\/u><\/a><\/p>","protected":false},"excerpt":{"rendered":"<ul>\n<li>PyroPro\u00ae antistatique et ignifuge avec protection contre les acides.<\/li>\n<li>Les triples coutures en pointe r\u00e9sistantes prolongent la dur\u00e9e de vie du produit.<\/li>\n<li>Fermeture avec une bande de protection contre les intemp\u00e9ries et des boutons-pression cach\u00e9s pour \u00e9viter les rayures.<\/li>\n<li>Les coutures sont orient\u00e9es vers le bas afin d'\u00e9viter que des \u00e9tincelles ne s'y logent.<\/li>\n<\/ul>","protected":false},"featured_media":565229,"template":"","meta":[],"product_brand":[],"product_cat":[4186],"product_tag":[],"class_list":{"0":"post-565185","1":"product","2":"type-product","3":"status-publish","4":"has-post-thumbnail","6":"product_cat-jacken","7":"pa_brand-mascot","8":"pa_brand-type-workwear","9":"pa_filter-color-blau","10":"pa_filter-color-grau","11":"pa_filter-color-schwarz","13":"first","14":"instock","15":"sale","16":"taxable","17":"shipping-taxable","18":"purchasable","19":"product-type-variable","20":"add-to-wishlist-before_image"},"exclude_global_add_ons":[],"addons":[],"acf":[],"_links":{"self":[{"href":"https:\/\/shop.kustom.ch\/fr\/wp-json\/wp\/v2\/product\/565185"}],"collection":[{"href":"https:\/\/shop.kustom.ch\/fr\/wp-json\/wp\/v2\/product"}],"about":[{"href":"https:\/\/shop.kustom.ch\/fr\/wp-json\/wp\/v2\/types\/product"}],"wp:featuredmedia":[{"embeddable":true,"href":"https:\/\/shop.kustom.ch\/fr\/wp-json\/wp\/v2\/media\/565229"}],"wp:attachment":[{"href":"https:\/\/shop.kustom.ch\/fr\/wp-json\/wp\/v2\/media?parent=565185"}],"wp:term":[{"taxonomy":"product_brand","embeddable":true,"href":"https:\/\/shop.kustom.ch\/fr\/wp-json\/wp\/v2\/product_brand?post=565185"},{"taxonomy":"product_cat","embeddable":true,"href":"https:\/\/shop.kustom.ch\/fr\/wp-json\/wp\/v2\/product_cat?post=565185"},{"taxonomy":"product_tag","embeddable":true,"href":"https:\/\/shop.kustom.ch\/fr\/wp-json\/wp\/v2\/product_tag?post=565185"}],"curies":[{"name":"wp","href":"https:\/\/api.w.org\/{rel}","templated":true}]}}