{"id":564954,"date":"2025-03-04T05:27:55","date_gmt":"2025-03-04T04:27:55","guid":{"rendered":"https:\/\/shop.kustom.ch\/?post_type=product&#038;p=564954"},"modified":"2026-03-31T07:42:14","modified_gmt":"2026-03-31T06:42:14","slug":"fleecejacke-workwear","status":"publish","type":"product","link":"https:\/\/shop.kustom.ch\/fr\/produit\/fleecejacke-workwear\/","title":{"rendered":"Veste polaire WORKWEAR"},"content":{"rendered":"<p>Doublure en qualit\u00e9 l\u00e9g\u00e8re. Renforts aux endroits particuli\u00e8rement sollicit\u00e9s. Fermeture \u00e0 glissi\u00e8re sur toute la longueur. Poches avant avec fermeture \u00e0 glissi\u00e8re. Poche int\u00e9rieure avec fermeture velcro. Poche pour t\u00e9l\u00e9phone portable avec rabat et fermeture velcro. \u00c9lastique et fermeture velcro aux poignets. \u00c9lastique r\u00e9glable \u00e0 l'ourlet inf\u00e9rieur.<\/p>\n<p>OEKO-TEX\u00ae STANDARD 100<br \/>\n100% Polyester<br \/>\nTissu polaire au m\u00e8tre.<br \/>\n230 g\/m\u00b2 (1,5 lb)<br \/>\nLinge d\u00e9licat, max. 40\u00b0 C ; Ne pas blanchir ; Ne pas s\u00e9cher au s\u00e8che-linge ; Ne pas repasser ; Supporte le nettoyage normal<\/p>\n<p><a href=\"https:\/\/mascotsitecore-1ccb8.kxcdn.com\/pdf\/06542-151-01-de.pdf\" target=\"_blank\" rel=\"noopener\"><u>Ouvrir la fiche produit<\/u><\/a><\/p>","protected":false},"excerpt":{"rendered":"<ul>\n<li>Doublure l\u00e9g\u00e8re.<\/li>\n<li>Renforts aux endroits particuli\u00e8rement sollicit\u00e9s.<\/li>\n<li>Poches int\u00e9rieures.<\/li>\n<li>Poignets r\u00e9glables par velcro.<\/li>\n<li>Elastique r\u00e9glable \u00e0 l'ourlet.<\/li>\n<\/ul>","protected":false},"featured_media":564999,"template":"","meta":[],"product_brand":[],"product_cat":[4184],"product_tag":[],"class_list":{"0":"post-564954","1":"product","2":"type-product","3":"status-publish","4":"has-post-thumbnail","6":"product_cat-hoodies-pullover","7":"pa_brand-mascot","8":"pa_brand-type-workwear","9":"pa_filter-color-blau","10":"pa_filter-color-schwarz","12":"first","13":"instock","14":"sale","15":"taxable","16":"shipping-taxable","17":"purchasable","18":"product-type-variable","19":"add-to-wishlist-before_image"},"exclude_global_add_ons":[],"addons":[],"acf":[],"_links":{"self":[{"href":"https:\/\/shop.kustom.ch\/fr\/wp-json\/wp\/v2\/product\/564954"}],"collection":[{"href":"https:\/\/shop.kustom.ch\/fr\/wp-json\/wp\/v2\/product"}],"about":[{"href":"https:\/\/shop.kustom.ch\/fr\/wp-json\/wp\/v2\/types\/product"}],"wp:featuredmedia":[{"embeddable":true,"href":"https:\/\/shop.kustom.ch\/fr\/wp-json\/wp\/v2\/media\/564999"}],"wp:attachment":[{"href":"https:\/\/shop.kustom.ch\/fr\/wp-json\/wp\/v2\/media?parent=564954"}],"wp:term":[{"taxonomy":"product_brand","embeddable":true,"href":"https:\/\/shop.kustom.ch\/fr\/wp-json\/wp\/v2\/product_brand?post=564954"},{"taxonomy":"product_cat","embeddable":true,"href":"https:\/\/shop.kustom.ch\/fr\/wp-json\/wp\/v2\/product_cat?post=564954"},{"taxonomy":"product_tag","embeddable":true,"href":"https:\/\/shop.kustom.ch\/fr\/wp-json\/wp\/v2\/product_tag?post=564954"}],"curies":[{"name":"wp","href":"https:\/\/api.w.org\/{rel}","templated":true}]}}