{"id":564928,"date":"2025-03-04T05:27:25","date_gmt":"2025-03-04T04:27:25","guid":{"rendered":"https:\/\/shop.kustom.ch\/?post_type=product&#038;p=564928"},"modified":"2026-03-31T07:42:12","modified_gmt":"2026-03-31T06:42:12","slug":"sicherheitsstiefel-footwear","status":"publish","type":"product","link":"https:\/\/shop.kustom.ch\/fr\/produit\/sicherheitsstiefel-footwear\/","title":{"rendered":"Bottes de s\u00e9curit\u00e9 FOOTWEAR"},"content":{"rendered":"<p>Fermeture \u00e0 lacets. Embout de protection en acier. Protection contre la p\u00e9n\u00e9tration des clous en Kevlar\u00ae. Semelle ext\u00e9rieure en PU\/PU noir. Les semelles int\u00e9rieures sont antistatiques. Semelle r\u00e9sistante \u00e0 l'huile et \u00e0 l'essence. Semelle r\u00e9sistante \u00e0 la chaleur jusqu'\u00e0 140\u00b0C. Bord du talon. Tige en mat\u00e9riau ext\u00e9rieur hydrofuge et respirant. Embout arri\u00e8re de la chaussure. Languette anti-poussi\u00e8re emp\u00eachant la p\u00e9n\u00e9tration de la salet\u00e9.<\/p>\n<p>Classe de s\u00e9curit\u00e9 S3<br \/>\nCuir sup\u00e9rieur de buffle<br \/>\nTaille 42 : 590 g<\/p>\n<p><a href=\"https:\/\/mascotsitecore-1ccb8.kxcdn.com\/pdf\/F0004-910-09-de.pdf\" target=\"_blank\" rel=\"noopener\"><u>Ouvrir la fiche produit<\/u><\/a><\/p>","protected":false},"excerpt":{"rendered":"<ul>\n<li>Embout de protection en acier.<\/li>\n<li>Protection contre la p\u00e9n\u00e9tration des clous en Kevlar\u00ae.<\/li>\n<li>Semelle int\u00e9rieure r\u00e9sistante \u00e0 l'usure, absorbant l'humidit\u00e9 et antistatique.<\/li>\n<li>Semelle en PU\/PU r\u00e9sistant \u00e0 l'usure et \u00e0 la chaleur jusqu'\u00e0 140\u00b0C.<\/li>\n<li>La semelle est r\u00e9sistante \u00e0 l'huile et \u00e0 l'essence.<\/li>\n<\/ul>","protected":false},"featured_media":564998,"template":"","meta":[],"product_brand":[],"product_cat":[9643,4197],"product_tag":[],"class_list":{"0":"post-564928","1":"product","2":"type-product","3":"status-publish","4":"has-post-thumbnail","6":"product_cat-equipment","7":"product_cat-schuhe-sandalen","8":"pa_brand-mascot","9":"pa_brand-type-workwear","10":"pa_filter-color-schwarz","12":"first","13":"instock","14":"sale","15":"taxable","16":"shipping-taxable","17":"purchasable","18":"product-type-variable","19":"add-to-wishlist-before_image"},"exclude_global_add_ons":[],"addons":[],"acf":[],"_links":{"self":[{"href":"https:\/\/shop.kustom.ch\/fr\/wp-json\/wp\/v2\/product\/564928"}],"collection":[{"href":"https:\/\/shop.kustom.ch\/fr\/wp-json\/wp\/v2\/product"}],"about":[{"href":"https:\/\/shop.kustom.ch\/fr\/wp-json\/wp\/v2\/types\/product"}],"wp:featuredmedia":[{"embeddable":true,"href":"https:\/\/shop.kustom.ch\/fr\/wp-json\/wp\/v2\/media\/564998"}],"wp:attachment":[{"href":"https:\/\/shop.kustom.ch\/fr\/wp-json\/wp\/v2\/media?parent=564928"}],"wp:term":[{"taxonomy":"product_brand","embeddable":true,"href":"https:\/\/shop.kustom.ch\/fr\/wp-json\/wp\/v2\/product_brand?post=564928"},{"taxonomy":"product_cat","embeddable":true,"href":"https:\/\/shop.kustom.ch\/fr\/wp-json\/wp\/v2\/product_cat?post=564928"},{"taxonomy":"product_tag","embeddable":true,"href":"https:\/\/shop.kustom.ch\/fr\/wp-json\/wp\/v2\/product_tag?post=564928"}],"curies":[{"name":"wp","href":"https:\/\/api.w.org\/{rel}","templated":true}]}}