{"id":564593,"date":"2025-03-04T05:23:11","date_gmt":"2025-03-04T04:23:11","guid":{"rendered":"https:\/\/shop.kustom.ch\/?post_type=product&#038;p=564593"},"modified":"2026-03-31T07:40:45","modified_gmt":"2026-03-31T06:40:45","slug":"overall-mit-knietaschen-light","status":"publish","type":"product","link":"https:\/\/shop.kustom.ch\/fr\/produit\/overall-mit-knietaschen-light\/","title":{"rendered":"Combinaison avec poches genouill\u00e8res LIGHT"},"content":{"rendered":"<p>Tissu l\u00e9ger au m\u00e8tre. Bicolore, avec des motifs. Triples coutures rabattues aux manches, aux \u00e9paules, aux jambes et \u00e0 l'entrejambe. Col montant. Fermeture avec fermeture \u00e9clair \u00e0 double sens, rabat de protection contre les intemp\u00e9ries et boutons-pression. Poches poitrine avec rabat et boutons-pression. Poches \u00e0 l'avant. Les jambes du pantalon ont une forme ergonomique. Poches arri\u00e8re avec rabat. Poche sur la cuisse avec rabat et boutons-pression cach\u00e9s. Poche m\u00e8tre avec bord renforc\u00e9. Poignets avec r\u00e9glage par boutons-pression. Elastique et soufflet d'extension dans le dos. Poches genouill\u00e8res en polyester, r\u00e9glables en hauteur. Coutures contrast\u00e9es. Effets r\u00e9fl\u00e9chissants. Pour ce mod\u00e8le, nous recommandons les protections de genoux suivantes : 00418-100, 00718-100, 50451-916 ou 20118-915. Certifi\u00e9 avec le type de genouill\u00e8re SHORT ou LONG selon EN 14404.<\/p>\n<p>OEKO-TEX\u00ae STANDARD 100 ; ProWash\u00ae - EN ISO 15797<br \/>\n65% polyester\/35% coton<br \/>\nTissu en serg\u00e9. Peut r\u00e9tr\u00e9cir 1-2%.<br \/>\n245 g\/m<br \/>\nLavage couleur, max. 60\u00b0 C ; Pas de blanchiment ; Supporte le s\u00e8che-linge - temp\u00e9rature de d\u00e9part max. 80\u00b0 C ; Repassage \u00e0 temp\u00e9rature moyenne, max. 150\u00b0 C ; Supporte le nettoyage normal<\/p>\n<p><a href=\"https:\/\/mascotsitecore-1ccb8.kxcdn.com\/pdf\/15719-330-11010-de.pdf\" target=\"_blank\" rel=\"noopener\"><u>Ouvrir la fiche produit<\/u><\/a><\/p>","protected":false},"excerpt":{"rendered":"<ul>\n<li>Pas de coutures sur l'\u00e9paule : ainsi, l'eau accumul\u00e9e ne peut pas s'infiltrer.<\/li>\n<li>Les triples coutures en pointe r\u00e9sistantes prolongent la dur\u00e9e de vie du produit.<\/li>\n<li>Coupe sp\u00e9ciale \u00e0 l'arri\u00e8re des jambes du pantalon, \u00e9vite le surplus de tissu \u00e0 l'arri\u00e8re du genou lorsque l'on s'agenouille.<\/li>\n<li>Les poches pour les genoux sont r\u00e9glables en hauteur, de sorte que la protection des genoux est plac\u00e9e de mani\u00e8re optimale sur les genoux.<\/li>\n<li>Le tissu fonc\u00e9 est plac\u00e9 \u00e0 l'endroit o\u00f9 le produit est le plus souvent expos\u00e9 \u00e0 la salet\u00e9.<\/li>\n<li>Le produit est adapt\u00e9 au lavage industriel.<\/li>\n<li>Certifi\u00e9 pour une utilisation avec les genouill\u00e8res MASCOT de type SHORT ou LONG, car la poche de genouill\u00e8re est r\u00e9glable en hauteur.<\/li>\n<\/ul>","protected":false},"featured_media":564609,"template":"","meta":[],"product_brand":[],"product_cat":[10454],"product_tag":[],"class_list":{"0":"post-564593","1":"product","2":"type-product","3":"status-publish","4":"has-post-thumbnail","6":"product_cat-overalls","7":"pa_brand-mascot","8":"pa_brand-type-workwear","9":"pa_filter-color-blau","10":"pa_filter-color-grau","11":"pa_filter-color-schwarz","13":"first","14":"instock","15":"sale","16":"taxable","17":"shipping-taxable","18":"purchasable","19":"product-type-variable","20":"add-to-wishlist-before_image"},"exclude_global_add_ons":[],"addons":[],"acf":[],"_links":{"self":[{"href":"https:\/\/shop.kustom.ch\/fr\/wp-json\/wp\/v2\/product\/564593"}],"collection":[{"href":"https:\/\/shop.kustom.ch\/fr\/wp-json\/wp\/v2\/product"}],"about":[{"href":"https:\/\/shop.kustom.ch\/fr\/wp-json\/wp\/v2\/types\/product"}],"wp:featuredmedia":[{"embeddable":true,"href":"https:\/\/shop.kustom.ch\/fr\/wp-json\/wp\/v2\/media\/564609"}],"wp:attachment":[{"href":"https:\/\/shop.kustom.ch\/fr\/wp-json\/wp\/v2\/media?parent=564593"}],"wp:term":[{"taxonomy":"product_brand","embeddable":true,"href":"https:\/\/shop.kustom.ch\/fr\/wp-json\/wp\/v2\/product_brand?post=564593"},{"taxonomy":"product_cat","embeddable":true,"href":"https:\/\/shop.kustom.ch\/fr\/wp-json\/wp\/v2\/product_cat?post=564593"},{"taxonomy":"product_tag","embeddable":true,"href":"https:\/\/shop.kustom.ch\/fr\/wp-json\/wp\/v2\/product_tag?post=564593"}],"curies":[{"name":"wp","href":"https:\/\/api.w.org\/{rel}","templated":true}]}}