{"id":564578,"date":"2025-03-04T05:23:09","date_gmt":"2025-03-04T04:23:09","guid":{"rendered":"https:\/\/shop.kustom.ch\/?post_type=product&#038;p=564578"},"modified":"2026-03-31T07:40:42","modified_gmt":"2026-03-31T06:40:42","slug":"jacke-light","status":"publish","type":"product","link":"https:\/\/shop.kustom.ch\/fr\/produit\/jacke-light\/","title":{"rendered":"Veste LIGHT"},"content":{"rendered":"<p>Tissu l\u00e9ger au m\u00e8tre. Bicolore, avec des couleurs vives. Col montant. Fermeture avec fermeture \u00e9clair et rabat de protection contre les intemp\u00e9ries avec boutons-pression. Poches poitrine avec rabat et boutons-pression. Anneau en D. Poches avant. Poche int\u00e9rieure. Taille avec r\u00e9glage par boutons-pression. Poignets avec boutons-pression. Coutures contrast\u00e9es.<\/p>\n<p>OEKO-TEX\u00ae STANDARD 100 ; ProWash\u00ae - EN ISO 15797<br \/>\n65% polyester\/35% coton<br \/>\nTissu en serg\u00e9. Peut r\u00e9tr\u00e9cir 1-2%.<br \/>\n245 g\/m<br \/>\nLavage couleur, max. 60\u00b0 C ; Pas de blanchiment ; Supporte le s\u00e8che-linge - temp\u00e9rature de d\u00e9part max. 80\u00b0 C ; Repassage \u00e0 temp\u00e9rature moyenne, max. 150\u00b0 C ; Supporte le nettoyage normal<\/p>\n<p><a href=\"https:\/\/mascotsitecore-1ccb8.kxcdn.com\/pdf\/15709-330-11010-de.pdf\" target=\"_blank\" rel=\"noopener\"><u>Ouvrir la fiche produit<\/u><\/a><\/p>","protected":false},"excerpt":{"rendered":"<ul>\n<li>Pas de coutures sur l'\u00e9paule : ainsi, l'eau accumul\u00e9e ne peut pas s'infiltrer.<\/li>\n<li>Ajustement individuel par r\u00e9glage \u00e0 l'ourlet.<\/li>\n<li>Le tissu fonc\u00e9 est plac\u00e9 \u00e0 l'endroit o\u00f9 le produit est le plus souvent expos\u00e9 \u00e0 la salet\u00e9.<\/li>\n<li>Les fentes dans les manches permettent de les retrousser.<\/li>\n<li>Le produit est adapt\u00e9 au lavage industriel.<\/li>\n<\/ul>","protected":false},"featured_media":564607,"template":"","meta":[],"product_brand":[],"product_cat":[4186],"product_tag":[],"class_list":{"0":"post-564578","1":"product","2":"type-product","3":"status-publish","4":"has-post-thumbnail","6":"product_cat-jacken","7":"pa_brand-mascot","8":"pa_brand-type-workwear","9":"pa_filter-color-blau","10":"pa_filter-color-grau","11":"pa_filter-color-schwarz","13":"first","14":"instock","15":"sale","16":"taxable","17":"shipping-taxable","18":"purchasable","19":"product-type-variable","20":"add-to-wishlist-before_image"},"exclude_global_add_ons":[],"addons":[],"acf":[],"_links":{"self":[{"href":"https:\/\/shop.kustom.ch\/fr\/wp-json\/wp\/v2\/product\/564578"}],"collection":[{"href":"https:\/\/shop.kustom.ch\/fr\/wp-json\/wp\/v2\/product"}],"about":[{"href":"https:\/\/shop.kustom.ch\/fr\/wp-json\/wp\/v2\/types\/product"}],"wp:featuredmedia":[{"embeddable":true,"href":"https:\/\/shop.kustom.ch\/fr\/wp-json\/wp\/v2\/media\/564607"}],"wp:attachment":[{"href":"https:\/\/shop.kustom.ch\/fr\/wp-json\/wp\/v2\/media?parent=564578"}],"wp:term":[{"taxonomy":"product_brand","embeddable":true,"href":"https:\/\/shop.kustom.ch\/fr\/wp-json\/wp\/v2\/product_brand?post=564578"},{"taxonomy":"product_cat","embeddable":true,"href":"https:\/\/shop.kustom.ch\/fr\/wp-json\/wp\/v2\/product_cat?post=564578"},{"taxonomy":"product_tag","embeddable":true,"href":"https:\/\/shop.kustom.ch\/fr\/wp-json\/wp\/v2\/product_tag?post=564578"}],"curies":[{"name":"wp","href":"https:\/\/api.w.org\/{rel}","templated":true}]}}