{"id":564523,"date":"2025-03-04T05:22:29","date_gmt":"2025-03-04T04:22:29","guid":{"rendered":"https:\/\/shop.kustom.ch\/?post_type=product&#038;p=564523"},"modified":"2026-03-31T07:40:20","modified_gmt":"2026-03-31T06:40:20","slug":"winterjacke-industry-3","status":"publish","type":"product","link":"https:\/\/shop.kustom.ch\/fr\/produit\/winterjacke-industry-3\/","title":{"rendered":"Veste d'hiver INDUSTRY"},"content":{"rendered":"<p>Doublure en polaire matelass\u00e9e. Le dos est allong\u00e9. Fermeture avec fermeture \u00e9clair, rabat de protection contre les intemp\u00e9ries et boutons-pression cach\u00e9s. Poche zipp\u00e9e sous la bande de protection contre les intemp\u00e9ries. Poches poitrine avec rabat et boutons-pression cach\u00e9s. Anneau en D. Manches ergonomiques permettant une grande libert\u00e9 de mouvement. Poches avant. R\u00e9glage par boutons-pression aux poignets. Taille avec r\u00e9glage par bouton-pression. Fermeture \u00e0 glissi\u00e8re dans la doublure au dos pour l'application d'un logo\/d'une broderie. Effets r\u00e9fl\u00e9chissants.<\/p>\n<p>OEKO-TEX\u00ae STANDARD 100<br \/>\n100% Polyester<br \/>\nStructure en toile.<br \/>\n190 g\/m\u00b2 (1,5 lb)<br \/>\nLinge d\u00e9licat, max. 40\u00b0 C ; Pas de blanchiment ; Pas de s\u00e9chage en tambour ; Pas de repassage ; Ne convient pas au nettoyage \u00e0 sec<\/p>\n<p><a href=\"https:\/\/mascotsitecore-1ccb8.kxcdn.com\/pdf\/14135-126-09-de.pdf\" target=\"_blank\" rel=\"noopener\"><u>Ouvrir la fiche produit<\/u><\/a><\/p>","protected":false},"excerpt":{"rendered":"<ul>\n<li>Fermeture \u00e0 glissi\u00e8re avec rabat de protection contre les intemp\u00e9ries et boutons-pression cach\u00e9s pour \u00e9viter les rayures.<\/li>\n<li>Grande libert\u00e9 de mouvement gr\u00e2ce aux manches coup\u00e9es en forme.<\/li>\n<li>Protection suppl\u00e9mentaire contre le froid gr\u00e2ce au dos rallong\u00e9.<\/li>\n<li>Fermeture \u00e0 glissi\u00e8re dans la doublure du dos pour l'application d'une impression\/broderie.<\/li>\n<li>Am\u00e9lioration de la visibilit\u00e9 pour l'entourage \u00e0 l'aide d'effets r\u00e9fl\u00e9chissants.<\/li>\n<\/ul>","protected":false},"featured_media":564564,"template":"","meta":[],"product_brand":[],"product_cat":[4186],"product_tag":[],"class_list":{"0":"post-564523","1":"product","2":"type-product","3":"status-publish","4":"has-post-thumbnail","6":"product_cat-jacken","7":"pa_brand-mascot","8":"pa_brand-type-workwear","9":"pa_filter-color-schwarz","11":"first","12":"instock","13":"sale","14":"taxable","15":"shipping-taxable","16":"purchasable","17":"product-type-variable","18":"add-to-wishlist-before_image"},"exclude_global_add_ons":[],"addons":[],"acf":[],"_links":{"self":[{"href":"https:\/\/shop.kustom.ch\/fr\/wp-json\/wp\/v2\/product\/564523"}],"collection":[{"href":"https:\/\/shop.kustom.ch\/fr\/wp-json\/wp\/v2\/product"}],"about":[{"href":"https:\/\/shop.kustom.ch\/fr\/wp-json\/wp\/v2\/types\/product"}],"wp:featuredmedia":[{"embeddable":true,"href":"https:\/\/shop.kustom.ch\/fr\/wp-json\/wp\/v2\/media\/564564"}],"wp:attachment":[{"href":"https:\/\/shop.kustom.ch\/fr\/wp-json\/wp\/v2\/media?parent=564523"}],"wp:term":[{"taxonomy":"product_brand","embeddable":true,"href":"https:\/\/shop.kustom.ch\/fr\/wp-json\/wp\/v2\/product_brand?post=564523"},{"taxonomy":"product_cat","embeddable":true,"href":"https:\/\/shop.kustom.ch\/fr\/wp-json\/wp\/v2\/product_cat?post=564523"},{"taxonomy":"product_tag","embeddable":true,"href":"https:\/\/shop.kustom.ch\/fr\/wp-json\/wp\/v2\/product_tag?post=564523"}],"curies":[{"name":"wp","href":"https:\/\/api.w.org\/{rel}","templated":true}]}}