{"id":564508,"date":"2025-03-04T05:22:27","date_gmt":"2025-03-04T04:22:27","guid":{"rendered":"https:\/\/shop.kustom.ch\/?post_type=product&#038;p=564508"},"modified":"2026-03-31T07:40:18","modified_gmt":"2026-03-31T06:40:18","slug":"winteroverall-industry","status":"publish","type":"product","link":"https:\/\/shop.kustom.ch\/fr\/produit\/winteroverall-industry\/","title":{"rendered":"Combinaison d'hiver INDUSTRY"},"content":{"rendered":"<p>Respirant, imperm\u00e9able au vent et \u00e0 l'eau. Les coutures sont coll\u00e9es. Coutures \u00e0 double rabat sur les jambes et \u00e0 l'entrejambe. Capuche amovible, doubl\u00e9e et munie de cordons \u00e9lastiques r\u00e9glables. Doublure en fourrure synth\u00e9tique sur le corps. Doublure en piqu\u00e9 dans les jambes et les manches. Col int\u00e9rieur en tricot. Fermeture avec fermeture \u00e9clair, rabat de protection contre les intemp\u00e9ries et boutons-pression cach\u00e9s. Poches poitrine avec rabat et boutons-pression cach\u00e9s. Anneau en D. Poche int\u00e9rieure avec fermeture \u00e9clair. Poches avant avec rabat de protection contre les intemp\u00e9ries. Elastique (cach\u00e9) dans le dos. Poches arri\u00e8re renforc\u00e9es. Passant pour marteau. Poche sur la cuisse avec rabat et bouton-pression. Poche pour m\u00e8tre pliant. Fermeture \u00e0 glissi\u00e8re avec rabat de protection contre les intemp\u00e9ries \u00e0 l'ext\u00e9rieur de la jambe. Poches genouill\u00e8res r\u00e9glables en hauteur avec rabat et acc\u00e8s par le haut. La coupe ergonomique des manches permet une grande libert\u00e9 de mouvement. Poignets c\u00f4tel\u00e9s (cach\u00e9s sous la patte de protection contre les intemp\u00e9ries) et fermeture \u00e0 bouton-pression aux poignets. Effets r\u00e9fl\u00e9chissants.<\/p>\n<p>OEKO-TEX\u00ae STANDARD 100 ; EN 343 3\/1 ; EN 342 3\/WP (2.08 clo)<br \/>\n100% Polyester<br \/>\nStructure en toile.<br \/>\n270 g\/m<br \/>\nLinge d\u00e9licat, max. 40\u00b0 C ; Pas de blanchiment ; Pas de s\u00e9chage en tambour ; Pas de repassage ; Ne convient pas au nettoyage \u00e0 sec<\/p>\n<p><a href=\"https:\/\/mascotsitecore-1ccb8.kxcdn.com\/pdf\/14119-194-010-de.pdf\" target=\"_blank\" rel=\"noopener\"><u>Ouvrir la fiche produit<\/u><\/a><\/p>","protected":false},"excerpt":{"rendered":"<ul>\n<li>Respirant, \u00e9tanche au vent et \u00e0 l'eau avec coutures scell\u00e9es.<\/li>\n<li>Capuche doubl\u00e9e amovible, avec cordons \u00e9lastiques r\u00e9glables.<\/li>\n<li>Le mat\u00e9riau \u00e9lastique dans le dos offre une plus grande libert\u00e9 de mouvement.<\/li>\n<li>Les poches pour les genoux sont r\u00e9glables en hauteur, de sorte que la protection des genoux est plac\u00e9e de mani\u00e8re optimale sur les genoux.<\/li>\n<li>Am\u00e9lioration de la visibilit\u00e9 pour l'entourage \u00e0 l'aide d'effets r\u00e9fl\u00e9chissants.<\/li>\n<\/ul>","protected":false},"featured_media":564562,"template":"","meta":[],"product_brand":[],"product_cat":[10454],"product_tag":[],"class_list":{"0":"post-564508","1":"product","2":"type-product","3":"status-publish","4":"has-post-thumbnail","6":"product_cat-overalls","7":"pa_brand-mascot","8":"pa_brand-type-workwear","9":"pa_filter-color-schwarz","11":"first","12":"instock","13":"sale","14":"taxable","15":"shipping-taxable","16":"purchasable","17":"product-type-variable","18":"add-to-wishlist-before_image"},"exclude_global_add_ons":[],"addons":[],"acf":[],"_links":{"self":[{"href":"https:\/\/shop.kustom.ch\/fr\/wp-json\/wp\/v2\/product\/564508"}],"collection":[{"href":"https:\/\/shop.kustom.ch\/fr\/wp-json\/wp\/v2\/product"}],"about":[{"href":"https:\/\/shop.kustom.ch\/fr\/wp-json\/wp\/v2\/types\/product"}],"wp:featuredmedia":[{"embeddable":true,"href":"https:\/\/shop.kustom.ch\/fr\/wp-json\/wp\/v2\/media\/564562"}],"wp:attachment":[{"href":"https:\/\/shop.kustom.ch\/fr\/wp-json\/wp\/v2\/media?parent=564508"}],"wp:term":[{"taxonomy":"product_brand","embeddable":true,"href":"https:\/\/shop.kustom.ch\/fr\/wp-json\/wp\/v2\/product_brand?post=564508"},{"taxonomy":"product_cat","embeddable":true,"href":"https:\/\/shop.kustom.ch\/fr\/wp-json\/wp\/v2\/product_cat?post=564508"},{"taxonomy":"product_tag","embeddable":true,"href":"https:\/\/shop.kustom.ch\/fr\/wp-json\/wp\/v2\/product_tag?post=564508"}],"curies":[{"name":"wp","href":"https:\/\/api.w.org\/{rel}","templated":true}]}}