{"id":563964,"date":"2025-03-04T05:16:27","date_gmt":"2025-03-04T04:16:27","guid":{"rendered":"https:\/\/shop.kustom.ch\/?post_type=product&#038;p=563964"},"modified":"2026-03-31T07:39:21","modified_gmt":"2026-03-31T06:39:21","slug":"overall-mit-knietaschen-industry-2","status":"publish","type":"product","link":"https:\/\/shop.kustom.ch\/fr\/produit\/overall-mit-knietaschen-industry-2\/","title":{"rendered":"Combinaison avec poches genouill\u00e8res INDUSTRY"},"content":{"rendered":"<p>Triples coutures rabattues sur les manches, les \u00e9paules, les jambes et l'entrejambe. Les jambes du pantalon ont une forme ergonomique. Fermeture avec une patte de protection contre les intemp\u00e9ries ainsi que des boutons-pression cach\u00e9s. Col montant. Poches poitrine avec rabat et boutons-pression cach\u00e9s. Anneau en D. Poches avant. Ouverture vers l'int\u00e9rieur des deux c\u00f4t\u00e9s. Poches arri\u00e8re avec rabat et boutons-pression cach\u00e9s. Passant pour marteau, r\u00e9glable. Poche sur la cuisse avec rabat et boutons-pression cach\u00e9s. Poche pour m\u00e8tre pliant. Poignets avec r\u00e9glage par boutons-pression. Elastique et soufflet d'extension dans le dos. Poches genouill\u00e8res, r\u00e9glables en hauteur. Coutures contrast\u00e9es. Pour ce mod\u00e8le, nous recommandons les protections de genoux suivantes : 00418-100, 00718-100, 50451-916 ou 20118-915. Certifi\u00e9 avec le type de genouill\u00e8re SHORT ou LONG selon EN 14404.<\/p>\n<p>OEKO-TEX\u00ae STANDARD 100 ; ProWash\u00ae - EN ISO 15797<br \/>\n100% Coton<br \/>\nTissu en serg\u00e9. Peut r\u00e9tr\u00e9cir 3-5%.<br \/>\n355 g\/m<br \/>\nLavage \u00e0 95\u00b0 C maximum ; Pas de blanchiment ; S\u00e8che-linge \u00e0 80\u00b0 C maximum ; Repassage \u00e0 haute temp\u00e9rature, 200\u00b0 C maximum ; Nettoyage \u00e0 sec autoris\u00e9<\/p>\n<p><a href=\"https:\/\/mascotsitecore-1ccb8.kxcdn.com\/pdf\/12311-630-010-de.pdf\" target=\"_blank\" rel=\"noopener\"><u>Ouvrir la fiche produit<\/u><\/a><\/p>","protected":false},"excerpt":{"rendered":"<ul>\n<li>Les triples coutures en pointe r\u00e9sistantes prolongent la dur\u00e9e de vie du produit.<\/li>\n<li>Jambes de pantalons ergonomiques, form\u00e9es selon les mouvements naturels du corps.<\/li>\n<li>Passage vers le pantalon en dessous des deux c\u00f4t\u00e9s.<\/li>\n<li>Elastique et soufflet d'extension dans le dos.<\/li>\n<li>Les poches pour les genoux sont r\u00e9glables en hauteur, de sorte que la protection des genoux est plac\u00e9e de mani\u00e8re optimale sur les genoux.<\/li>\n<li>Le produit est adapt\u00e9 au lavage industriel.<\/li>\n<li>Certifi\u00e9 pour une utilisation avec les genouill\u00e8res MASCOT de type SHORT ou LONG, car la poche de genouill\u00e8re est r\u00e9glable en hauteur.<\/li>\n<\/ul>","protected":false},"featured_media":564024,"template":"","meta":[],"product_brand":[],"product_cat":[10454],"product_tag":[],"class_list":{"0":"post-563964","1":"product","2":"type-product","3":"status-publish","4":"has-post-thumbnail","6":"product_cat-overalls","7":"pa_brand-mascot","8":"pa_brand-type-workwear","9":"pa_filter-color-grau","10":"pa_filter-color-schwarz","12":"first","13":"instock","14":"sale","15":"taxable","16":"shipping-taxable","17":"purchasable","18":"product-type-variable","19":"add-to-wishlist-before_image"},"exclude_global_add_ons":[],"addons":[],"acf":[],"_links":{"self":[{"href":"https:\/\/shop.kustom.ch\/fr\/wp-json\/wp\/v2\/product\/563964"}],"collection":[{"href":"https:\/\/shop.kustom.ch\/fr\/wp-json\/wp\/v2\/product"}],"about":[{"href":"https:\/\/shop.kustom.ch\/fr\/wp-json\/wp\/v2\/types\/product"}],"wp:featuredmedia":[{"embeddable":true,"href":"https:\/\/shop.kustom.ch\/fr\/wp-json\/wp\/v2\/media\/564024"}],"wp:attachment":[{"href":"https:\/\/shop.kustom.ch\/fr\/wp-json\/wp\/v2\/media?parent=563964"}],"wp:term":[{"taxonomy":"product_brand","embeddable":true,"href":"https:\/\/shop.kustom.ch\/fr\/wp-json\/wp\/v2\/product_brand?post=563964"},{"taxonomy":"product_cat","embeddable":true,"href":"https:\/\/shop.kustom.ch\/fr\/wp-json\/wp\/v2\/product_cat?post=563964"},{"taxonomy":"product_tag","embeddable":true,"href":"https:\/\/shop.kustom.ch\/fr\/wp-json\/wp\/v2\/product_tag?post=563964"}],"curies":[{"name":"wp","href":"https:\/\/api.w.org\/{rel}","templated":true}]}}