{"id":563936,"date":"2025-03-04T05:16:02","date_gmt":"2025-03-04T04:16:02","guid":{"rendered":"https:\/\/shop.kustom.ch\/?post_type=product&#038;p=563936"},"modified":"2026-03-31T07:39:19","modified_gmt":"2026-03-31T06:39:19","slug":"jacke-industry-3","status":"publish","type":"product","link":"https:\/\/shop.kustom.ch\/fr\/produit\/jacke-industry-3\/","title":{"rendered":"Veste INDUSTRY"},"content":{"rendered":"<p>Triples coutures rabattues sur les manches, les \u00e9paules et les c\u00f4t\u00e9s. Col montant. Fermeture avec rabat de protection contre les intemp\u00e9ries et boutons-pression cach\u00e9s. Poches poitrine avec rabat et boutons-pression cach\u00e9s. Anneau en D. Manches ergonomiques permettant une grande libert\u00e9 de mouvement. Poche pour stylo. Poches sur le devant. Poches int\u00e9rieures. Ceinture avec r\u00e9glage par bouton-pression. Poignets avec r\u00e9glage par bouton-pression. Coutures contrast\u00e9es.<\/p>\n<p>OEKO-TEX\u00ae STANDARD 100 ; ProWash\u00ae - EN ISO 15797<br \/>\n100% Coton<br \/>\nTissu en serg\u00e9. Peut r\u00e9tr\u00e9cir 3-5%.<br \/>\n355 g\/m<br \/>\nLavage \u00e0 95\u00b0 C maximum ; Pas de blanchiment ; S\u00e8che-linge \u00e0 80\u00b0 C maximum ; Repassage \u00e0 haute temp\u00e9rature, 200\u00b0 C maximum ; Nettoyage \u00e0 sec autoris\u00e9<\/p>\n<p><a href=\"https:\/\/mascotsitecore-1ccb8.kxcdn.com\/pdf\/12307-630-010-de.pdf\" target=\"_blank\" rel=\"noopener\"><u>Ouvrir la fiche produit<\/u><\/a><\/p>","protected":false},"excerpt":{"rendered":"<ul>\n<li>Des coutures r\u00e9sistantes \u00e0 triple rabattage sur les manches, les \u00e9paules et les c\u00f4t\u00e9s prolongent la dur\u00e9e de vie du produit.<\/li>\n<li>Fermeture avec une bande de protection contre les intemp\u00e9ries et des boutons-pression cach\u00e9s pour \u00e9viter les rayures.<\/li>\n<li>Anneau en D pour les cl\u00e9s ou les cartes d'identit\u00e9.<\/li>\n<li>Grande libert\u00e9 de mouvement gr\u00e2ce aux manches coup\u00e9es en forme.<\/li>\n<li>Ajustement individuel gr\u00e2ce \u00e0 la taille r\u00e9glable.<\/li>\n<li>Le produit est adapt\u00e9 au lavage industriel.<\/li>\n<\/ul>","protected":false},"featured_media":563961,"template":"","meta":[],"product_brand":[],"product_cat":[4186],"product_tag":[],"class_list":{"0":"post-563936","1":"product","2":"type-product","3":"status-publish","4":"has-post-thumbnail","6":"product_cat-jacken","7":"pa_brand-mascot","8":"pa_brand-type-workwear","9":"pa_filter-color-grau","10":"pa_filter-color-schwarz","12":"first","13":"instock","14":"sale","15":"taxable","16":"shipping-taxable","17":"purchasable","18":"product-type-variable","19":"add-to-wishlist-before_image"},"exclude_global_add_ons":[],"addons":[],"acf":[],"_links":{"self":[{"href":"https:\/\/shop.kustom.ch\/fr\/wp-json\/wp\/v2\/product\/563936"}],"collection":[{"href":"https:\/\/shop.kustom.ch\/fr\/wp-json\/wp\/v2\/product"}],"about":[{"href":"https:\/\/shop.kustom.ch\/fr\/wp-json\/wp\/v2\/types\/product"}],"wp:featuredmedia":[{"embeddable":true,"href":"https:\/\/shop.kustom.ch\/fr\/wp-json\/wp\/v2\/media\/563961"}],"wp:attachment":[{"href":"https:\/\/shop.kustom.ch\/fr\/wp-json\/wp\/v2\/media?parent=563936"}],"wp:term":[{"taxonomy":"product_brand","embeddable":true,"href":"https:\/\/shop.kustom.ch\/fr\/wp-json\/wp\/v2\/product_brand?post=563936"},{"taxonomy":"product_cat","embeddable":true,"href":"https:\/\/shop.kustom.ch\/fr\/wp-json\/wp\/v2\/product_cat?post=563936"},{"taxonomy":"product_tag","embeddable":true,"href":"https:\/\/shop.kustom.ch\/fr\/wp-json\/wp\/v2\/product_tag?post=563936"}],"curies":[{"name":"wp","href":"https:\/\/api.w.org\/{rel}","templated":true}]}}